{"id":3783,"date":"2014-09-12T12:58:55","date_gmt":"2014-09-12T12:58:55","guid":{"rendered":"http:\/\/www.apdiving.com\/en\/?page_id=3783"},"modified":"2015-02-03T14:44:47","modified_gmt":"2015-02-03T14:44:47","slug":"rechargable-battery-pack","status":"publish","type":"page","link":"https:\/\/www.apdiving.eu\/de\/rebreathers\/rechargable-battery-pack\/","title":{"rendered":"Rechargable Battery Pack"},"content":{"rendered":"<div id=\"pl-3783\"  class=\"panel-layout\" ><div id=\"pg-3783-0\"  class=\"panel-grid panel-has-style\" ><div class=\"vgfull vg-spacing panel-row-style panel-row-style-for-3783-0\" ><div class=\"vgRowWrapper\"><div id=\"pgc-3783-0-0\"  class=\"panel-grid-cell\" ><div id=\"panel-3783-0-0-0\" class=\"so-panel widget widget_black-studio-tinymce widget_black_studio_tinymce panel-first-child panel-last-child\" data-index=\"0\" ><div class=\"textwidget\"><br\/><h2 style=\"text-align: center;\">\u00a0WIEDERAUFLADBARES BATTERIE-PAKET<\/h2>\n<h3 style=\"text-align: center;\">Besteht aus zwei separaten Stromversorgungen - B1 &amp; B2 \u2013 fest verkabelt mit den Rebreather-Controllern und bietet nahezu die doppelte Kapazit\u00e4t regul\u00e4rer Batterien<\/h3>\n<p style=\"text-align: center;\">Das wiederaufladbare AP Batterie-Paket und des duale Aufladeger\u00e4t wurden speziell f\u00fcr die mit der Vision-Elektronik ausger\u00fcsteten AP Diving Rebreather entwickelt. Das System ist kompatibel mit der Vision-Elektronik (mit V06.00.00 + Firmware) und ist als Upgrade f\u00fcr bestehende Kunden wie auch als Standardkomponente f\u00fcr neue AP Rebreather vorgesehen.<\/p>\n<p>\u00a0<\/p><\/div><\/div><\/div><\/div><!--vgRowWrapper--><\/div><\/div><div id=\"pg-3783-1\"  class=\"panel-grid panel-has-style\" ><div class=\"vgfull vg-shadow panel-row-style panel-row-style-for-3783-1\" ><div class=\"vgRowWrapper\"><div id=\"pgc-3783-1-0\"  class=\"panel-grid-cell\" ><div class=\"vg-image-widget\"><img decoding=\"async\" src=\"https:\/\/www.apdiving.eu\/de\/wp-content\/uploads\/rechargeable-battery-pack-478-apdiving.jpg\" alt=\"\"\/><span class=\"caption\">Jeff Parker AP &copy;<\/span><\/div><\/div><div id=\"pgc-3783-1-1\"  class=\"panel-grid-cell panel-grid-cell-empty\" ><\/div><div id=\"pgc-3783-1-2\"  class=\"panel-grid-cell\" ><div id=\"panel-3783-1-2-0\" class=\"so-panel widget widget_black-studio-tinymce widget_black_studio_tinymce panel-first-child panel-last-child\" data-index=\"2\" ><div class=\"textwidget\"><ul>\n<li>Batterien B1 &amp; B2\u00a0sind r\u00e4umlich und potenzial-getrennt<\/li>\n<li>Ungef\u00e4hr doppelte Kapazit\u00e4t der bestehenden Batterien \u2013 Wiederaufladung nur alle 15-27 Tauchstunden erforderlich, wenn B2 noch in Reserve ist (Dauer variiert abh\u00e4ngig vom Typ des Solenoid, Arbeitsrate, Temperatur und Hintergrundbeleuchtung)<\/li>\n<li>Intelligentes duales Stromversorgungssystem mit all den \u00fcblichen AP Checks, Warnungen, Anzeigen und automatischem Umschalten auf B2, wenn B1 entladen ist<\/li>\n<li>Verkabelt mit den Rebreather-Controllern, werksseitig montiert und verkapselt\/verschlossen um eine wasserdichte, ununterbrochene Stromversorgung sicherzustellen<\/li>\n<li>Wiederaufladbar am normalen Stromnetz (100-240 V) oder 12 Volt DC Auto- oder Bootbatterie<\/li>\n<li>Einzigartiges Schnellladeger\u00e4t l\u00e4dt von Leer auf Maximal in ca. 4 Stunden auf \u2013 und schaltet nach Fertigstellung auf Erhaltungsladung um<\/li>\n<li>Intelligente Sicherheitsschaltung w\u00e4hrend des Gebrauchs und Aufladens<\/li>\n<li>Wasserdichte Kappe zum Aufschrauben f\u00fcr den Aufladeport<\/li>\n<li>Mehr Bequemlichkeit in entlegenen Gegionen<\/li>\n<li>Deaktivierungsclip f\u00fcr Transport und zum Schutz gegen versehentliches Anschalten<\/li>\n<li>F\u00fcr alle AP Rebreather mit Vision-Elektronik \u2013 als ein Upgrade f\u00fcr bestehende Ger\u00e4te oder als Standard an neuen Ger\u00e4ten ab November 2014<\/li>\n<li>CE-Zulassung<\/li>\n<\/ul>\n<p>\u00a0<\/p>\n<\/div><\/div><\/div><\/div><!--vgRowWrapper--><\/div><\/div><div id=\"pg-3783-2\"  class=\"panel-grid panel-has-style\" ><div class=\"vgfull vg-spacing panel-row-style panel-row-style-for-3783-2\" ><div class=\"vgRowWrapper\"><div id=\"pgc-3783-2-0\"  class=\"panel-grid-cell\" ><div id=\"panel-3783-2-0-0\" class=\"so-panel widget widget_black-studio-tinymce widget_black_studio_tinymce panel-first-child panel-last-child\" data-index=\"3\" ><div class=\"textwidget\"><br\/><h2 style=\"text-align: center;\">SCHNELLLADEGER\u00c4T<\/h2>\n<h3 style=\"text-align: center;\">Das intelligente Schnellladeger\u00e4t l\u00e4dt beide Batterien in ca. 4 Stunden von Leer bis Maximalladung auf und\u00a0 schaltet nach Fertigstellung auf Erhaltungsladung um\u00a0<\/h3><\/div><\/div><\/div><\/div><!--vgRowWrapper--><\/div><\/div><div id=\"pg-3783-3\"  class=\"panel-grid panel-has-style\" ><div class=\"vgfull vg-shadow vg-spacing panel-row-style panel-row-style-for-3783-3\" ><div class=\"vgRowWrapper\"><div id=\"pgc-3783-3-0\"  class=\"panel-grid-cell\" ><div id=\"panel-3783-3-0-0\" class=\"so-panel widget widget_black-studio-tinymce widget_black_studio_tinymce panel-first-child\" data-index=\"4\" ><div class=\"textwidget\"><h4>Rote und Gr\u00fcne Lichtanzeigen zeigen den Ladestatus an<\/h4>\n<\/div><\/div><div class=\"vg_bs_widget\" id=\"widget-3-0-1\"><div class=\"vg_bs_content\"><h2><\/h2><ul class=\"vg_bs_bullets\"><li>Keine Lichtanzeigen \u2013 Ladeger\u00e4t ist nicht ans Stromnetz angeschlossen oder das Ladeger\u00e4t ist nicht korrekt mit dem Rebreatherkopf verbunden<\/li><li>Rot & Gr\u00fcn - B2 ist vollst\u00e4ndig geladen und B1 l\u00e4dt noch<\/li><li>Beide Gr\u00fcn - Beide B1 & B2 sind vollst\u00e4ndig aufgeladen<\/li><\/ul><\/div><div class=\"vg_bs_slides\"><ul><li class=\"vg_bs_slide\"><img decoding=\"async\" src=\"https:\/\/www.apdiving.eu\/de\/wp-content\/uploads\/Battery-charger-both-off-apdiving.jpg\" \/><\/li><li class=\"vg_bs_slide\"><img decoding=\"async\" src=\"https:\/\/www.apdiving.eu\/de\/wp-content\/uploads\/Battery-charger-red-green-apdiving.jpg\" \/><\/li><li class=\"vg_bs_slide\"><img decoding=\"async\" src=\"https:\/\/www.apdiving.eu\/de\/wp-content\/uploads\/Battery-charger-both-green-apdiving.jpg\" \/><\/li><\/ul><\/div><div class=\"clear\">&nbsp;<\/div><\/div><script type=\"text\/javascript\">\n            jQuery(document).ready(function(){\n                                $slider1 = jQuery('#widget-3-0-1 .vg_bs_slides ul').bxSlider({\n                    useCSS: false, minSlides: 1,   maxSlides: 1,slideWidth:478, slideMargin: 0, \n                    controls: false, auto:true, pause:5000, autoStart:true, pager:false,\n                    mode: \"fade\",\n                    onSlideBefore: function($slideElement, oldIndex, newIndex) {\n                        $bullets = $slideElement.closest(\".vg_bs_widget\").find(\".vg_bs_content ul\");\n                        $bullets.children(\"li\").removeClass(\"active\");\n                        $bullets.find(\"li:nth-child(\" + (newIndex +1 ) + \")\").addClass(\"active\");\n                    }\n                });\n                jQuery('#widget-3-0-1 .vg_bs_content ul li').click(function(e){\n                    $slider1.stopAuto();\n                    $slider1.goToSlide(jQuery(this).index());\n                    $slider1.startAuto();\n                });\n            });\n        <\/script><\/div><\/div><!--vgRowWrapper--><\/div><\/div><div id=\"pg-3783-4\"  class=\"panel-grid panel-has-style\" ><div class=\"vgfull vg-spacing panel-row-style panel-row-style-for-3783-4\" ><div class=\"vgRowWrapper\"><div id=\"pgc-3783-4-0\"  class=\"panel-grid-cell\" ><div id=\"panel-3783-4-0-0\" class=\"so-panel widget widget_black-studio-tinymce widget_black_studio_tinymce panel-first-child panel-last-child\" data-index=\"6\" ><div class=\"textwidget\"><p>\u00a0<\/p>\n<h2 style=\"text-align: center;\">\u00a0WELTWEIT AN LAND ODER AUF SEE AUFLADEN\u00a0<\/h2>\n<h3 style=\"text-align: center;\">Das wiederaufladbare Batterie-Paket ist mit<br \/>einem vollst\u00e4ndigen Set internationaler Netzadapter ausgestattet<\/h3>\n<p style=\"text-align: center;\">Das Batterie-Paket kann vom normalen Stromnetz (100-240 V) oder 12 V DC Stromversorgungen aufgeladen werden. Das Set enth\u00e4lt einen vollen Satz internationaler Netzadapter (Typen A, C, G &amp; I) und einen 12 V DC Stromadapter \u2013 f\u00fcr den Gebrauch mit passenden DC Stromanschl\u00fcssen im Auto oder auf dem Boot \u2013 und erlaubt ein Aufladen wo auch immer auf der Welt Sie tauchen.<\/p><\/div><\/div><\/div><\/div><!--vgRowWrapper--><\/div><\/div><div id=\"pg-3783-5\"  class=\"panel-grid panel-has-style\" ><div class=\"vgfull vg-spacing panel-row-style panel-row-style-for-3783-5\" ><div class=\"vgRowWrapper\"><div id=\"pgc-3783-5-0\"  class=\"panel-grid-cell\" ><div class=\"vg-image-widget\"><img decoding=\"async\" src=\"https:\/\/www.apdiving.eu\/de\/wp-content\/uploads\/battery-charger-power-adaptors-apdiving-copy.jpg\" alt=\"\"\/><span class=\"caption\">Jeff Parker AP &copy;<\/span><\/div><\/div><\/div><!--vgRowWrapper--><\/div><\/div><\/div>","protected":false},"excerpt":{"rendered":"<p>\u00a0WIEDERAUFLADBARES BATTERIE-PAKET Besteht aus zwei separaten Stromversorgungen &#8211; B1 &amp; B2 \u2013 fest verkabelt mit den Rebreather-Controllern und bietet nahezu die doppelte Kapazit\u00e4t regul\u00e4rer Batterien Das wiederaufladbare AP Batterie-Paket und des duale Aufladeger\u00e4t wurden speziell f\u00fcr die mit der Vision-Elektronik ausger\u00fcsteten AP Diving Rebreather entwickelt. Das System ist kompatibel mit der Vision-Elektronik (mit V06.00.00 + <a href=\"https:\/\/www.apdiving.eu\/de\/rebreathers\/rechargable-battery-pack\/\">[Read More &hellip;]<\/a><\/p>\n","protected":false},"author":4,"featured_media":0,"parent":7,"menu_order":0,"comment_status":"open","ping_status":"open","template":"","meta":{"footnotes":""},"class_list":["post-3783","page","type-page","status-publish","hentry"],"_links":{"self":[{"href":"https:\/\/www.apdiving.eu\/de\/wp-json\/wp\/v2\/pages\/3783","targetHints":{"allow":["GET"]}}],"collection":[{"href":"https:\/\/www.apdiving.eu\/de\/wp-json\/wp\/v2\/pages"}],"about":[{"href":"https:\/\/www.apdiving.eu\/de\/wp-json\/wp\/v2\/types\/page"}],"author":[{"embeddable":true,"href":"https:\/\/www.apdiving.eu\/de\/wp-json\/wp\/v2\/users\/4"}],"replies":[{"embeddable":true,"href":"https:\/\/www.apdiving.eu\/de\/wp-json\/wp\/v2\/comments?post=3783"}],"version-history":[{"count":2,"href":"https:\/\/www.apdiving.eu\/de\/wp-json\/wp\/v2\/pages\/3783\/revisions"}],"predecessor-version":[{"id":3787,"href":"https:\/\/www.apdiving.eu\/de\/wp-json\/wp\/v2\/pages\/3783\/revisions\/3787"}],"up":[{"embeddable":true,"href":"https:\/\/www.apdiving.eu\/de\/wp-json\/wp\/v2\/pages\/7"}],"wp:attachment":[{"href":"https:\/\/www.apdiving.eu\/de\/wp-json\/wp\/v2\/media?parent=3783"}],"curies":[{"name":"wp","href":"https:\/\/api.w.org\/{rel}","templated":true}]}}