{"id":3739,"date":"2014-09-08T11:53:07","date_gmt":"2014-09-08T11:53:07","guid":{"rendered":"http:\/\/www.apdiving.com\/en\/?page_id=3739"},"modified":"2015-09-08T09:09:50","modified_gmt":"2015-09-08T09:09:50","slug":"hus-head-up-screen","status":"publish","type":"page","link":"https:\/\/www.apdiving.eu\/de\/rebreathers\/hus-head-up-screen\/","title":{"rendered":"HUS | Head-up-screen"},"content":{"rendered":"<div id=\"pl-3739\"  class=\"panel-layout\" ><div id=\"pg-3739-0\"  class=\"panel-grid panel-has-style\" ><div class=\"vgfull  panel-row-style panel-row-style-for-3739-0\" ><div class=\"vgRowWrapper\"><div id=\"pgc-3739-0-0\"  class=\"panel-grid-cell\" ><div id=\"panel-3739-0-0-0\" class=\"so-panel widget widget_black-studio-tinymce widget_black_studio_tinymce panel-first-child panel-last-child\" data-index=\"0\" ><div class=\"textwidget\"><h2 style=\"text-align: center;\">\u00a0<\/h2>\n<h2 style=\"text-align: center;\">DER AP HUS - HEAD-UP SCREEN<\/h2>\n<h3 style=\"text-align: center;\">Live Rebreather- und Deko-Informationen\u00a0auf einen Blick<\/h3>\n<\/div><\/div><\/div><\/div><!--vgRowWrapper--><\/div><\/div><div id=\"pg-3739-1\"  class=\"panel-grid panel-has-style\" ><div class=\"vgfull vg-shadow vg-spacing panel-row-style panel-row-style-for-3739-1\" ><div class=\"vgRowWrapper\"><div id=\"pgc-3739-1-0\"  class=\"panel-grid-cell\" ><div class=\"vg-image-widget\"><img decoding=\"async\" src=\"https:\/\/www.apdiving.eu\/de\/wp-content\/uploads\/hus-focal-render.jpg\" alt=\"\"\/><\/div><\/div><div id=\"pgc-3739-1-1\"  class=\"panel-grid-cell panel-grid-cell-empty\" ><\/div><div id=\"pgc-3739-1-2\"  class=\"panel-grid-cell\" ><div id=\"panel-3739-1-2-0\" class=\"so-panel widget widget_black-studio-tinymce widget_black_studio_tinymce panel-first-child panel-last-child\" data-index=\"2\" ><div class=\"textwidget\"><h3>Im \u00dcberblick...<\/h3>\n<ul>\n<li>Rebreatherstatus in Sichtweite\u00a0- w\u00e4hrend des gesamten Tauchgangs<\/li>\n<li>Lebendiges, klares OLED Farbdisplay\u00a0- mit exzellenter Lesbarkeit sogar bei sehr schlechten Sichtweiten<\/li>\n<li>Echtzeit-Tauchinformationen\u00a0- direkt zum Auge des Tauchers transportiert<\/li>\n<li>Vergr\u00f6\u00dfertes virtuelles Bild wird vor den Taucher projiziert f\u00fcr au\u00dfergew\u00f6hnliche Bildsch\u00e4rfe<\/li>\n<li>Situationsbedingte F\u00e4rbung von Text und Graphiken f\u00fcr intuitiv verst\u00e4ndliche Information von Status\u00e4nderungen - Gr\u00fcn = gut\/sicher, Gelb= Info-Signal\/Alarm, Rot = Warnung<\/li>\n<li>Neue graphische Anzeige der Aufstiegsgeschwindigkeit und Deko-Tiefen<\/li>\n<li>Hervorragend einstellbare Gelenkbefestigung erlaubt eine Positionierung ganz nach individuellen Vorlieben<\/li>\n<li>Geringer Energieverbrauch \u2013 Stromversorgung durch die duale Energieversorgung des Rebreathers<\/li>\n<li>Upgrade-Pfad f\u00fcr alle AP Rebreather mit Vision-Elektronik<\/li>\n<li>Ideal f\u00fcr Fotografen, Filmer, oder jeden der unter Wasser die H\u00e4nde zum arbeiten oder \u201espielen\u201c frei und trotzdem alle Werte immer im Blick haben m\u00f6chte<\/li>\n<li>CE -Zulassung<\/li>\n<\/ul>\n<\/div><\/div><\/div><\/div><!--vgRowWrapper--><\/div><\/div><div id=\"pg-3739-2\"  class=\"panel-grid panel-no-style\" ><div class=\"vgRowWrapper\"><div id=\"pgc-3739-2-0\"  class=\"panel-grid-cell\" ><div id=\"panel-3739-2-0-0\" class=\"so-panel widget widget_black-studio-tinymce widget_black_studio_tinymce panel-first-child panel-last-child\" data-index=\"3\" ><div class=\"textwidget\"><h2 style=\"text-align: center;\">\u00a0<\/h2>\n<h2 style=\"text-align: center;\">THE AP HUS - HEADS-UP SCREEN<\/h2>\n<h3 class=\"null\" style=\"text-align: center;\">Sekund\u00e4ranzeige nah am Auge und die H\u00e4nde frei \u2013 als Upgrade f\u00fcr bestehende und neue Ger\u00e4te\u00a0<\/h3>\n<\/div><\/div><\/div><\/div><!--vgRowWrapper--><\/div><div id=\"pg-3739-3\"  class=\"panel-grid panel-has-style\" ><div class=\"vgfull vg-shadow vg-spacing panel-row-style panel-row-style-for-3739-3\" ><div class=\"vgRowWrapper\"><div id=\"pgc-3739-3-0\"  class=\"panel-grid-cell\" ><div id=\"panel-3739-3-0-0\" class=\"so-panel widget widget_black-studio-tinymce widget_black_studio_tinymce panel-first-child panel-last-child\" data-index=\"4\" ><div class=\"textwidget\"><p>Der AP HUS oder Head-Up-Screen ist eine Sekund\u00e4ranzeige nah am Auge und f\u00fcr freie H\u00e4nde, die dem Taucher Echtzeit-Informationen direkt von der Elektronik der Sauerstoff-Controller anzeigt.<\/p>\n<p>Das Farbdisplay \u00fcbermittelt alle wichtigen Informationen zum Rebreatherstatus mit dem Zusatznutzen situationsbedingter Farbgebung, um den aktuellen Status der bereitgestellten Daten und Informationen noch hervorzuheben.<\/p>\n<p>Er ist am Rebreather-Mundst\u00fcck mit einem frei einstellbaren Gelenkarm befestigt und erm\u00f6glicht eine ma\u00dfgeschneiderte Positionierung des Ger\u00e4tes f\u00fcr einen optimalen Blick auf das Display ohne die Sicht des Tauchers auf die Tauchumgebung zu beeintr\u00e4chtigen.\u00a0<\/p>\n<p>Der HUS kommt werksseitig am Rebreatherkopf montiert. Er ist mit den Controllern durch das neue Buzzergeh\u00e4use hindurch verkabelt.<\/p>\n<p>Der HUS wurde speziell zum Gebrauch mit den AP Diving Rebreathern mit Vision-Elektronik entwickelt und ist als Upgrade ebenso f\u00fcr bestehende Kunden wie als optionaler Bestandteil eines neuen AP Rebreathers vorgesehen.<\/p><\/div><\/div><\/div><div id=\"pgc-3739-3-1\"  class=\"panel-grid-cell panel-grid-cell-empty\" ><\/div><div id=\"pgc-3739-3-2\"  class=\"panel-grid-cell\" ><div class=\"vg_bs_nb_widget\" id=\"widget-3-2-0\"><div class=\"vg_bs_slides\"><ul><li class=\"vg_bs_slide\"><img decoding=\"async\" src=\"https:\/\/www.apdiving.eu\/de\/wp-content\/uploads\/hus-front-478.jpg\" \/><\/li><li class=\"vg_bs_slide\"><img decoding=\"async\" src=\"https:\/\/www.apdiving.eu\/de\/wp-content\/uploads\/hus-side-478.jpg\" \/><\/li><li class=\"vg_bs_slide\"><img decoding=\"async\" src=\"https:\/\/www.apdiving.eu\/de\/wp-content\/uploads\/HUS-heads-up-screen-articulated-mounting-arm-478-apdiving.jpg\" \/><\/li><li class=\"vg_bs_slide\"><img decoding=\"async\" src=\"https:\/\/www.apdiving.eu\/de\/wp-content\/uploads\/HUS-heads-up-screen-buzzer-connection-478-apdiving.jpg\" \/><\/li><li class=\"vg_bs_slide\"><img decoding=\"async\" src=\"https:\/\/www.apdiving.eu\/de\/wp-content\/uploads\/hus-rear-478.jpg\" \/><\/li><li class=\"vg_bs_slide\"><img decoding=\"async\" src=\"https:\/\/www.apdiving.eu\/de\/wp-content\/uploads\/hus-on-location-apdiving.jpg\" \/><\/li><li class=\"vg_bs_slide\"><img decoding=\"async\" src=\"https:\/\/www.apdiving.eu\/de\/wp-content\/uploads\/hus-insitu-apdiving.jpg\" \/><\/li><li class=\"vg_bs_slide\"><img decoding=\"async\" src=\"https:\/\/www.apdiving.eu\/de\/wp-content\/uploads\/hus-insitu-copyright-mike-theredge-apdiving.jpg\" \/><\/li><\/ul><\/div><div class=\"clear\">&nbsp;<\/div><\/div><script type=\"text\/javascript\">\n            jQuery(document).ready(function(){\n                $slider = jQuery('#widget-3-2-0 .vg_bs_slides ul').bxSlider({\n                    useCSS: false,minSlides: 1,   maxSlides: 1,slideWidth:478, slideMargin: 0, \n                    controls: false, auto:true, pause:5000, autoStart:true, pager:false,\n                    mode: \"fade\"\n                });\n\n            });\n        <\/script><\/div><\/div><!--vgRowWrapper--><\/div><\/div><div id=\"pg-3739-4\"  class=\"panel-grid panel-has-style\" ><div class=\"vgfull vg-shadow vg-spacing panel-row-style panel-row-style-for-3739-4\" ><div class=\"vgRowWrapper\"><div id=\"pgc-3739-4-0\"  class=\"panel-grid-cell\" ><div id=\"panel-3739-4-0-0\" class=\"so-panel widget widget_black-studio-tinymce widget_black_studio_tinymce panel-first-child\" data-index=\"6\" ><div class=\"textwidget\"><h2 style=\"text-align: center;\">\u00a0<\/h2>\n<h2 style=\"text-align: center;\">DAS AP HUS - DISPLAY<\/h2>\n<h3 style=\"text-align: center;\">Situationsbedingte Farbgebung von Text und Graphiken bietet klare, intuitiv verst\u00e4ndliche Kommunikation des Rebreather-Status und von Signalen und Warnungen.<\/h3>\n<\/div><\/div><div class=\"vg_bs_widget\" id=\"widget-4-0-1\"><div class=\"vg_bs_content\"><h2><\/h2><ul class=\"vg_bs_bullets\"><li>Nach einer erfolgreich erfolgten Kalibrierung zeigt der HUS den 'Oberfl\u00e4chenmodus'-Bildschirm an<\/li><li>Im Tauchmodus weisen gr\u00fcne oder wei\u00dfe Texte und Graphiken auf \u201einnerhalb der angemessenen Grenzen\u201c hin<\/li><li>Sobald Dekopflicht eintritt, werden Informations-Signale\/Alarme wie z.B. Time to Surface (TTS) und Dekotiefe in Gelb angezeigt<\/li><li>Falls beim Aufstieg gegen die Dekotiefe f\u00fcr mehr als eine Minute versto\u00dfen wird, werden die <\/br>Estimated Time to Surface (EST) und Dekotiefe in Rot angezeigt<\/li><li>Die situationsbedingte Farbgebung transportiert klare, unmissverst\u00e4ndliche Warnungen in Rot<\/li><li>Der HUS zeigt ebenfalls an, welcher Controller oder welche Batterie die Warnung erzeugt<\/li><\/ul><\/div><div class=\"vg_bs_slides\"><ul><li class=\"vg_bs_slide\"><img decoding=\"async\" src=\"https:\/\/www.apdiving.eu\/de\/wp-content\/uploads\/DE-surface-mode.jpg\" \/><\/li><li class=\"vg_bs_slide\"><img decoding=\"async\" src=\"https:\/\/www.apdiving.eu\/de\/wp-content\/uploads\/DE-divemode1.jpg\" \/><\/li><li class=\"vg_bs_slide\"><img decoding=\"async\" src=\"https:\/\/www.apdiving.eu\/de\/wp-content\/uploads\/DE-divemode2.jpg\" \/><\/li><li class=\"vg_bs_slide\"><img decoding=\"async\" src=\"https:\/\/www.apdiving.eu\/de\/wp-content\/uploads\/DE-divemode3.jpg\" \/><\/li><li class=\"vg_bs_slide\"><img decoding=\"async\" src=\"https:\/\/www.apdiving.eu\/de\/wp-content\/uploads\/DE-warnings1.jpg\" \/><\/li><li class=\"vg_bs_slide\"><img decoding=\"async\" src=\"https:\/\/www.apdiving.eu\/de\/wp-content\/uploads\/DE-warnings2.jpg\" \/><\/li><\/ul><\/div><div class=\"clear\">&nbsp;<\/div><\/div><script type=\"text\/javascript\">\n            jQuery(document).ready(function(){\n                                $slider1 = jQuery('#widget-4-0-1 .vg_bs_slides ul').bxSlider({\n                    useCSS: false, minSlides: 1,   maxSlides: 1,slideWidth:478, slideMargin: 0, \n                    controls: false, auto:true, pause:5000, autoStart:true, pager:false,\n                    mode: \"fade\",\n                    onSlideBefore: function($slideElement, oldIndex, newIndex) {\n                        $bullets = $slideElement.closest(\".vg_bs_widget\").find(\".vg_bs_content ul\");\n                        $bullets.children(\"li\").removeClass(\"active\");\n                        $bullets.find(\"li:nth-child(\" + (newIndex +1 ) + \")\").addClass(\"active\");\n                    }\n                });\n                jQuery('#widget-4-0-1 .vg_bs_content ul li').click(function(e){\n                    $slider1.stopAuto();\n                    $slider1.goToSlide(jQuery(this).index());\n                    $slider1.startAuto();\n                });\n            });\n        <\/script><div id=\"panel-3739-4-0-2\" class=\"so-panel widget widget_black-studio-tinymce widget_black_studio_tinymce panel-last-child\" data-index=\"8\" ><div class=\"textwidget\"><p>\u00a0<\/p>\n<p>\u00a0<\/p>\n<\/div><\/div><\/div><\/div><!--vgRowWrapper--><\/div><\/div><div id=\"pg-3739-5\"  class=\"panel-grid panel-has-style\" ><div class=\"vgfull vg-shadow vg-spacing panel-row-style panel-row-style-for-3739-5\" ><div class=\"vgRowWrapper\"><div id=\"pgc-3739-5-0\"  class=\"panel-grid-cell\" ><div id=\"panel-3739-5-0-0\" class=\"so-panel widget widget_black-studio-tinymce widget_black_studio_tinymce panel-first-child\" data-index=\"9\" ><div class=\"textwidget\"><h2 style=\"text-align: center;\">\u00a0<\/h2>\n<h2 style=\"text-align: center;\">DEKORIERE UND AUFSTIEGSGESCHWINDIGKEIT<\/h2>\n<h3 style=\"text-align: center;\">Neue situationsbedingte Farbgebung der graphischen Anzeigen\u00a0<\/h3>\n<\/div><\/div><div class=\"vg_bs_widget\" id=\"widget-5-0-1\"><div class=\"vg_bs_content\"><h2><\/h2><ul class=\"vg_bs_bullets\"><li>Die gr\u00fcne Kurve auf der linken Seite zeigt Dekotiefe in Relation zur aktuellen Tiefe an<\/li><li>Wenn keine weiteren Stopps erforderlich sind, wechselt auf der Dekostopp-Tiefe das Gr\u00fcn in eine durchweg graue Kurv<\/li><li>Wenn die gegen  Dekotiefe versto\u00dfen wird, wird die normale 'DOWN'-Warnung angezeigt<\/li><li>Die Dekotiefen-Kurve wechselt auf rot und falls gegen diese weiter versto\u00dfen wird, wird eine EST <\/br>Estimated Time to Surface angezeigt<\/li><li>Die gr\u00fcne Kurve auf der rechten Seite zeigt die Aufstiegsgeschwindigkeit in den normalen Grenzen<\/li><li>Die Kurve wechselt auf gelb, um dem Taucher eine mittlere Aufstiegsgeschwindigkeit zu signalisieren<\/li><li>Die Kurve wird rot, um vor zu schnellem Aufstieg zu warnen und die normale Textwarnung wird<\/br> angezeigt<\/li><\/ul><\/div><div class=\"vg_bs_slides\"><ul><li class=\"vg_bs_slide\"><img decoding=\"async\" src=\"https:\/\/www.apdiving.eu\/de\/wp-content\/uploads\/DE-ceiling1.jpg\" \/><\/li><li class=\"vg_bs_slide\"><img decoding=\"async\" src=\"https:\/\/www.apdiving.eu\/de\/wp-content\/uploads\/DE-ceiling2.jpg\" \/><\/li><li class=\"vg_bs_slide\"><img decoding=\"async\" src=\"https:\/\/www.apdiving.eu\/de\/wp-content\/uploads\/DE-ceiling3.jpg\" \/><\/li><li class=\"vg_bs_slide\"><img decoding=\"async\" src=\"https:\/\/www.apdiving.eu\/de\/wp-content\/uploads\/DE-ceiling4.jpg\" \/><\/li><li class=\"vg_bs_slide\"><img decoding=\"async\" src=\"https:\/\/www.apdiving.eu\/de\/wp-content\/uploads\/DE-ascentrate1.jpg\" \/><\/li><li class=\"vg_bs_slide\"><img decoding=\"async\" src=\"https:\/\/www.apdiving.eu\/de\/wp-content\/uploads\/DE-ascentrate2.jpg\" \/><\/li><li class=\"vg_bs_slide\"><img decoding=\"async\" src=\"https:\/\/www.apdiving.eu\/de\/wp-content\/uploads\/DE-ascentrate3.jpg\" \/><\/li><\/ul><\/div><div class=\"clear\">&nbsp;<\/div><\/div><script type=\"text\/javascript\">\n            jQuery(document).ready(function(){\n                                $slider2 = jQuery('#widget-5-0-1 .vg_bs_slides ul').bxSlider({\n                    useCSS: false, minSlides: 1,   maxSlides: 1,slideWidth:478, slideMargin: 0, \n                    controls: false, auto:true, pause:5000, autoStart:true, pager:false,\n                    mode: \"fade\",\n                    onSlideBefore: function($slideElement, oldIndex, newIndex) {\n                        $bullets = $slideElement.closest(\".vg_bs_widget\").find(\".vg_bs_content ul\");\n                        $bullets.children(\"li\").removeClass(\"active\");\n                        $bullets.find(\"li:nth-child(\" + (newIndex +1 ) + \")\").addClass(\"active\");\n                    }\n                });\n                jQuery('#widget-5-0-1 .vg_bs_content ul li').click(function(e){\n                    $slider2.stopAuto();\n                    $slider2.goToSlide(jQuery(this).index());\n                    $slider2.startAuto();\n                });\n            });\n        <\/script><div id=\"panel-3739-5-0-2\" class=\"so-panel widget widget_black-studio-tinymce widget_black_studio_tinymce panel-last-child\" data-index=\"11\" ><div class=\"textwidget\"><p>\u00a0<\/p>\n<p>\u00a0<\/p>\n<\/div><\/div><\/div><\/div><!--vgRowWrapper--><\/div><\/div><div id=\"pg-3739-6\"  class=\"panel-grid panel-has-style\" ><div class=\"vgfull  panel-row-style panel-row-style-for-3739-6\" ><div class=\"vgRowWrapper\"><div id=\"pgc-3739-6-0\"  class=\"panel-grid-cell\" ><div id=\"panel-3739-6-0-0\" class=\"so-panel widget widget_black-studio-tinymce widget_black_studio_tinymce panel-first-child panel-last-child\" data-index=\"12\" ><div class=\"textwidget\"><h2 style=\"text-align: center;\">\u00a0<\/h2>\n<h2 style=\"text-align: center;\">SCHAUEN SIE SICH DAS VIDEO AN<\/h2>\n<h3 style=\"text-align: center;\">Machen Sie eine virtuelle Tour am AP HUS - Head-Up-Screen<\/h3>\n<\/div><\/div><\/div><\/div><!--vgRowWrapper--><\/div><\/div><div id=\"pg-3739-7\"  class=\"panel-grid panel-has-style\" ><div class=\"vgfull  panel-row-style panel-row-style-for-3739-7\" ><div class=\"vgRowWrapper\"><div id=\"pgc-3739-7-0\"  class=\"panel-grid-cell\" ><div class=\"vg_vg_single_widget\"><iframe loading=\"lazy\" id=\"ytplayer\" type=\"text\/html\" width=\"970\" height=\"546\" src=\"https:\/\/www.youtube.com\/embed\/Idmk2MnpYEg?autoplay=0&autohide=1&modestbranding=1&rel=0&showinfo=0&theme=light\" frameborder=\"0\" ><\/iframe><\/div><div id=\"panel-3739-7-0-1\" class=\"so-panel widget widget_black-studio-tinymce widget_black_studio_tinymce panel-last-child\" data-index=\"14\" ><div class=\"textwidget\"><p>\u00a0<\/p>\n<p>\u00a0<\/p><\/div><\/div><\/div><\/div><!--vgRowWrapper--><\/div><\/div><\/div>","protected":false},"excerpt":{"rendered":"<p>\u00a0 DER AP HUS &#8211; HEAD-UP SCREEN Live Rebreather- und Deko-Informationen\u00a0auf einen Blick Im \u00dcberblick&#8230; Rebreatherstatus in Sichtweite\u00a0&#8211; w\u00e4hrend des gesamten Tauchgangs Lebendiges, klares OLED Farbdisplay\u00a0&#8211; mit exzellenter Lesbarkeit sogar bei sehr schlechten Sichtweiten Echtzeit-Tauchinformationen\u00a0&#8211; direkt zum Auge des Tauchers transportiert Vergr\u00f6\u00dfertes virtuelles Bild wird vor den Taucher projiziert f\u00fcr au\u00dfergew\u00f6hnliche Bildsch\u00e4rfe Situationsbedingte F\u00e4rbung von <a href=\"https:\/\/www.apdiving.eu\/de\/rebreathers\/hus-head-up-screen\/\">[Read More &hellip;]<\/a><\/p>\n","protected":false},"author":4,"featured_media":0,"parent":7,"menu_order":0,"comment_status":"open","ping_status":"open","template":"","meta":{"footnotes":""},"class_list":["post-3739","page","type-page","status-publish","hentry"],"_links":{"self":[{"href":"https:\/\/www.apdiving.eu\/de\/wp-json\/wp\/v2\/pages\/3739","targetHints":{"allow":["GET"]}}],"collection":[{"href":"https:\/\/www.apdiving.eu\/de\/wp-json\/wp\/v2\/pages"}],"about":[{"href":"https:\/\/www.apdiving.eu\/de\/wp-json\/wp\/v2\/types\/page"}],"author":[{"embeddable":true,"href":"https:\/\/www.apdiving.eu\/de\/wp-json\/wp\/v2\/users\/4"}],"replies":[{"embeddable":true,"href":"https:\/\/www.apdiving.eu\/de\/wp-json\/wp\/v2\/comments?post=3739"}],"version-history":[{"count":5,"href":"https:\/\/www.apdiving.eu\/de\/wp-json\/wp\/v2\/pages\/3739\/revisions"}],"predecessor-version":[{"id":3765,"href":"https:\/\/www.apdiving.eu\/de\/wp-json\/wp\/v2\/pages\/3739\/revisions\/3765"}],"up":[{"embeddable":true,"href":"https:\/\/www.apdiving.eu\/de\/wp-json\/wp\/v2\/pages\/7"}],"wp:attachment":[{"href":"https:\/\/www.apdiving.eu\/de\/wp-json\/wp\/v2\/media?parent=3739"}],"curies":[{"name":"wp","href":"https:\/\/api.w.org\/{rel}","templated":true}]}}