{"id":3402,"date":"2014-04-30T09:59:58","date_gmt":"2014-04-30T09:59:58","guid":{"rendered":"http:\/\/www.apdiving.com\/en\/?page_id=3402"},"modified":"2022-04-26T12:36:26","modified_gmt":"2022-04-26T12:36:26","slug":"configurator","status":"publish","type":"page","link":"https:\/\/www.apdiving.eu\/de\/rebreathers\/configurator\/","title":{"rendered":"Configurator"},"content":{"rendered":"<div id=\"pl-3402\"  class=\"panel-layout\" ><div id=\"pg-3402-0\"  class=\"panel-grid panel-has-style\" ><div class=\"vgfull vg-spacing panel-row-style panel-row-style-for-3402-0\" ><div class=\"vgRowWrapper\"><div id=\"pgc-3402-0-0\"  class=\"panel-grid-cell panel-grid-cell-empty\" ><\/div><div id=\"pgc-3402-0-1\"  class=\"panel-grid-cell panel-grid-cell-mobile-last\" ><div id=\"panel-3402-0-1-0\" class=\"so-panel widget widget_black-studio-tinymce widget_black_studio_tinymce panel-first-child panel-last-child\" data-index=\"0\" ><div class=\"textwidget\"><h2><strong>Konfigurieren Sie Ihren Rebreather<\/strong><\/h2>\n<p><strong>Der AP Konfigurator erlaubt Ihnen schrittweise durch die einzelnen Auswahlm\u00f6glichkeiten zu gehen, wenn Sie den Kauf eines neuen Inspiration in Betracht ziehen. Sie k\u00f6nnen Sich dabei vorab die entstehenden Kosten anzeigen lassen und eine vorl\u00e4ufige Wunschliste Ihres zusammengestellten Ger\u00e4tes erstellen und an uns senden.<\/strong><\/p>\n<p>Wir werden dann Kontakt mit Ihnen aufnehmen und diese W\u00fcnsche mit Ihnen besprechen und Ihre gew\u00e4hlten Ausstattungsmerkmale best\u00e4tigen bevor Sie entscheiden, ob Sie fortfahren und eine Bestellung platzieren wollen.<\/p>\n<p>Innerhalb des Konfigurators gibt es gibt zu jeder Auswahlm\u00f6glichkeit Informationen und auch Links zu den relevanten Abschnitten im Rebreather\u201cprospekt\u201c auf der Website. Wenn Sie statt dessen lieber die vielf\u00e4ltigen Upgrade-Komponenten und erh\u00e4ltlichen Gr\u00f6\u00dfen f\u00fcr jedes Inspiration studieren m\u00f6chten, bevor Sie sich an die Zusammenstellung Ihres Ger\u00e4tes machen, so k\u00f6nnen Sie diese Informationen hier nachlesen: Rebreather Ausstattungen<\/p>\n<p>Falls Sie auf der Suche nach Instructoren in Ihrer N\u00e4he sind, k\u00f6nnen Sie in unserer Instructor-Datenbank einen Ausbilder finden.<\/p>\n<p><strong>Neu beim Rebreather-Tauchen? Bitten Sie Ihren Instructor, Ihnen bei der Konfiguration Ihres Ger\u00e4tes zu helfen. Oder Sie k\u00f6nnen uns unter +44 (0)1326 563 834 anrufen, wenn Sie an einer Stelle Rat ben\u00f6tigen.<\/strong>\u2028<\/p>\n<\/div><\/div><\/div><div id=\"pgc-3402-0-2\"  class=\"panel-grid-cell panel-grid-cell-empty\" ><\/div><\/div><!--vgRowWrapper--><\/div><\/div><\/div>","protected":false},"excerpt":{"rendered":"<p>Konfigurieren Sie Ihren Rebreather Der AP Konfigurator erlaubt Ihnen schrittweise durch die einzelnen Auswahlm\u00f6glichkeiten zu gehen, wenn Sie den Kauf eines neuen Inspiration in Betracht ziehen. Sie k\u00f6nnen Sich dabei vorab die entstehenden Kosten anzeigen lassen und eine vorl\u00e4ufige Wunschliste Ihres zusammengestellten Ger\u00e4tes erstellen und an uns senden. Wir werden dann Kontakt mit Ihnen aufnehmen <a href=\"https:\/\/www.apdiving.eu\/de\/rebreathers\/configurator\/\">[Read More &hellip;]<\/a><\/p>\n","protected":false},"author":4,"featured_media":0,"parent":7,"menu_order":0,"comment_status":"open","ping_status":"open","template":"configurator.php","meta":{"footnotes":""},"class_list":["post-3402","page","type-page","status-publish","hentry"],"_links":{"self":[{"href":"https:\/\/www.apdiving.eu\/de\/wp-json\/wp\/v2\/pages\/3402","targetHints":{"allow":["GET"]}}],"collection":[{"href":"https:\/\/www.apdiving.eu\/de\/wp-json\/wp\/v2\/pages"}],"about":[{"href":"https:\/\/www.apdiving.eu\/de\/wp-json\/wp\/v2\/types\/page"}],"author":[{"embeddable":true,"href":"https:\/\/www.apdiving.eu\/de\/wp-json\/wp\/v2\/users\/4"}],"replies":[{"embeddable":true,"href":"https:\/\/www.apdiving.eu\/de\/wp-json\/wp\/v2\/comments?post=3402"}],"version-history":[{"count":1,"href":"https:\/\/www.apdiving.eu\/de\/wp-json\/wp\/v2\/pages\/3402\/revisions"}],"predecessor-version":[{"id":3958,"href":"https:\/\/www.apdiving.eu\/de\/wp-json\/wp\/v2\/pages\/3402\/revisions\/3958"}],"up":[{"embeddable":true,"href":"https:\/\/www.apdiving.eu\/de\/wp-json\/wp\/v2\/pages\/7"}],"wp:attachment":[{"href":"https:\/\/www.apdiving.eu\/de\/wp-json\/wp\/v2\/media?parent=3402"}],"curies":[{"name":"wp","href":"https:\/\/api.w.org\/{rel}","templated":true}]}}