{"id":2374,"date":"2014-01-30T17:12:19","date_gmt":"2014-01-30T17:12:19","guid":{"rendered":"http:\/\/ap.msurl.net\/blog\/?page_id=2374"},"modified":"2021-11-03T11:21:46","modified_gmt":"2021-11-03T11:21:46","slug":"security-policy","status":"publish","type":"page","link":"https:\/\/www.apdiving.eu\/de\/security-policy\/","title":{"rendered":"Security Policy"},"content":{"rendered":"<div id=\"pl-2374\"  class=\"panel-layout\" ><div id=\"pg-2374-0\"  class=\"panel-grid panel-has-style\" ><div class=\"vgfull  panel-row-style panel-row-style-for-2374-0\" ><div class=\"vgRowWrapper\"><div id=\"pgc-2374-0-0\"  class=\"panel-grid-cell panel-grid-cell-empty\" ><\/div><div id=\"pgc-2374-0-1\"  class=\"panel-grid-cell panel-grid-cell-mobile-last\" ><div id=\"panel-2374-0-1-0\" class=\"so-panel widget widget_black-studio-tinymce widget_black_studio_tinymce panel-first-child panel-last-child\" data-index=\"0\" ><div class=\"textwidget\"><h1 style=\"text-align: center;\">\nSICHERHEIT BEI APDIVING.COM<\/h1>\n<h3 style=\"text-align: center;\">Genie\u00dfen Sie ein 100% sicheres Einkaufserlebnis<\/h3>\n<p>&nbsp;<\/p>\n<p>AP Diving nimmt Sicherheit sehr ernst. Unsere Website ist 100% sicher und wird regelm\u00e4\u00dfig getestet und gepr\u00fcft, um zu gew\u00e4hrleisten, dass Sie Best Practices entspricht. Wir garantieren, dass jeder Kauf, den Sie in unserem Onlineshop t\u00e4tigen, eine sichere Transaktion ist. Unsere Seite verwendet die besten gewerblich erh\u00e4ltlichen Verschl\u00fcsselungsmethoden, 256-bit Secure Socket Layer (SSL),\u00a0gesichert und beschleunigt durch Cloudflare mit vollst\u00e4ndiger SSL\/TLS-End-to-End-Verschl\u00fcsselung. Dies sichert, dass Ihre Transaktionen sicher sind und Ihre Kundendetails nicht gestohlen oder weitergesendet werden k\u00f6nnen. Achten Sie auf ein Schloss-Symbol in der Statusleiste Ihres Browsers, wenn Sie starten.<\/p>\n<h3>\u00a0<\/h3>\n<h3>Sie werden gesch\u00fctzt von...<\/h3>\n<\/div><\/div><\/div><div id=\"pgc-2374-0-2\"  class=\"panel-grid-cell panel-grid-cell-empty\" ><\/div><\/div><!--vgRowWrapper--><\/div><\/div><div id=\"pg-2374-1\"  class=\"panel-grid panel-has-style\" ><div class=\"vgfull vg-spacing panel-row-style panel-row-style-for-2374-1\" ><div class=\"vgRowWrapper\"><div id=\"pgc-2374-1-0\"  class=\"panel-grid-cell panel-grid-cell-empty\" ><\/div><div id=\"pgc-2374-1-1\"  class=\"panel-grid-cell\" ><div id=\"panel-2374-1-1-0\" class=\"so-panel widget widget_black-studio-tinymce widget_black_studio_tinymce panel-first-child\" data-index=\"1\" ><div class=\"textwidget\"><h4 dir=\"ltr\" style=\"text-align: left;\">Cloudflare<\/h4>\n<\/div><\/div><div class=\"vg-image-widget\"><img decoding=\"async\" src=\"https:\/\/www.apdiving.eu\/de\/wp-content\/uploads\/Cloudflare_logo.jpg\" alt=\"\"\/><\/div><\/div><div id=\"pgc-2374-1-2\"  class=\"panel-grid-cell\" ><div id=\"panel-2374-1-2-0\" class=\"so-panel widget widget_black-studio-tinymce widget_black_studio_tinymce panel-first-child\" data-index=\"3\" ><div class=\"textwidget\"><h4 style=\"text-align: left;\">Visa<\/h4>\n<\/div><\/div><div class=\"vg-image-widget\"><img decoding=\"async\" src=\"https:\/\/www.apdiving.eu\/de\/wp-content\/uploads\/VV_logo.jpg\" alt=\"\"\/><\/div><\/div><div id=\"pgc-2374-1-3\"  class=\"panel-grid-cell panel-grid-cell-mobile-last\" ><div id=\"panel-2374-1-3-0\" class=\"so-panel widget widget_black-studio-tinymce widget_black_studio_tinymce panel-first-child\" data-index=\"5\" ><div class=\"textwidget\"><h4 style=\"text-align: left;\">MasterCard<\/h4>\n<\/div><\/div><div class=\"vg-image-widget\"><img decoding=\"async\" src=\"https:\/\/www.apdiving.eu\/de\/wp-content\/uploads\/MS_logo2.jpg\" alt=\"\"\/><\/div><\/div><div id=\"pgc-2374-1-4\"  class=\"panel-grid-cell panel-grid-cell-empty\" ><\/div><\/div><!--vgRowWrapper--><\/div><\/div><div id=\"pg-2374-2\"  class=\"panel-grid panel-has-style\" ><div class=\"vgfull  panel-row-style panel-row-style-for-2374-2\" ><div class=\"vgRowWrapper\"><div id=\"pgc-2374-2-0\"  class=\"panel-grid-cell panel-grid-cell-empty\" ><\/div><div id=\"pgc-2374-2-1\"  class=\"panel-grid-cell panel-grid-cell-mobile-last\" ><div id=\"panel-2374-2-1-0\" class=\"so-panel widget widget_black-studio-tinymce widget_black_studio_tinymce panel-first-child panel-last-child\" data-index=\"7\" ><div class=\"textwidget\"><h3>Sichern Sie sich selbst ab\u00a0<\/h3>\n<p>Die \u00fcberwiegende Mehrheit von Online-Transaktionen sind vollst\u00e4ndig sicher, aber es gibt ein paar Dinge, die Sie beachten k\u00f6nnen, um sich zu vergewissern, in einer sicheren Umgebung einzukaufen.<\/p>\n<ol>\n<li>Halten Sie Ihren PC oder Mac aktuell mit der neuesten Anti-Virus-Software. Entscheiden Sie sich f\u00fcr eine mit Online-Shield. Dies wird Sie warnen, wenn eine Bedrohung auftritt.<\/li>\n<li>Ihr Computer ben\u00f6tigt eine Firewall. Die meisten Betriebssysteme sind mit einer solchen ausger\u00fcstet. Gehen Sie sicher, dass sie auch aktiviert ist.<\/li>\n<li>Geben Sie Ihr Passwort an niemanden weiter und schreiben Sie es nirgendwo auf. Ansonsten erh\u00f6hen Sie die Gefahr, dass Sie Opfer eines Hackerangriffs oder ID-Diebstahls werden.<\/li>\n<li>Sicherheitsexperten raten im allgemeines dazu, keine \u00f6ffentlichen Computer zum T\u00e4tigen von Online-K\u00e4ufen zu nutzen, da Ihre Kundendetails in der Browserhistorie verbleiben k\u00f6nnten und daher gehackt werden k\u00f6nnten. Kaufen Sie immer von zu Hause mit Ihrem pers\u00f6nlichen Ger\u00e4t.<\/li>\n<li>Wann immer Sie vertrauliche Informationen eingeben, wie bspw. EC- oder Kreditkartendaten, vergewissern Sie sich, dass der Link in Ihrer Browserzeile mit https:\/\/ beginnt. Das hei\u00dft, dass die Seite verschl\u00fcsselt ist.<\/li>\n<li>Wenn Sie bef\u00fcrchten, dass es irgendwelche Sicherheitsprobleme auf der AP Diving Website gibt, rufen Sie uns bitte umgehend unter \u00a0<strong>0044 (0)1326 561 040\u00a0an<\/strong>.<\/li>\n<\/ol>\n<p>&nbsp;<\/p>\n<p>&nbsp;<\/p>\n<\/div><\/div><\/div><div id=\"pgc-2374-2-2\"  class=\"panel-grid-cell panel-grid-cell-empty\" ><\/div><\/div><!--vgRowWrapper--><\/div><\/div><\/div>","protected":false},"excerpt":{"rendered":"<p>SICHERHEIT BEI APDIVING.COM Genie\u00dfen Sie ein 100% sicheres Einkaufserlebnis &nbsp; AP Diving nimmt Sicherheit sehr ernst. Unsere Website ist 100% sicher und wird regelm\u00e4\u00dfig getestet und gepr\u00fcft, um zu gew\u00e4hrleisten, dass Sie Best Practices entspricht. Wir garantieren, dass jeder Kauf, den Sie in unserem Onlineshop t\u00e4tigen, eine sichere Transaktion ist. Unsere Seite verwendet die besten <a href=\"https:\/\/www.apdiving.eu\/de\/security-policy\/\">[Read More &hellip;]<\/a><\/p>\n","protected":false},"author":4,"featured_media":0,"parent":0,"menu_order":0,"comment_status":"open","ping_status":"open","template":"","meta":{"footnotes":""},"class_list":["post-2374","page","type-page","status-publish","hentry"],"_links":{"self":[{"href":"https:\/\/www.apdiving.eu\/de\/wp-json\/wp\/v2\/pages\/2374","targetHints":{"allow":["GET"]}}],"collection":[{"href":"https:\/\/www.apdiving.eu\/de\/wp-json\/wp\/v2\/pages"}],"about":[{"href":"https:\/\/www.apdiving.eu\/de\/wp-json\/wp\/v2\/types\/page"}],"author":[{"embeddable":true,"href":"https:\/\/www.apdiving.eu\/de\/wp-json\/wp\/v2\/users\/4"}],"replies":[{"embeddable":true,"href":"https:\/\/www.apdiving.eu\/de\/wp-json\/wp\/v2\/comments?post=2374"}],"version-history":[{"count":2,"href":"https:\/\/www.apdiving.eu\/de\/wp-json\/wp\/v2\/pages\/2374\/revisions"}],"predecessor-version":[{"id":4879,"href":"https:\/\/www.apdiving.eu\/de\/wp-json\/wp\/v2\/pages\/2374\/revisions\/4879"}],"wp:attachment":[{"href":"https:\/\/www.apdiving.eu\/de\/wp-json\/wp\/v2\/media?parent=2374"}],"curies":[{"name":"wp","href":"https:\/\/api.w.org\/{rel}","templated":true}]}}