{"id":2339,"date":"2014-01-21T15:44:51","date_gmt":"2014-01-21T15:44:51","guid":{"rendered":"http:\/\/ap.msurl.net\/blog\/?page_id=2339"},"modified":"2015-02-17T11:19:41","modified_gmt":"2015-02-17T11:19:41","slug":"register","status":"publish","type":"page","link":"https:\/\/www.apdiving.eu\/de\/service\/warranties\/register\/","title":{"rendered":"Warranty Registration"},"content":{"rendered":"<div id=\"pl-2339\"  class=\"panel-layout\" ><div id=\"pg-2339-0\"  class=\"panel-grid panel-has-style\" ><div class=\"vgfull vg-spacing panel-row-style panel-row-style-for-2339-0\" ><div class=\"vgRowWrapper\"><div id=\"pgc-2339-0-0\"  class=\"panel-grid-cell\" ><div id=\"panel-2339-0-0-0\" class=\"so-panel widget widget_black-studio-tinymce widget_black_studio_tinymce panel-first-child\" data-index=\"0\" ><div class=\"textwidget\"><p>\u00a0<\/p>\n<h2 class=\"white\" style=\"color: white;\"><span style=\"color: #808080;\">GARANTIEREGISTRIERUNG<\/span><\/h2>\n<p>Die Registrierung garantiert Ihren Garantieanspruch f\u00fcr den in der Produktbeschreibung genannten Zeitraum ab dem Kaufdatum.<\/p><\/div><\/div><div id=\"panel-2339-0-0-1\" class=\"so-panel widget widget_black-studio-tinymce widget_black_studio_tinymce panel-last-child\" data-index=\"1\" ><div class=\"textwidget\"><p>\n<div class=\"wpcf7 no-js\" id=\"wpcf7-f2338-o1\" lang=\"en-US\" dir=\"ltr\">\n<div class=\"screen-reader-response\"><p role=\"status\" aria-live=\"polite\" aria-atomic=\"true\"><\/p> <ul><\/ul><\/div>\n<form action=\"\/de\/wp-json\/wp\/v2\/pages\/2339#wpcf7-f2338-o1\" method=\"post\" class=\"wpcf7-form init\" aria-label=\"Contact form\" novalidate=\"novalidate\" data-status=\"init\">\n<div style=\"display: none;\">\n<input type=\"hidden\" name=\"_wpcf7\" value=\"2338\" \/>\n<input type=\"hidden\" name=\"_wpcf7_version\" value=\"5.9.5\" \/>\n<input type=\"hidden\" name=\"_wpcf7_locale\" value=\"en_US\" \/>\n<input type=\"hidden\" name=\"_wpcf7_unit_tag\" value=\"wpcf7-f2338-o1\" \/>\n<input type=\"hidden\" name=\"_wpcf7_container_post\" value=\"0\" \/>\n<input type=\"hidden\" name=\"_wpcf7_posted_data_hash\" value=\"\" \/>\n<input type=\"hidden\" name=\"_wpcf7_recaptcha_response\" value=\"\" \/>\n<\/div>\n<div class=\"wpcf7-response-output\" aria-hidden=\"true\"><\/div>\n<h3>Kundeninformationen\n<\/h3>\n<p>(bitte f\u00fcllen Sie alle Felder aus)\n<\/p>\n<p><strong>Vorname<\/strong>\n<\/p>\n<p><span class=\"wpcf7-form-control-wrap\" data-name=\"first-name\"><input size=\"40\" class=\"wpcf7-form-control wpcf7-text wpcf7-validates-as-required\" aria-required=\"true\" aria-invalid=\"false\" value=\"\" type=\"text\" name=\"first-name\" \/><\/span>\n<\/p>\n<p><strong>Nachname<\/strong>\n<\/p>\n<p><span class=\"wpcf7-form-control-wrap\" data-name=\"surname\"><input size=\"40\" class=\"wpcf7-form-control wpcf7-text wpcf7-validates-as-required\" aria-required=\"true\" aria-invalid=\"false\" value=\"\" type=\"text\" name=\"surname\" \/><\/span>\n<\/p>\n<p><strong>Adresse<\/strong>\n<\/p>\n<p><span class=\"wpcf7-form-control-wrap\" data-name=\"add-line-1\"><input size=\"40\" class=\"wpcf7-form-control wpcf7-text wpcf7-validates-as-required\" aria-required=\"true\" aria-invalid=\"false\" value=\"\" type=\"text\" name=\"add-line-1\" \/><\/span>\n<\/p>\n<p><span class=\"wpcf7-form-control-wrap\" data-name=\"add-line-2\"><input size=\"40\" class=\"wpcf7-form-control wpcf7-text\" aria-invalid=\"false\" value=\"\" type=\"text\" name=\"add-line-2\" \/><\/span>\n<\/p>\n<p><span class=\"wpcf7-form-control-wrap\" data-name=\"add-line-3\"><input size=\"40\" class=\"wpcf7-form-control wpcf7-text\" aria-invalid=\"false\" value=\"\" type=\"text\" name=\"add-line-3\" \/><\/span>\n<\/p>\n<p><span class=\"wpcf7-form-control-wrap\" data-name=\"add-line-4\"><input size=\"40\" class=\"wpcf7-form-control wpcf7-text\" aria-invalid=\"false\" value=\"\" type=\"text\" name=\"add-line-4\" \/><\/span>\n<\/p>\n<p><strong>Postleitzahl<\/strong>\n<\/p>\n<p><span class=\"wpcf7-form-control-wrap\" data-name=\"postcode\"><input size=\"40\" class=\"wpcf7-form-control wpcf7-text wpcf7-validates-as-required\" aria-required=\"true\" aria-invalid=\"false\" value=\"\" type=\"text\" name=\"postcode\" \/><\/span>\n<\/p>\n<p><strong>Telefon tags\u00fcber<\/strong>\n<\/p>\n<p><span class=\"wpcf7-form-control-wrap\" data-name=\"dtpnum\"><input size=\"40\" class=\"wpcf7-form-control wpcf7-text wpcf7-validates-as-required\" aria-required=\"true\" aria-invalid=\"false\" value=\"\" type=\"text\" name=\"dtpnum\" \/><\/span>\n<\/p>\n<p><strong>Telefon privat<\/strong>\n<\/p>\n<p><span class=\"wpcf7-form-control-wrap\" data-name=\"evpnum\"><input size=\"40\" class=\"wpcf7-form-control wpcf7-text wpcf7-validates-as-required\" aria-required=\"true\" aria-invalid=\"false\" value=\"\" type=\"text\" name=\"evpnum\" \/><\/span>\n<\/p>\n<p><strong>Email<\/strong>\n<\/p>\n<p><span class=\"wpcf7-form-control-wrap\" data-name=\"email\"><input size=\"40\" class=\"wpcf7-form-control wpcf7-email wpcf7-validates-as-required wpcf7-text wpcf7-validates-as-email\" aria-required=\"true\" aria-invalid=\"false\" value=\"\" type=\"email\" name=\"email\" \/><\/span>\n<\/p>\n<h3>Produktinformationen\n<\/h3>\n<p><strong>Produkt ausw\u00e4hlen<\/strong>\n<\/p>\n<p><span class=\"wpcf7-form-control-wrap\" data-name=\"product\"><select class=\"wpcf7-form-control wpcf7-select wpcf7-validates-as-required\" aria-required=\"true\" aria-invalid=\"false\" name=\"product\"><option value=\"\">&#8212;Please choose an option&#8212;<\/option><option value=\"AP Commando\">AP Commando<\/option><option value=\"AP Commando Explorer\">AP Commando Explorer<\/option><option value=\"AP Commando Escape\">AP Commando Escape<\/option><option value=\"AP Tekwing\">AP Tekwing<\/option><option value=\"AP Travelwing\">AP Travelwing<\/option><option value=\"AP Trident\">AP Trident<\/option><\/select><\/span>\n<\/p>\n<h4>Produktoptionen\/-ausf\u00fchrungen\n<\/h4>\n<p>Die Optionen\/Ausstattung, die Sie mit dem Kauf Ihres Jackets gew\u00e4hlt haben.\n<\/p>\n<p><strong>Jacketausf\u00fchrungen:<\/strong><br \/>\n<span class=\"wpcf7-form-control-wrap\" data-name=\"product-bcd-addons\"><span class=\"wpcf7-form-control wpcf7-checkbox\"><span class=\"wpcf7-list-item first\"><label><input type=\"checkbox\" name=\"product-bcd-addons[]\" value=\"APV100 Auto Air\" \/><span class=\"wpcf7-list-item-label\">APV100 Auto Air<\/span><\/label><\/span><span class=\"wpcf7-list-item\"><label><input type=\"checkbox\" name=\"product-bcd-addons[]\" value=\"AP100 Auto Air ((nur f\u00fcr Trident und Redwing))\" \/><span class=\"wpcf7-list-item-label\">AP100 Auto Air ((nur f\u00fcr Trident und Redwing))<\/span><\/label><\/span><span class=\"wpcf7-list-item\"><label><input type=\"checkbox\" name=\"product-bcd-addons[]\" value=\"APV200 Inflator\" \/><span class=\"wpcf7-list-item-label\">APV200 Inflator<\/span><\/label><\/span><span class=\"wpcf7-list-item\"><label><input type=\"checkbox\" name=\"product-bcd-addons[]\" value=\"APV300 Inflator\" \/><span class=\"wpcf7-list-item-label\">APV300 Inflator<\/span><\/label><\/span><span class=\"wpcf7-list-item\"><label><input type=\"checkbox\" name=\"product-bcd-addons[]\" value=\"Integriertes Gewichtssystem\" \/><span class=\"wpcf7-list-item-label\">Integriertes Gewichtssystem<\/span><\/label><\/span><span class=\"wpcf7-list-item\"><label><input type=\"checkbox\" name=\"product-bcd-addons[]\" value=\"Notfall Miniflasche mit DIN-Anschluss\" \/><span class=\"wpcf7-list-item-label\">Notfall Miniflasche mit DIN-Anschluss<\/span><\/label><\/span><span class=\"wpcf7-list-item\"><label><input type=\"checkbox\" name=\"product-bcd-addons[]\" value=\"Notfall Miniflasche mit  A-Schelle\" \/><span class=\"wpcf7-list-item-label\">Notfall Miniflasche mit  A-Schelle<\/span><\/label><\/span><span class=\"wpcf7-list-item\"><label><input type=\"checkbox\" name=\"product-bcd-addons[]\" value=\"300 bar Miniflasche mit DIN-Anschluss\" \/><span class=\"wpcf7-list-item-label\">300 bar Miniflasche mit DIN-Anschluss<\/span><\/label><\/span><span class=\"wpcf7-list-item last\"><label><input type=\"checkbox\" name=\"product-bcd-addons[]\" value=\"Twinset Kit \u2013 Doppelflaschen-Adapter\" \/><span class=\"wpcf7-list-item-label\">Twinset Kit \u2013 Doppelflaschen-Adapter<\/span><\/label><\/span><\/span><\/span>\n<\/p>\n<p><strong>Jacket-Seriennummer<\/strong>\n<\/p>\n<p><span class=\"wpcf7-form-control-wrap\" data-name=\"product-sn\"><input size=\"40\" class=\"wpcf7-form-control wpcf7-text wpcf7-validates-as-required\" aria-required=\"true\" aria-invalid=\"false\" value=\"\" type=\"text\" name=\"product-sn\" \/><\/span>\n<\/p>\n<p><strong>Kaufdatum<\/strong>\n<\/p>\n<p><span class=\"wpcf7-form-control-wrap\" data-name=\"date-of-purchase\"><input size=\"40\" class=\"wpcf7-form-control wpcf7-text\" aria-invalid=\"false\" placeholder=\"DD\/MM\/YYYY\" value=\"\" type=\"text\" name=\"date-of-purchase\" \/><\/span>\n<\/p>\n<p><strong>gekauft bei<\/strong>\n<\/p>\n<p><span class=\"wpcf7-form-control-wrap\" data-name=\"purchased-from\"><input size=\"40\" class=\"wpcf7-form-control wpcf7-text wpcf7-validates-as-required\" aria-required=\"true\" aria-invalid=\"false\" value=\"\" type=\"text\" name=\"purchased-from\" \/><\/span>\n<\/p>\n<p>\n<span class=\"wpcf7-form-control-wrap recaptcha\" data-name=\"recaptcha\"><span data-sitekey=\"6LcKauQcAAAAAOVGlfyUW1FnN4KR3-T0nGZ6ULPv\" class=\"wpcf7-form-control wpcf7-recaptcha g-recaptcha\"><\/span>\r\n<noscript>\r\n\t<div class=\"grecaptcha-noscript\">\r\n\t\t<iframe loading=\"lazy\" src=\"https:\/\/www.google.com\/recaptcha\/api\/fallback?k=6LcKauQcAAAAAOVGlfyUW1FnN4KR3-T0nGZ6ULPv\" frameborder=\"0\" scrolling=\"no\" width=\"310\" height=\"430\">\r\n\t\t<\/iframe>\r\n\t\t<textarea name=\"g-recaptcha-response\" rows=\"3\" cols=\"40\" placeholder=\"reCaptcha Response Here\">\r\n\t\t<\/textarea>\r\n\t<\/div>\r\n<\/noscript>\r\n<\/span>\n<\/p>\n<p><input class=\"wpcf7-form-control wpcf7-submit has-spinner\" type=\"submit\" value=\"REGISTRIEREN\" \/>\n<\/p>\n<div class=\"wpcf7-response-output\" aria-hidden=\"true\"><\/div><p style=\"display: none !important;\" class=\"akismet-fields-container\" data-prefix=\"_wpcf7_ak_\"><label>&#916;<textarea name=\"_wpcf7_ak_hp_textarea\" cols=\"45\" rows=\"8\" maxlength=\"100\"><\/textarea><\/label><input type=\"hidden\" id=\"ak_js_1\" name=\"_wpcf7_ak_js\" value=\"87\"\/><script>document.getElementById( \"ak_js_1\" ).setAttribute( \"value\", ( new Date() ).getTime() );<\/script><\/p>\n<\/form>\n<\/div>\n<\/p><\/div><\/div><\/div><\/div><!--vgRowWrapper--><\/div><\/div><\/div>","protected":false},"excerpt":{"rendered":"<p>\u00a0 GARANTIEREGISTRIERUNG Die Registrierung garantiert Ihren Garantieanspruch f\u00fcr den in der Produktbeschreibung genannten Zeitraum ab dem Kaufdatum. Kundeninformationen (bitte f\u00fcllen Sie alle Felder aus) Vorname Nachname Adresse Postleitzahl Telefon tags\u00fcber Telefon privat Email Produktinformationen Produkt ausw\u00e4hlen &#8212;Please choose an option&#8212;AP CommandoAP Commando ExplorerAP Commando EscapeAP TekwingAP TravelwingAP Trident Produktoptionen\/-ausf\u00fchrungen Die Optionen\/Ausstattung, die Sie mit dem <a href=\"https:\/\/www.apdiving.eu\/de\/service\/warranties\/register\/\">[Read More &hellip;]<\/a><\/p>\n","protected":false},"author":4,"featured_media":0,"parent":1811,"menu_order":0,"comment_status":"open","ping_status":"open","template":"","meta":{"footnotes":""},"class_list":["post-2339","page","type-page","status-publish","hentry"],"_links":{"self":[{"href":"https:\/\/www.apdiving.eu\/de\/wp-json\/wp\/v2\/pages\/2339","targetHints":{"allow":["GET"]}}],"collection":[{"href":"https:\/\/www.apdiving.eu\/de\/wp-json\/wp\/v2\/pages"}],"about":[{"href":"https:\/\/www.apdiving.eu\/de\/wp-json\/wp\/v2\/types\/page"}],"author":[{"embeddable":true,"href":"https:\/\/www.apdiving.eu\/de\/wp-json\/wp\/v2\/users\/4"}],"replies":[{"embeddable":true,"href":"https:\/\/www.apdiving.eu\/de\/wp-json\/wp\/v2\/comments?post=2339"}],"version-history":[{"count":1,"href":"https:\/\/www.apdiving.eu\/de\/wp-json\/wp\/v2\/pages\/2339\/revisions"}],"predecessor-version":[{"id":4225,"href":"https:\/\/www.apdiving.eu\/de\/wp-json\/wp\/v2\/pages\/2339\/revisions\/4225"}],"up":[{"embeddable":true,"href":"https:\/\/www.apdiving.eu\/de\/wp-json\/wp\/v2\/pages\/1811"}],"wp:attachment":[{"href":"https:\/\/www.apdiving.eu\/de\/wp-json\/wp\/v2\/media?parent=2339"}],"curies":[{"name":"wp","href":"https:\/\/api.w.org\/{rel}","templated":true}]}}