{"id":2330,"date":"2014-01-21T14:58:00","date_gmt":"2014-01-21T14:58:00","guid":{"rendered":"http:\/\/ap.msurl.net\/blog\/?page_id=2330"},"modified":"2024-06-13T10:10:52","modified_gmt":"2024-06-13T10:10:52","slug":"register","status":"publish","type":"page","link":"https:\/\/www.apdiving.eu\/de\/rebreathers\/register\/","title":{"rendered":"Rebreather Registration"},"content":{"rendered":"<div id=\"pl-2330\"  class=\"panel-layout\" ><div id=\"pg-2330-0\"  class=\"panel-grid panel-has-style\" ><div class=\"panel-row-style panel-row-style-for-2330-0\" ><div class=\"vgRowWrapper\"><div id=\"pgc-2330-0-0\"  class=\"panel-grid-cell\" ><div class=\"vgLinkPoint\"><a name=\"die-vorteile\"><\/a><input type=\"hidden\" class=\"linkpointtext\" value=\"DIE VORTEILE\" \/><input type=\"hidden\" class=\"linkpointimg\" value=\"https:\/\/www.apdiving.eu\/de\/wp-content\/uploads\/carousel-bg-metal-apdiving.jpg\" \/><\/div><div id=\"panel-2330-0-0-1\" class=\"so-panel widget widget_black-studio-tinymce widget_black_studio_tinymce panel-last-child\" data-index=\"1\" ><div class=\"textwidget\"><h2>\nWelches sind die Vorteile einer Registrierung?<\/h2>\n<p><strong>1.\u00a0\u00a0 Erwerb von Austausch-und Ersatzteilen.<\/strong> Die Registrierung erm\u00f6glicht Ihnen Ersatz- und Austauschteile zu kaufen. Inspiration- und Evolutionger\u00e4te und Inspiration- und Evolution-Ersatz-und -Austauschteile werden ausschlie\u00dflich von Ambient Pressure Diving (und unseren Distributoren) an Taucher, die ihre Ausbildung abgeschlossen und sich bei AP registriert haben, verkauft.\u00a0\u00a0\u00a0\u00a0<\/p>\n<p><strong>\u20282. Wartung im Werk.<\/strong> Die Registrierung erm\u00f6glicht es Ihnen, Ihr Ger\u00e4t bei uns im Werk warten oder reparieren zu lassen. Ein Inspiration oder Evolution wird nur von Ambient Pressure Diving gewartet oder repariert, wenn es ein registriertes Ger\u00e4t eines qualifizierten\/ausgebildeten Inspiration-\/Evolution-Tauchers ist.<\/p>\n<p><strong>3. Technische Upgrades und Informationen\/Mitteilungen.<\/strong> Die Registrierung erm\u00f6glicht es Ihnen, immer vollst\u00e4ndig und aktuell hinsichtlich neuer Entwicklungen, neuer Produkte und Upgrades zu bestehenden Produkten informiert zu bleiben und uns zu informieren, wenn Fragen oder Probleme zu Ihrem Ger\u00e4t auftauchen sollten.<\/p>\n<p><strong>WICHTIGER HINWEIS: Da unsere F\u00e4higkeit, Sie zu kontaktieren, so wichtig ist, bitten wir Sie dringend, uns so schnell wie m\u00f6glich zu benachrichtigen, wenn sich Ihre Daten in Zukunft \u00e4ndern \u2013 zum Beispiel wenn Sie Ihre E-Mail-Adresse oder Telefonnummer \u00e4ndern oder wenn Sie Ihr Ger\u00e4t verkaufen oder einen anderen AP kaufen Rebreather.<\/strong><\/p>\n<p><strong>4. Technische Unterst\u00fctzung und Ratschl\u00e4ge.<\/strong> \u2028Das kann Rat zu technischen Fragestellungen, zu allem vom Betrieb des Ger\u00e4tes, \u00fcber die Besprechung von besonderen Tauchpl\u00e4nen, zur Eigenwartung und -reparatur, bis zur Bereitstellung von Spezialwerkzeugen oder jeden anderen Aspekt zum Tauchen mit einem Inspiration\/Evolution einschlie\u00dfen.<\/p>\n<p><strong>5. Um zu sachgem\u00e4\u00dfer Handhabung anzuhalten.<\/strong> Das Inspiration und Evolution sind ganz spezielle Tauchger\u00e4te. Taucher m\u00fcssen angemessen zu ihrer eigenen und der Sicherheit anderer ausgebildet sein. Mit der Registrierung kann hier\u00fcber eine gewisse Kontrolle erlangt werden. Ohne angemessene Ausbildung wird Ambient Pressure Diving alle Produktgarantien auf das betreffende Ger\u00e4t zur\u00fcckziehen. Der Ausbildungs- und Erfahrungsstand MUSS geeignet sein f\u00fcr die jeweiligen Atemgase, geplanten Tiefen und Schwierigkeitsgrade. Ordnungsgem\u00e4\u00dfe Ausbildung, Qualifikation und die Notwendigkeit Schritt f\u00fcr Schritt Erfahrung aufzubauen d\u00fcrfen nicht untersch\u00e4tzt werden.<\/p>\n<p><strong>6. Sonderangebote.<\/strong> Die Registrierung berechtigt Sie zum Erhalt regelm\u00e4\u00dfiger Sonderangebote von APD oder unseren Distributoren, wie z.B. k\u00fcrzlich die kostenlose Tauchreise nach Galapagos, die von Silent Diving Systems USA angeboten wurde.<\/p>\n<\/div><\/div><\/div><\/div><!--vgRowWrapper--><\/div><\/div><div id=\"pg-2330-1\"  class=\"panel-grid panel-no-style\" ><div class=\"vgRowWrapper\"><div id=\"pgc-2330-1-0\"  class=\"panel-grid-cell panel-grid-cell-empty\" ><\/div><div id=\"pgc-2330-1-1\"  class=\"panel-grid-cell panel-grid-cell-mobile-last\" ><div class=\"vgLinkSingle\"><a  class=\"vgLink yellow\" href=\"#!register-now\">REGISTRIEREN SIE IHREN REBREATHER<\/a><\/div><\/div><div id=\"pgc-2330-1-2\"  class=\"panel-grid-cell panel-grid-cell-empty\" ><\/div><\/div><!--vgRowWrapper--><\/div><div id=\"pg-2330-2\"  class=\"panel-grid panel-no-style\" ><div class=\"vgRowWrapper\"><div id=\"pgc-2330-2-0\"  class=\"panel-grid-cell\" ><div class=\"vg-image-widget\"><img decoding=\"async\" src=\"https:\/\/www.apdiving.eu\/de\/wp-content\/uploads\/separator-middle.jpg\" alt=\"\"\/><\/div><div class=\"vgLinkPoint\"><a name=\"secondhand-kufer\"><\/a><input type=\"hidden\" class=\"linkpointtext\" value=\"SECONDHAND-K\u00c4UFER\" \/><input type=\"hidden\" class=\"linkpointimg\" value=\"https:\/\/www.apdiving.eu\/de\/wp-content\/uploads\/carousel-bg-metal-apdiving.jpg\" \/><\/div><\/div><\/div><!--vgRowWrapper--><\/div><div id=\"pg-2330-3\"  class=\"panel-grid panel-has-style\" ><div class=\"vgfull vg-spacing panel-row-style panel-row-style-for-2330-3\" ><div class=\"vgRowWrapper\"><div id=\"pgc-2330-3-0\"  class=\"panel-grid-cell panel-grid-cell-mobile-last\" ><div id=\"panel-2330-3-0-0\" class=\"so-panel widget widget_black-studio-tinymce widget_black_studio_tinymce panel-first-child panel-last-child\" data-index=\"5\" ><div class=\"textwidget\"><h2>Secondhand-K\u00e4ufer?\u00a0<\/h2>\n<p><strong>Vor dem Kauf:<\/strong> Wenn Sie die Eigent\u00fcmer- und Wartungshistorie zu einem bestimmten Rebreather erfahren m\u00f6chten, k\u00f6nnen wir Ihnen diese Informationen kostenlos zur Verf\u00fcgung stellen.\u00a0<a href=\"https:\/\/www.apdiving.com\/en\/contact-us\/\">Kontaktieren Sie uns<\/a><\/p>\n<p><strong>Nach dem Kauf:\u2028<\/strong> Wenn Sie ein Secondhand-Ger\u00e4t gekauft haben und noch nicht daf\u00fcr ausgebildet sind, m\u00f6chten wir Sie ermuntern, uns so schnell wie m\u00f6glich <a href=\"https:\/\/www.apdiving.com\/en\/contact-us\/\">zu kontaktieren<\/a> und uns zu informieren.Wir raten Ihnen dringend NICHT MIT DEM GER\u00c4T ZU TAUCHEN ohne ordnungsgem\u00e4\u00dfe Ausbildung, Qualifikation und eine \u00dcberpr\u00fcfung des Ger\u00e4tes, vorzugsweise in unserem Werk oder durch einen Inspiration-\/Evolution-Instruktor. Wir m\u00f6chten dieses gern mit Ihnen besprechen und mit Ihnen \u00fcber die wesentlichen Vorteile reden, die geboten werden, wenn Sie vollst\u00e4ndig registriert sind.<\/p>\n<p><strong>Sind Sie ausgebildet?\u00a0<\/strong><\/p>\n<p>Das Inspiration und Evolution sind spezielle Tauchger\u00e4te, die von APD nur an ordnungsgem\u00e4\u00df qualifizierte Taucher, die erfolgreich einen ger\u00e4tespezifischen Tauchkurs mit einer dieser anerkannten Ausbildungsorganisationen absolviert haben, verkauft werden. Es ist absolut unerl\u00e4sslich, dass die Art der durchzuf\u00fchrenden Tauchg\u00e4nge immer angemessen zum erreichten Ausbildungs- und Erfahrungsstand sind.<\/p>\n<\/div><\/div><\/div><div id=\"pgc-2330-3-1\"  class=\"panel-grid-cell panel-grid-cell-empty\" ><\/div><\/div><!--vgRowWrapper--><\/div><\/div><div id=\"pg-2330-4\"  class=\"panel-grid panel-has-style\" ><div class=\"sep panel-row-style panel-row-style-for-2330-4\" ><div class=\"vgRowWrapper\"><div id=\"pgc-2330-4-0\"  class=\"panel-grid-cell panel-grid-cell-empty\" ><\/div><div id=\"pgc-2330-4-1\"  class=\"panel-grid-cell panel-grid-cell-mobile-last\" ><div class=\"vgLinkSingle\"><a  class=\"vgLink yellow\" href=\"https:\/\/www.apdiving.eu\/de\/training\/\">AUSBILDUNG FINDEN<\/a><\/div><div class=\"vgLinkPoint\"><a name=\"registrieren-sie-sich-jetzt\"><\/a><input type=\"hidden\" class=\"linkpointtext\" value=\"REGISTRIEREN SIE SICH JETZT\" \/><input type=\"hidden\" class=\"linkpointimg\" value=\"https:\/\/www.apdiving.eu\/de\/wp-content\/uploads\/carousel-bg-metal-apdiving.jpg\" \/><\/div><\/div><div id=\"pgc-2330-4-2\"  class=\"panel-grid-cell panel-grid-cell-empty\" ><\/div><\/div><!--vgRowWrapper--><\/div><\/div><div id=\"pg-2330-5\"  class=\"panel-grid panel-no-style\" ><div class=\"vgRowWrapper\"><div id=\"pgc-2330-5-0\"  class=\"panel-grid-cell\" ><div id=\"panel-2330-5-0-0\" class=\"so-panel widget widget_black-studio-tinymce widget_black_studio_tinymce panel-first-child panel-last-child\" data-index=\"8\" ><div id=\"register-now\" class=\"panel-widget-style panel-widget-style-for-2330-5-0-0\" ><div class=\"textwidget\"><h2>\u00a0<\/h2>\n<h2 id=\"!register-now\">Registrieren Sie Ihren Rebreather<\/h2>\n<p><span style=\"font-size: 13px;\">\n<div class=\"wpcf7 no-js\" id=\"wpcf7-f6615-o1\" lang=\"en-US\" dir=\"ltr\">\n<div class=\"screen-reader-response\"><p role=\"status\" aria-live=\"polite\" aria-atomic=\"true\"><\/p> <ul><\/ul><\/div>\n<form action=\"\/de\/wp-json\/wp\/v2\/pages\/2330#wpcf7-f6615-o1\" method=\"post\" class=\"wpcf7-form init\" aria-label=\"Contact form\" enctype=\"multipart\/form-data\" novalidate=\"novalidate\" data-status=\"init\">\n<div style=\"display: none;\">\n<input type=\"hidden\" name=\"_wpcf7\" value=\"6615\" \/>\n<input type=\"hidden\" name=\"_wpcf7_version\" value=\"5.9.5\" \/>\n<input type=\"hidden\" name=\"_wpcf7_locale\" value=\"en_US\" \/>\n<input type=\"hidden\" name=\"_wpcf7_unit_tag\" value=\"wpcf7-f6615-o1\" \/>\n<input type=\"hidden\" name=\"_wpcf7_container_post\" value=\"0\" \/>\n<input type=\"hidden\" name=\"_wpcf7_posted_data_hash\" value=\"\" \/>\n<input type=\"hidden\" name=\"_wpcf7_recaptcha_response\" value=\"\" \/>\n<\/div>\n<div class=\"wpcf7-response-output\" aria-hidden=\"true\"><\/div>\n<h4>Kundeninformationen\n<\/h4>\n<p>* = Pflichtfelder\n<\/p>\n<p><strong>Vorname*<\/strong>\n<\/p>\n<p><span class=\"wpcf7-form-control-wrap\" data-name=\"first-name\"><input size=\"40\" class=\"wpcf7-form-control wpcf7-text wpcf7-validates-as-required\" aria-required=\"true\" aria-invalid=\"false\" value=\"\" type=\"text\" name=\"first-name\" \/><\/span>\n<\/p>\n<p><strong>Nachname*<\/strong>\n<\/p>\n<p><span class=\"wpcf7-form-control-wrap\" data-name=\"surname\"><input size=\"40\" class=\"wpcf7-form-control wpcf7-text wpcf7-validates-as-required\" aria-required=\"true\" aria-invalid=\"false\" value=\"\" type=\"text\" name=\"surname\" \/><\/span>\n<\/p>\n<p><strong>Adresse*<\/strong>\n<\/p>\n<p><span class=\"wpcf7-form-control-wrap\" data-name=\"add-line-1\"><input size=\"40\" class=\"wpcf7-form-control wpcf7-text wpcf7-validates-as-required\" aria-required=\"true\" aria-invalid=\"false\" placeholder=\"Geb\u00e4ude \/ Haus oder Hausnr.\" value=\"\" type=\"text\" name=\"add-line-1\" \/><\/span>\n<\/p>\n<p><span class=\"wpcf7-form-control-wrap\" data-name=\"add-line-2\"><input size=\"40\" class=\"wpcf7-form-control wpcf7-text\" aria-invalid=\"false\" placeholder=\"Stra\u00dfe\" value=\"\" type=\"text\" name=\"add-line-2\" \/><\/span>\n<\/p>\n<p><span class=\"wpcf7-form-control-wrap\" data-name=\"add-line-3\"><input size=\"40\" class=\"wpcf7-form-control wpcf7-text\" aria-invalid=\"false\" placeholder=\"Stadt\" value=\"\" type=\"text\" name=\"add-line-3\" \/><\/span>\n<\/p>\n<p><span class=\"wpcf7-form-control-wrap\" data-name=\"add-line-4\"><input size=\"40\" class=\"wpcf7-form-control wpcf7-text\" aria-invalid=\"false\" placeholder=\"Bundesland\" value=\"\" type=\"text\" name=\"add-line-4\" \/><\/span>\n<\/p>\n<p><strong>PLZ*<\/strong>\n<\/p>\n<p><span class=\"wpcf7-form-control-wrap\" data-name=\"postcode\"><input size=\"40\" class=\"wpcf7-form-control wpcf7-text wpcf7-validates-as-required\" aria-required=\"true\" aria-invalid=\"false\" value=\"\" type=\"text\" name=\"postcode\" \/><\/span>\n<\/p>\n<p><strong>Telefon tags\u00fcber*<\/strong>\n<\/p>\n<p><span class=\"wpcf7-form-control-wrap\" data-name=\"dtpnum\"><input size=\"40\" class=\"wpcf7-form-control wpcf7-text wpcf7-validates-as-required\" aria-required=\"true\" aria-invalid=\"false\" value=\"\" type=\"text\" name=\"dtpnum\" \/><\/span>\n<\/p>\n<p><strong>Telefon privat*<\/strong>\n<\/p>\n<p><span class=\"wpcf7-form-control-wrap\" data-name=\"evpnum\"><input size=\"40\" class=\"wpcf7-form-control wpcf7-text wpcf7-validates-as-required\" aria-required=\"true\" aria-invalid=\"false\" value=\"\" type=\"text\" name=\"evpnum\" \/><\/span>\n<\/p>\n<p><strong>Ihre E-Mail* <\/strong>\n<\/p>\n<p><span class=\"wpcf7-form-control-wrap\" data-name=\"email\"><input size=\"40\" class=\"wpcf7-form-control wpcf7-email wpcf7-validates-as-required wpcf7-text wpcf7-validates-as-email\" aria-required=\"true\" aria-invalid=\"false\" value=\"\" type=\"email\" name=\"email\" \/><\/span>\n<\/p>\n<h4>Melden Sie sich an, um Inspirations-Benutzer-E-Mails zu erhalten\n<\/h4>\n<p>Nur f\u00fcr Inspiration-Benutzer - der E-Mail-Newsletter ist eine seltene Sache, aber f\u00fcr uns eine wesentliche M\u00f6glichkeit, Sie \u00fcber \u00c4nderungen an bestehenden Produkten zu informieren, Sicherheitsprobleme oder empfohlene neue Praktiken mitzuteilen, wichtige Updates (z. B. neue Software) zu ver\u00f6ffentlichen und von von Zeit zu Zeit neue Produkte vorzustellen oder andere Neuigkeiten zu ver\u00f6ffentlichen.\n<\/p>\n<p>Wir empfehlen Ihnen dringend, sich unten f\u00fcr den Benutzer-E-Mail-Newsletter anzumelden, um in Kontakt zu bleiben und auf dem Laufenden zu bleiben.\n<\/p>\n<p><span class=\"wpcf7-form-control-wrap\" data-name=\"newsletter\"><span class=\"wpcf7-form-control wpcf7-checkbox\"><span class=\"wpcf7-list-item first last\"><input type=\"checkbox\" name=\"newsletter[]\" value=\"Bitte hier ankreuzen, wenn Sie in die Inspiration-User Mailing List aufgenommen werden m\u00f6chten\" \/><span class=\"wpcf7-list-item-label\">Bitte hier ankreuzen, wenn Sie in die Inspiration-User Mailing List aufgenommen werden m\u00f6chten<\/span><\/span><\/span><\/span>\n<\/p>\n<p>Sie k\u00f6nnen sich jederzeit abmelden, indem Sie uns kontaktieren oder auf diese Option am Fu\u00df des Newsletters klicken.\n<\/p>\n<h4>Rebreather-Details\n<\/h4>\n<p><strong>Ort des Kaufs*<\/strong>\n<\/p>\n<p><span class=\"wpcf7-form-control-wrap\" data-name=\"place-of-purchase\"><input size=\"40\" class=\"wpcf7-form-control wpcf7-text wpcf7-validates-as-required\" aria-required=\"true\" aria-invalid=\"false\" value=\"\" type=\"text\" name=\"place-of-purchase\" \/><\/span>\n<\/p>\n<p><strong>Kaufdatum*<\/strong>\n<\/p>\n<p><span class=\"wpcf7-form-control-wrap\" data-name=\"date-of-purchase\"><input size=\"40\" class=\"wpcf7-form-control wpcf7-text\" aria-invalid=\"false\" placeholder=\"TT\/MM\/JJJJ\" value=\"\" type=\"text\" name=\"date-of-purchase\" \/><\/span>\n<\/p>\n<p><strong>Kalkbeh\u00e4lter-Seriennummer*<\/strong>\n<\/p>\n<p><span class=\"wpcf7-form-control-wrap\" data-name=\"scrubber-assem-sn\"><input size=\"40\" class=\"wpcf7-form-control wpcf7-text wpcf7-validates-as-required\" aria-required=\"true\" aria-invalid=\"false\" value=\"\" type=\"text\" name=\"scrubber-assem-sn\" \/><\/span>\n<\/p>\n<p><strong>Seriennummer der Auftriebseinheit<\/strong>\n<\/p>\n<p><span class=\"wpcf7-form-control-wrap\" data-name=\"buoy-comp-sn\"><input size=\"40\" class=\"wpcf7-form-control wpcf7-text\" aria-invalid=\"false\" value=\"\" type=\"text\" name=\"buoy-comp-sn\" \/><\/span>\n<\/p>\n<p><strong>Zustand*<\/strong><br \/>\n<span class=\"wpcf7-form-control-wrap\" data-name=\"condition\"><span class=\"wpcf7-form-control wpcf7-radio\" id=\"Condition\"><span class=\"wpcf7-list-item first\"><input type=\"radio\" name=\"condition\" value=\"Neu\" \/><span class=\"wpcf7-list-item-label\">Neu<\/span><\/span><span class=\"wpcf7-list-item last\"><input type=\"radio\" name=\"condition\" value=\"Gebraucht\" \/><span class=\"wpcf7-list-item-label\">Gebraucht<\/span><\/span><\/span><\/span>\n<\/p>\n<p><strong>Falls es sich um ein gebrauchtes Ger\u00e4t handelt \u2013 wer war der vorherige Besitzer<\/strong>\n<\/p>\n<p><span class=\"wpcf7-form-control-wrap\" data-name=\"previous-owner\"><input size=\"40\" class=\"wpcf7-form-control wpcf7-text\" aria-invalid=\"false\" value=\"\" type=\"text\" name=\"previous-owner\" \/><\/span>\n<\/p>\n<p>Ausbildungsnachweis (2 MB max.) PDF, JPG, GIF, DOC, DOCX & PNG<br \/>\n<span class=\"wpcf7-form-control-wrap\" data-name=\"cert\"><input size=\"40\" class=\"wpcf7-form-control wpcf7-file\" accept=\".pdf,.jpg,.gif,.png,.jpeg,.doc,.docx\" aria-invalid=\"false\" type=\"file\" name=\"cert\" \/><\/span>\n<\/p>\n<p><input class=\"wpcf7-form-control wpcf7-submit has-spinner\" type=\"submit\" value=\"REGISTRIEREN\" \/>\n<\/p>\n<h4>Vertraulichkeit\n<\/h4>\n<p>Alle mit diesem Formular \u00fcbertragenen Informationen bleiben streng vertraulich und werden niemandem au\u00dferhalb von AP Diving zug\u00e4nglich gemacht.\n<\/p>\n<div class=\"wpcf7-response-output\" aria-hidden=\"true\"><\/div><p style=\"display: none !important;\" class=\"akismet-fields-container\" data-prefix=\"_wpcf7_ak_\"><label>&#916;<textarea name=\"_wpcf7_ak_hp_textarea\" cols=\"45\" rows=\"8\" maxlength=\"100\"><\/textarea><\/label><input type=\"hidden\" id=\"ak_js_1\" name=\"_wpcf7_ak_js\" value=\"81\"\/><script>document.getElementById( \"ak_js_1\" ).setAttribute( \"value\", ( new Date() ).getTime() );<\/script><\/p>\n<\/form>\n<\/div>\n<\/span><\/p>\n<\/div><\/div><\/div><\/div><\/div><!--vgRowWrapper--><\/div><\/div>","protected":false},"excerpt":{"rendered":"<p>Welches sind die Vorteile einer Registrierung? 1.\u00a0\u00a0 Erwerb von Austausch-und Ersatzteilen. Die Registrierung erm\u00f6glicht Ihnen Ersatz- und Austauschteile zu kaufen. Inspiration- und Evolutionger\u00e4te und Inspiration- und Evolution-Ersatz-und -Austauschteile werden ausschlie\u00dflich von Ambient Pressure Diving (und unseren Distributoren) an Taucher, die ihre Ausbildung abgeschlossen und sich bei AP registriert haben, verkauft.\u00a0\u00a0\u00a0\u00a0 \u20282. Wartung im Werk. Die <a href=\"https:\/\/www.apdiving.eu\/de\/rebreathers\/register\/\">[Read More &hellip;]<\/a><\/p>\n","protected":false},"author":4,"featured_media":0,"parent":7,"menu_order":0,"comment_status":"open","ping_status":"open","template":"","meta":{"footnotes":""},"class_list":["post-2330","page","type-page","status-publish","hentry"],"_links":{"self":[{"href":"https:\/\/www.apdiving.eu\/de\/wp-json\/wp\/v2\/pages\/2330","targetHints":{"allow":["GET"]}}],"collection":[{"href":"https:\/\/www.apdiving.eu\/de\/wp-json\/wp\/v2\/pages"}],"about":[{"href":"https:\/\/www.apdiving.eu\/de\/wp-json\/wp\/v2\/types\/page"}],"author":[{"embeddable":true,"href":"https:\/\/www.apdiving.eu\/de\/wp-json\/wp\/v2\/users\/4"}],"replies":[{"embeddable":true,"href":"https:\/\/www.apdiving.eu\/de\/wp-json\/wp\/v2\/comments?post=2330"}],"version-history":[{"count":7,"href":"https:\/\/www.apdiving.eu\/de\/wp-json\/wp\/v2\/pages\/2330\/revisions"}],"predecessor-version":[{"id":8473,"href":"https:\/\/www.apdiving.eu\/de\/wp-json\/wp\/v2\/pages\/2330\/revisions\/8473"}],"up":[{"embeddable":true,"href":"https:\/\/www.apdiving.eu\/de\/wp-json\/wp\/v2\/pages\/7"}],"wp:attachment":[{"href":"https:\/\/www.apdiving.eu\/de\/wp-json\/wp\/v2\/media?parent=2330"}],"curies":[{"name":"wp","href":"https:\/\/api.w.org\/{rel}","templated":true}]}}