{"id":20,"date":"2013-07-22T15:32:30","date_gmt":"2013-07-22T15:32:30","guid":{"rendered":"http:\/\/ap.msurl.net\/blog\/?page_id=20"},"modified":"2024-06-13T13:41:48","modified_gmt":"2024-06-13T13:41:48","slug":"service","status":"publish","type":"page","link":"https:\/\/www.apdiving.eu\/de\/service\/","title":{"rendered":"Service"},"content":{"rendered":"<div id=\"pl-20\"  class=\"panel-layout\" ><div id=\"pg-20-0\"  class=\"panel-grid panel-no-style\" ><div class=\"vgRowWrapper\"><div id=\"pgc-20-0-0\"  class=\"panel-grid-cell panel-grid-cell-empty\" ><\/div><div id=\"pgc-20-0-1\"  class=\"panel-grid-cell panel-grid-cell-mobile-last\" ><div id=\"panel-20-0-1-0\" class=\"so-panel widget widget_black-studio-tinymce widget_black_studio_tinymce panel-first-child panel-last-child\" data-index=\"0\" ><div class=\"textwidget\"><h1 style=\"text-align: center;\">REBREATHER- &amp; JACKET-WARTUNG<\/h1>\n<h3 style=\"text-align: center;\">Warum sollte ich meine Ausr\u00fcstung bei AP warten lassen?<\/h3>\n<p>AP Diving ist weltweit bekannt f\u00fcr Qualit\u00e4t, Best\u00e4ndigkeit und Service. Wir wahren diesen Ruf, indem wir weiterhin 95% unserer Produkte selbst fertigen. Dies sichert die volle Kontrolle \u00fcber den Fertigungsprozess von der Ursprungsidee, zur Produktentwicklung, \u00fcber Werkzeugbau, Metallbearbeitung, Formguss, Montage, Tests, Qualit\u00e4tskontrolle und schlie\u00dflich bis zum fertigen Produkt. Und das hei\u00dft auch, dass wir jederzeit einen freundlichen unschlagbaren Kundenservice bieten k\u00f6nnen, weil wir selbst Taucher sind und unsere Produkte in- und auswendig kennen.<\/p>\n<p>\u00a0<\/p>\n<\/div><\/div><\/div><div id=\"pgc-20-0-2\"  class=\"panel-grid-cell panel-grid-cell-empty\" ><\/div><\/div><!--vgRowWrapper--><\/div><div id=\"pg-20-1\"  class=\"panel-grid panel-has-style\" ><div class=\"vgfull vg-spacing panel-row-style panel-row-style-for-20-1\" ><div class=\"vgRowWrapper\"><div id=\"pgc-20-1-0\"  class=\"panel-grid-cell panel-grid-cell-empty\" ><\/div><div id=\"pgc-20-1-1\"  class=\"panel-grid-cell panel-grid-cell-mobile-last\" ><div class=\"vgLinkSingle\"><a  class=\"vgLink yellow\" href=\"https:\/\/www.apdiving.eu\/de\/wp-content\/uploads\/Servicing-Form1.pdf\">DOWNLOAD WARTUNGSFORMULAR<\/a><\/div><\/div><div id=\"pgc-20-1-2\"  class=\"panel-grid-cell panel-grid-cell-empty\" ><\/div><\/div><!--vgRowWrapper--><\/div><\/div><div id=\"pg-20-2\"  class=\"panel-grid panel-has-style\" ><div class=\"vgfull panel-row-style panel-row-style-for-20-2\" ><div class=\"vgRowWrapper\"><div id=\"pgc-20-2-0\"  class=\"panel-grid-cell panel-grid-cell-empty\" ><\/div><div id=\"pgc-20-2-1\"  class=\"panel-grid-cell panel-grid-cell-mobile-last\" ><div id=\"panel-20-2-1-0\" class=\"so-panel widget widget_black-studio-tinymce widget_black_studio_tinymce panel-first-child panel-last-child\" data-index=\"2\" ><div class=\"textwidget\"><p>\u00a0<\/p>\n<p>Die Produktwartung wird direkt von unserer Serviceabteilung im Werk in Cornwall, Gro\u00dfbritannien durchgef\u00fchrt, wo wir Ersatzteile jederzeit reichlich auf Vorrat haben.<\/p>\n<p>Auch wenn wir extrem haltbare Materialien verwenden und unsere Produkte so konstruieren, dass sie dem Zahn der Zeit gut trotzen, so wird Ihre Tauchausr\u00fcstung doch extrem harten Umgebungen und Bedingungen ausgesetzt. In Schwimmb\u00e4dern mit stark gechlortem Wasser, bei extremen Temperaturen, unter anhaltender Sonnenbestrahlung ebenso wie durch Salzablagerungen und beim durch Sand gezerrt werden... Wenn Sie Ihre Ausr\u00fcstung regelm\u00e4\u00dfig warten, vermeiden Sie bleibende Sch\u00e4den und k\u00f6nnen sich voll ihrer Tauchg\u00e4nge erfreuen, ohne sich zu sorgen, was schief gehen k\u00f6nnte.<\/p>\n<h4>Unsere Vorgehensweise<\/h4>\n<p>Wir zerlegen, reinigen und setzen wieder zusammen oder tauschen alte Teile aus, wenn notwendig. Bestimmte Bauteile, die dem ganz normalen Verschlei\u00df unterliegen, wie Dichtungen und O-Ringe werden automatisch erneuert. Danach wird Ihr Ausr\u00fcstungsgegenstand auf korrekte Funktionsf\u00e4higkeit getestet bevor er verpackt und schnell wieder zu Ihnen auf den Weg geschickt wird. Wir haben au\u00dferdem Wartungsvertr\u00e4ge mit kommerziellen und milit\u00e4rischen Organisationen, die besonders hohe Anspr\u00fcche haben. Damit k\u00f6nnen Sie sicher sein, dass auch Ihr Ger\u00e4t in den besten H\u00e4nden ist.<\/p>\n<p>Bitte beachten Sie, dass wir nur von AP hergestellte Ausr\u00fcstungsgegenst\u00e4nde warten k\u00f6nnen. Wir haben weder die n\u00f6tigen Ersatzteile noch sind wir entsprechend geschult, um die Fabrikate anderer Hersteller warten zu k\u00f6nnen.<\/p><\/div><\/div><\/div><div id=\"pgc-20-2-2\"  class=\"panel-grid-cell panel-grid-cell-empty\" ><\/div><\/div><!--vgRowWrapper--><\/div><\/div><div id=\"pg-20-3\"  class=\"panel-grid panel-has-style\" ><div class=\"vgfull vg-spacing panel-row-style panel-row-style-for-20-3\" ><div class=\"vgRowWrapper\"><div id=\"pgc-20-3-0\"  class=\"panel-grid-cell panel-grid-cell-mobile-last\" ><div id=\"panel-20-3-0-0\" class=\"so-panel widget widget_black-studio-tinymce widget_black_studio_tinymce panel-first-child panel-last-child\" data-index=\"3\" ><div class=\"textwidget\"><h3>Welche Arten der Produktwartung<br \/>werden angeboten?<\/h3>\n<p>Wir bieten umfassende Wartungen f\u00fcr alle unsere Produkte an, von Flaschenventilen bis zur Rebreather-Elektronik. Die typischen Produkte, die in die Wartung kommen sind:\u00a0<\/p>\n<\/div><\/div><\/div><div id=\"pgc-20-3-1\"  class=\"panel-grid-cell panel-grid-cell-empty\" ><\/div><\/div><!--vgRowWrapper--><\/div><\/div><div id=\"pg-20-4\"  class=\"panel-grid panel-has-style\" ><div class=\"vgfull  panel-row-style panel-row-style-for-20-4\" ><div class=\"vgRowWrapper\"><div id=\"pgc-20-4-0\"  class=\"panel-grid-cell\" ><div id=\"panel-20-4-0-0\" class=\"so-panel widget widget_black-studio-tinymce widget_black_studio_tinymce panel-first-child panel-last-child\" data-index=\"4\" ><div class=\"textwidget\"><h5><strong>Rebreather\/CCR<\/strong><\/h5>\n<ul>\n<li>Gegenlungen<\/li>\n<li>Wing<\/li>\n<li>Open Circuit Bailout-Ventil (OCB)<\/li>\n<li>Mundst\u00fcck<\/li>\n<li>Inflator<\/li>\n<li>Automatic Diluent Valve (ADV) \u2013 Automatisches Verd\u00fcnnungsgas-Ventil<\/li>\n<li>Erste Stufen (nur AP Diving-Fabrikate)\u00a0<\/li>\n<li>Mittel- und Hochdruckschl\u00e4uche<\/li>\n<li>Classic Elektronik<\/li>\n<li>Vision Elektronik<\/li>\n<\/ul>\n<\/div><\/div><\/div><div id=\"pgc-20-4-1\"  class=\"panel-grid-cell\" ><div id=\"panel-20-4-1-0\" class=\"so-panel widget widget_black-studio-tinymce widget_black_studio_tinymce panel-first-child panel-last-child\" data-index=\"5\" ><div class=\"textwidget\"><h5><strong>Tarierjackets\/OC<\/strong><\/h5>\n<ul>\n<li>Auftriebsblase (innere Blase)<\/li>\n<li>Inflatoren und Atemventile<\/li>\n<li>(Notfall-)Miniflasche und Ventil<\/li>\n<li>Mitteldruckschl\u00e4uche<\/li>\n<\/ul>\n<h5><strong><br \/>Zubeh\u00f6r<\/strong><\/h5>\n<ul>\n<li>Blast Air Horn (Signalhorn)<\/li>\n<\/ul>\n<\/div><\/div><\/div><\/div><!--vgRowWrapper--><\/div><\/div><div id=\"pg-20-5\"  class=\"panel-grid panel-has-style\" ><div class=\"sep panel-row-style panel-row-style-for-20-5\" ><div class=\"vgRowWrapper\"><div id=\"pgc-20-5-0\"  class=\"panel-grid-cell panel-grid-cell-mobile-last\" ><div id=\"panel-20-5-0-0\" class=\"so-panel widget widget_black-studio-tinymce widget_black_studio_tinymce panel-first-child panel-last-child\" data-index=\"6\" ><div class=\"textwidget\"><p>Wir legen bei der Absch\u00e4tzung der Reparatur- und Wartungskosten f\u00fcr Ihre Ausr\u00fcstung unsere \u201eWartungsrichtlinien\u201c zugrunde. Dieser Kostenvoranschlag gibt Ihnen eine gute Gr\u00f6\u00dfenordnung vor, mit welchen Kosten sie rechnen k\u00f6nnen. Dennoch, jedes Teil wird individuell begutachtet und bevor wir mit der eigentlichen Arbeit starten, werden wir Sie kontaktieren falls wir doch mit h\u00f6heren Kosten rechnen sollten.<\/p><\/div><\/div><\/div><div id=\"pgc-20-5-1\"  class=\"panel-grid-cell panel-grid-cell-empty\" ><\/div><\/div><!--vgRowWrapper--><\/div><\/div><div id=\"pg-20-6\"  class=\"panel-grid panel-has-style\" ><div class=\"sep panel-row-style panel-row-style-for-20-6\" ><div class=\"vgRowWrapper\"><div id=\"pgc-20-6-0\"  class=\"panel-grid-cell panel-grid-cell-mobile-last\" ><div id=\"panel-20-6-0-0\" class=\"so-panel widget widget_black-studio-tinymce widget_black_studio_tinymce panel-first-child panel-last-child\" data-index=\"7\" ><div class=\"textwidget\"><h4>Wie oft sollte ich meine Tauchausr\u00fcstung warten lassen?<\/h4>\n<p>Pflege\/Wartung ist eine stetiges Muss f\u00fcr Tauchausr\u00fcstung. Wir empfehlen folgendes:\u00a0<\/p>\n<p>J\u00e4hrliche Wartung<\/p>\n<p>Erste Stufen <br \/> Auto Air\u2028<br \/> OCB<\/p>\n<h4>Alle 2 \u00bd Jahre<\/h4>\n<p>Inspektion des Flascheninnenraums<\/p>\n<h4>Alle 5 Jahre<\/h4>\n<p>Hydrostatische Flaschenpr\u00fcfung<\/p>\n<p>(AP Diving f\u00fchrt keine Flaschenwartungen durch, aber wir haben einen Austauschprogramm f\u00fcr Jacket-Miniflaschen)<\/p>\n<h4>Alle 7 Jahre<\/h4>\n<p>Austausch der O-Ringe in allen Ger\u00e4ten<\/p>\n<\/div><\/div><\/div><div id=\"pgc-20-6-1\"  class=\"panel-grid-cell panel-grid-cell-empty\" ><\/div><\/div><!--vgRowWrapper--><\/div><\/div><div id=\"pg-20-7\"  class=\"panel-grid panel-has-style\" ><div class=\"sep panel-row-style panel-row-style-for-20-7\" ><div class=\"vgRowWrapper\"><div id=\"pgc-20-7-0\"  class=\"panel-grid-cell\" ><div id=\"panel-20-7-0-0\" class=\"so-panel widget widget_black-studio-tinymce widget_black_studio_tinymce panel-first-child panel-last-child\" data-index=\"8\" ><div class=\"textwidget\"><h4>Wartet AP Diving auch die \u201eBUDDY\u201c-Produkte von AP Valves?<\/h4>\n<p>Ja, selbstverst\u00e4ndlich. Die BUDDY-Produktpalette von AP Valves wurde umbenannt in die AP Commando-Range unter AP Diving. Es sind die selben tollen Produkte die von den selben Leuten gefertigt wurden \u2013 nur mit einem neuen Markennamen. Wir m\u00f6chten Kunden mit einem BUDDY Commando, Explorer, Ranger, Sport, Trident, Tekwing, Pioneer, Profile, Slimline oder anderen Variante ausdr\u00fccklich ermutigen, eine Wartung oder gar ein Upgrading auf eines unserer neuesten Modelle vornehmen zu lassen.<\/p>\n<\/div><\/div><\/div><\/div><!--vgRowWrapper--><\/div><\/div><div id=\"pg-20-8\"  class=\"panel-grid panel-has-style\" ><div class=\"sep panel-row-style panel-row-style-for-20-8\" ><div class=\"vgRowWrapper\"><div id=\"pgc-20-8-0\"  class=\"panel-grid-cell\" ><div id=\"panel-20-8-0-0\" class=\"so-panel widget widget_black-studio-tinymce widget_black_studio_tinymce panel-first-child panel-last-child\" data-index=\"9\" ><div class=\"textwidget\"><h4>Wie lange wird eine Wartung meiner Ausr\u00fcstung bei AP Diving dauern?<\/h4>\n<p>Unser Wartungspersonal setzt alles daran, Ihr Ger\u00e4t innerhalb von 5 Werktagen zu warten und zu versenden. Rebreather-Elektronik ist etwas anspruchsvoller, aber wir bem\u00fchen uns diese in 10-14 Tagen fertigzustellen. Bei Sto\u00dfzeiten kann dies auch etwas l\u00e4nger dauern. Dies ist meist zu Beginn und Ende der Tauchsaison in Gro\u00dfbritannien und nach den Messen. Wenn Sie Ihr Ger\u00e4t innerhalb einer bestimmten Zeitspanne zur\u00fcck ben\u00f6tigen, dann lassen Sie es uns wissen und wir tun alles in unserer Macht stehende, um dies zu erm\u00f6glichen.<\/p>\n<\/div><\/div><\/div><\/div><!--vgRowWrapper--><\/div><\/div><div id=\"pg-20-9\"  class=\"panel-grid panel-has-style\" ><div class=\"sep panel-row-style panel-row-style-for-20-9\" ><div class=\"vgRowWrapper\"><div id=\"pgc-20-9-0\"  class=\"panel-grid-cell\" ><div id=\"panel-20-9-0-0\" class=\"so-panel widget widget_black-studio-tinymce widget_black_studio_tinymce panel-first-child panel-last-child\" data-index=\"10\" ><div class=\"textwidget\"><h4>Wie genau kann ich die Wartung meines Ger\u00e4tes veranlassen?<\/h4>\n<p>Es ist ganz einfach: das\u00a0 <a href=\"https:\/\/www.apdiving.eu\/de\/wp-content\/uploads\/Servicing-Form.pdf\">Wartungsformular herunterladen<\/a> und den einfachen Anweisungen folgen. Vergessen Sie nicht Ihre Kontaktdaten, eine kurze Beschreibung, was gemacht werden soll und etwaige Fehlfunktionen zu benennen. Das ganze muss nicht sehr detailliert sein, da unser Wartungspersonal sich mit Ihnen in Kontakt setzen wird, um die durchzuf\u00fchrenden Arbeiten und daraus entstehenden Kosten zu besprechen, bevor gestartet wird. Legen Sie das ausgef\u00fcllte Formular Ihrem zu wartenden Ger\u00e4t bei und w\u00e4hlen Sie eine Versandart aus (siehe Versandarten weiter unten).<\/p>\n<\/div><\/div><\/div><\/div><!--vgRowWrapper--><\/div><\/div><div id=\"pg-20-10\"  class=\"panel-grid panel-has-style\" ><div class=\"vgfull  panel-row-style panel-row-style-for-20-10\" ><div class=\"vgRowWrapper\"><div id=\"pgc-20-10-0\"  class=\"panel-grid-cell panel-grid-cell-mobile-last\" ><div id=\"panel-20-10-0-0\" class=\"so-panel widget widget_black-studio-tinymce widget_black_studio_tinymce panel-first-child panel-last-child\" data-index=\"11\" ><div class=\"textwidget\"><h4>Wie kann ich mein Ger\u00e4t zu AP schicken?<\/h4>\n<p>Es gibt grunds\u00e4tzlich drei verschiedene M\u00f6glichkeiten, Ihr Ger\u00e4t zu uns zu schicken. W\u00e4hlen Sie das f\u00fcr sie bequemste Verfahren aus aber stellen Sie auf jeden Fall sicher, dass sie das ausgef\u00fcllte AP Wartungsformular beigelegt haben.<\/p>\n<\/div><\/div><\/div><div id=\"pgc-20-10-1\"  class=\"panel-grid-cell panel-grid-cell-empty\" ><\/div><\/div><!--vgRowWrapper--><\/div><\/div><div id=\"pg-20-11\"  class=\"panel-grid panel-no-style\" ><div class=\"vgRowWrapper\"><div id=\"pgc-20-11-0\"  class=\"panel-grid-cell\" ><div id=\"panel-20-11-0-0\" class=\"so-panel widget widget_black-studio-tinymce widget_black_studio_tinymce panel-first-child panel-last-child\" data-index=\"12\" ><div class=\"textwidget\"><h5>1.\u00a0Postweg<\/h5>\n<p><img loading=\"lazy\" decoding=\"async\" width=\"298\" height=\"92\" class=\" wp-image-1890 alignnone\" src=\"https:\/\/www.apdiving.eu\/de\/wp-content\/uploads\/service-postage-types-apdiving-post.jpg\" alt=\"service-postage-types-apdiving-post\" \/><\/p>\n<p>Bitte senden Sie Ihr\/e Ger\u00e4t\/e an:<\/p>\n<p>Service Department<br \/>\nAP Diving<br \/>\nWater-ma-Trout Industrial Estate<br \/>\nHelston <br \/>\nCornwall<br \/>\nTR13 0LW<br \/>\nUnited Kingdom<\/p>\n<p>Das Versandrisiko liegt bei Ihnen und geht erst auf uns \u00fcber, wenn wir die Sendung erhalten. W\u00e4hlen Sie daher einen Ihnen vertrauensw\u00fcrdigen Versandservice, ggf. mit entsprechender Sendungsverfolgung und Versandversicherungen.<\/p>\n<\/div><\/div><\/div><div id=\"pgc-20-11-1\"  class=\"panel-grid-cell\" ><div id=\"panel-20-11-1-0\" class=\"so-panel widget widget_black-studio-tinymce widget_black_studio_tinymce panel-first-child panel-last-child\" data-index=\"13\" ><div class=\"textwidget\"><h5>2.\u00a0Abgabe direkt bei uns im AP Diving Werk oder auf unserem Stand bei einer Tauch-Messe<\/h5>\n<p><img loading=\"lazy\" decoding=\"async\" width=\"298\" height=\"92\" class=\"alignnone  wp-image-2300\" src=\"https:\/\/www.apdiving.eu\/de\/wp-content\/uploads\/service-home-01.jpg\" alt=\"service-home-01\" \/><\/p>\n<p>Sollten Sie nahe unserem Werk in Helston, Cornwall wohnen, k\u00f6nnen Sie Ihr Ger\u00e4t auch direkt zu uns ins Werk bringen oder ebenso zu uns auf unseren Messestand, sollten wir auf einer Tauchsportmesse in Ihrer N\u00e4he vertreten sein. Wir werden es dann nach Beendigung der Messe mit zu uns ins Werk nehmen und in die entsprechenden H\u00e4nde weitergeben.<\/p>\n<\/div><\/div><\/div><\/div><!--vgRowWrapper--><\/div><div id=\"pg-20-12\"  class=\"panel-grid panel-no-style\" ><div class=\"vgRowWrapper\"><div id=\"pgc-20-12-0\"  class=\"panel-grid-cell\" ><div id=\"panel-20-12-0-0\" class=\"so-panel widget widget_black-studio-tinymce widget_black_studio_tinymce panel-first-child panel-last-child\" data-index=\"14\" ><div class=\"textwidget\"><h4>Kann ich auch Ersatzteile kaufen und mein Ger\u00e4t selber warten?<\/h4>\n<p>Ja, nat\u00fcrlich. Nahezu einzig unter allen Tauchausr\u00fcstungsherstellern fertigen wir nahezu alle unserer Komponenten inhouse. Damit haben wir nicht nur eine vollst\u00e4ndige Qualit\u00e4tskontrolle \u00fcber den gesamten Herstellungsprozess, sondern jederzeit auch einen umfangreichen Vorrat an Ersatz- und Zubeh\u00f6rteilen aus unserer Fabrik in Cornwall zur Verf\u00fcgung. Wir sind stolz auf unseren erstklassigen Kundendienst und wir bieten auch eine Reihe von Reparaturwerkzeugen\/Wartungspaketen und Teilbaus\u00e4tze f\u00fcr einzelne Produkte an.<\/p>\n<\/div><\/div><\/div><\/div><!--vgRowWrapper--><\/div><div id=\"pg-20-13\"  class=\"panel-grid panel-has-style\" ><div class=\"vgfull vg-spacing panel-row-style panel-row-style-for-20-13\" ><div class=\"vgRowWrapper\"><div id=\"pgc-20-13-0\"  class=\"panel-grid-cell panel-grid-cell-empty\" ><\/div><div id=\"pgc-20-13-1\"  class=\"panel-grid-cell panel-grid-cell-mobile-last\" ><div class=\"vgLinkSingle\"><a  class=\"vgLink yellow\" href=\"https:\/\/www.apdiving.com\/shop\/spares.html\">ERSATZTEILE UND WARTUNGSPAKETE KAUFEN<\/a><\/div><\/div><div id=\"pgc-20-13-2\"  class=\"panel-grid-cell panel-grid-cell-empty\" ><\/div><\/div><!--vgRowWrapper--><\/div><\/div><\/div>","protected":false},"excerpt":{"rendered":"<p>REBREATHER- &amp; JACKET-WARTUNGWarum sollte ich meine Ausr\u00fcstung bei AP warten lassen?AP Diving ist weltweit bekannt f\u00fcr Qualit\u00e4t, Best\u00e4ndigkeit und Service. Wir wahren diesen Ruf, indem wir weiterhin 95% unserer Produkte selbst fertigen. Dies sichert die volle Kontrolle \u00fcber den Fertigungsprozess von der Ursprungsidee, zur Produktentwicklung, \u00fcber Werkzeugbau, Metallbearbeitung, Formguss, Montage, Tests, Qualit\u00e4tskontrolle und schlie\u00dflich bis <a href=\"https:\/\/www.apdiving.eu\/de\/service\/\">[Read More &hellip;]<\/a><\/p>\n","protected":false},"author":4,"featured_media":0,"parent":0,"menu_order":0,"comment_status":"open","ping_status":"open","template":"","meta":{"footnotes":""},"class_list":["post-20","page","type-page","status-publish","hentry"],"_links":{"self":[{"href":"https:\/\/www.apdiving.eu\/de\/wp-json\/wp\/v2\/pages\/20","targetHints":{"allow":["GET"]}}],"collection":[{"href":"https:\/\/www.apdiving.eu\/de\/wp-json\/wp\/v2\/pages"}],"about":[{"href":"https:\/\/www.apdiving.eu\/de\/wp-json\/wp\/v2\/types\/page"}],"author":[{"embeddable":true,"href":"https:\/\/www.apdiving.eu\/de\/wp-json\/wp\/v2\/users\/4"}],"replies":[{"embeddable":true,"href":"https:\/\/www.apdiving.eu\/de\/wp-json\/wp\/v2\/comments?post=20"}],"version-history":[{"count":10,"href":"https:\/\/www.apdiving.eu\/de\/wp-json\/wp\/v2\/pages\/20\/revisions"}],"predecessor-version":[{"id":8254,"href":"https:\/\/www.apdiving.eu\/de\/wp-json\/wp\/v2\/pages\/20\/revisions\/8254"}],"wp:attachment":[{"href":"https:\/\/www.apdiving.eu\/de\/wp-json\/wp\/v2\/media?parent=20"}],"curies":[{"name":"wp","href":"https:\/\/api.w.org\/{rel}","templated":true}]}}