{"id":1811,"date":"2013-12-28T13:48:54","date_gmt":"2013-12-28T13:48:54","guid":{"rendered":"http:\/\/ap.msurl.net\/blog\/?page_id=1811"},"modified":"2015-12-16T16:47:39","modified_gmt":"2015-12-16T16:47:39","slug":"warranties","status":"publish","type":"page","link":"https:\/\/www.apdiving.eu\/de\/service\/warranties\/","title":{"rendered":"Warranties"},"content":{"rendered":"<div id=\"pl-1811\"  class=\"panel-layout\" ><div id=\"pg-1811-0\"  class=\"panel-grid panel-no-style\" ><div class=\"vgRowWrapper\"><div id=\"pgc-1811-0-0\"  class=\"panel-grid-cell\" ><div id=\"panel-1811-0-0-0\" class=\"so-panel widget widget_black-studio-tinymce widget_black_studio_tinymce panel-first-child\" data-index=\"0\" ><div class=\"textwidget\"><h2 style=\"text-align: center;\">AP DIVING GARANTIEBESTIMMUNGEN<\/h2>\n<\/div><\/div><div id=\"panel-1811-0-0-1\" class=\"so-panel widget widget_black-studio-tinymce widget_black_studio_tinymce\" data-index=\"1\" ><div class=\"textwidget\"><h3 style=\"text-align: center;\">Welche Garantie erhalten Sie mit einem neuen AP Diving-Produkt?<\/h3>\n<p>Wir sind sehr stolz auf die Qualit\u00e4t und Best\u00e4ndigkeit unserer Produkte und sind uns sicher, dass sie hervorragend auch unter den h\u00e4rtesten Bedingungen arbeiten. Daher erh\u00e4lt der Erstbesitzer eines Doppelblasen-Jackets - Commando, Commando Explorer, Tekwing, Trident und Redwing \u2013 die einmalige AP Lebensgarantie \u2013 auf die Verarbeitung\/N\u00e4hte der inneren PU-Blase und eine 3-Jahres-Garantie auf Material- und Verarbeitungsfehler der \u00e4u\u00dferen Bestandteile des Jackets.<\/p>\n<p>F\u00fcr die AP Einzelblasen-Traveljackets - das Commando Escape und das Travelwing \u2013 geben wir eine (l\u00e4nger als im Markt \u00fcbliche) 3-Jahres-Garantie auf Material- und Verarbeitungsfehler. F\u00fcr alle anderen Produkte geben wir die Standardgarantie \u00fcber 1 Jahr.<\/p>\n<p>Es gibt weitere spezielle Bedingungen und Ausnahmen f\u00fcr Jackets und Rebreather, n\u00e4mlich:<\/p>\n<\/div><\/div><div id=\"panel-1811-0-0-2\" class=\"so-panel widget widget_sow-image panel-last-child\" data-index=\"2\" ><div class=\"panel-widget-style panel-widget-style-for-1811-0-0-2\" ><div\n\t\t\t\n\t\t\tclass=\"so-widget-sow-image so-widget-sow-image-default-8b5b6f678277-1811\"\n\t\t\t\n\t\t>\n\n<div class=\"sow-image-container\">\n\t\t<img loading=\"lazy\" decoding=\"async\" src=\"https:\/\/www.apdiving.eu\/de\/wp-content\/uploads\/separator-middle3.jpg\" width=\"970\" height=\"20\" srcset=\"https:\/\/www.apdiving.eu\/de\/wp-content\/uploads\/separator-middle3.jpg 970w, https:\/\/www.apdiving.eu\/de\/wp-content\/uploads\/separator-middle3-300x6.jpg 300w\" sizes=\"auto, (max-width: 970px) 100vw, 970px\" title=\"separator-middle\" alt=\"\" \t\tclass=\"so-widget-image\"\/>\n\t<\/div>\n\n<\/div><\/div><\/div><\/div><\/div><!--vgRowWrapper--><\/div><div id=\"pg-1811-1\"  class=\"panel-grid panel-no-style\" ><div class=\"vgRowWrapper\"><div id=\"pgc-1811-1-0\"  class=\"panel-grid-cell\" ><div id=\"panel-1811-1-0-0\" class=\"so-panel widget widget_black-studio-tinymce widget_black_studio_tinymce panel-first-child panel-last-child\" data-index=\"3\" ><div class=\"textwidget\"><h2>\u00a0<\/h2>\n<h2>Jackets ab Januar 2014:<\/h2>\n<p>Alle AP Diving-Produkte unterliegen unabh\u00e4ngig davon, wo sie erworben oder benutzt werden, ausschlie\u00dflich Britischem Recht bez\u00fcglich Garantieforderungen und Gew\u00e4hrleistungspflichten.<\/p>\n<p>AP Jackets haben von Januar 2014 an auf Material- und Verarbeitungsfehler eine 3-Jahres-Garantie ab Kaufdatum. Falls ein Fehler auftaucht wird AP nach eigenem Ermessen das fehlerhafte Teil entweder reparieren oder erneuern. Alle Garantieforderungen sind daher direkt an AP zu richten.<\/p>\n<p>AP beh\u00e4lt sich das Recht vor, alle Garantieforderungen zu pr\u00fcfen. Falls ein Fehler auftritt, nehmen Sie bitte zuerst mit unserem Werk Kontakt zur Beratung auf . Falls erforderlich sollte das Produkt direkt ans Werk gesendet werden, frankiert und versichert. Zweckentfremdeter Gebrauch oder\u00a0 Vernachl\u00e4ssigung\/schlechte Pflege schlie\u00dfen den Garantiefall aus. Geben Sie auf Ihre Tauchausr\u00fcstung acht und Ihre Ausr\u00fcstung wird auf Sie acht geben.<\/p>\n<\/div><\/div><\/div><\/div><!--vgRowWrapper--><\/div><div id=\"pg-1811-2\"  class=\"panel-grid panel-no-style\" ><div class=\"vgRowWrapper\"><div id=\"pgc-1811-2-0\"  class=\"panel-grid-cell\" ><div id=\"panel-1811-2-0-0\" class=\"so-panel widget widget_black-studio-tinymce widget_black_studio_tinymce panel-first-child panel-last-child\" data-index=\"4\" ><div class=\"textwidget\"><h3>Hinweise:<\/h3>\n<ol>\n<li>Alle inneren Blasen bei denen eine verschwei\u00dfte Naht aufgeht, werden kostenlos ausgetauscht und erneuert.<\/li>\n<li>Das R\u00fcckporto f\u00fcr die Garantieartikel \u00fcbernimmt AP.\u00a0<\/li>\n<li>Alle Tauchgesch\u00e4fte sollten immer zuerst mit AP Kontakt aufnehmen um Hilfe und Beratung zu Garantief\u00e4llen zu erhalten bevor die fraglichen Teile repariert oder ausgetauscht werden.\u00a0<\/li>\n<\/ol>\n<\/div><\/div><\/div><div id=\"pgc-1811-2-1\"  class=\"panel-grid-cell\" ><div id=\"panel-1811-2-1-0\" class=\"so-panel widget widget_black-studio-tinymce widget_black_studio_tinymce panel-first-child panel-last-child\" data-index=\"5\" ><div class=\"textwidget\"><h3>Ausnahmen:<\/h3>\n<ol>\n<li>Die Farben (selbst bei schwarz) der Au\u00dfenh\u00fclle verblassen mit der Zeit, insbesondere wenn das Jacket starker Sonnenbestrahlung ausgesetzt ist.<\/li>\n<li>Die innere Blase ist nicht gegen Einstiche\/L\u00f6cher von der Garantie abgedeckt, da diese nur bei missbr\u00e4uchlicher Nutzung auftreten k\u00f6nnen.<\/li>\n<li>Jackets die bei Tauchclubs und Tauchschulen in Gebrauch sind.<\/li>\n<li>Die Alu-Flasche ist nur von der 12-Monats-Garantie von Luxfers abgedeckt. Das Auto Air wird von\u00a0 einer 1-Jahres-Garantie abgedeckt.<\/li>\n<\/ol>\n<\/div><\/div><\/div><\/div><!--vgRowWrapper--><\/div><div id=\"pg-1811-3\"  class=\"panel-grid panel-no-style\" ><div class=\"vgRowWrapper\"><div id=\"pgc-1811-3-0\"  class=\"panel-grid-cell panel-grid-cell-empty\" ><\/div><div id=\"pgc-1811-3-1\"  class=\"panel-grid-cell panel-grid-cell-mobile-last\" ><div class=\"vgLinkSingle\"><a  class=\"vgLink yellow\" href=\"https:\/\/www.apdiving.eu\/de\/service\/warranties\/register\/\">REGISTRIERUNG F\u00dcR IHRE JACKET-GARANTIE<\/a><\/div><\/div><div id=\"pgc-1811-3-2\"  class=\"panel-grid-cell panel-grid-cell-empty\" ><\/div><\/div><!--vgRowWrapper--><\/div><div id=\"pg-1811-4\"  class=\"panel-grid panel-no-style\" ><div class=\"vgRowWrapper\"><div id=\"pgc-1811-4-0\"  class=\"panel-grid-cell\" ><div id=\"panel-1811-4-0-0\" class=\"so-panel widget widget_sow-image panel-first-child\" data-index=\"7\" ><div class=\"panel-widget-style panel-widget-style-for-1811-4-0-0\" ><div\n\t\t\t\n\t\t\tclass=\"so-widget-sow-image so-widget-sow-image-default-8b5b6f678277-1811\"\n\t\t\t\n\t\t>\n\n<div class=\"sow-image-container\">\n\t\t<img loading=\"lazy\" decoding=\"async\" src=\"https:\/\/www.apdiving.eu\/de\/wp-content\/uploads\/separator-middle3.jpg\" width=\"970\" height=\"20\" srcset=\"https:\/\/www.apdiving.eu\/de\/wp-content\/uploads\/separator-middle3.jpg 970w, https:\/\/www.apdiving.eu\/de\/wp-content\/uploads\/separator-middle3-300x6.jpg 300w\" sizes=\"auto, (max-width: 970px) 100vw, 970px\" title=\"separator-middle\" alt=\"\" \t\tclass=\"so-widget-image\"\/>\n\t<\/div>\n\n<\/div><\/div><\/div><div id=\"panel-1811-4-0-1\" class=\"so-panel widget widget_black-studio-tinymce widget_black_studio_tinymce panel-last-child\" data-index=\"8\" ><div class=\"textwidget\"><h2>\u00a0<\/h2>\n<h2>Rebreather<\/h2>\n<p>Alle Inspiration-Rebreather haben eine Garantie von 12 Monaten ab Kaufdatum an f\u00fcr den Erstk\u00e4ufer.<\/p>\n<\/div><\/div><\/div><\/div><!--vgRowWrapper--><\/div><div id=\"pg-1811-5\"  class=\"panel-grid panel-no-style\" ><div class=\"vgRowWrapper\"><div id=\"pgc-1811-5-0\"  class=\"panel-grid-cell\" ><div id=\"panel-1811-5-0-0\" class=\"so-panel widget widget_black-studio-tinymce widget_black_studio_tinymce panel-first-child panel-last-child\" data-index=\"9\" ><div class=\"textwidget\"><h3>Bedingungen:<\/h3><p>Alle Garantiearbeiten m\u00fcssen von AP Diving autorisiert werden. Bevor das Ger\u00e4t eingeschickt wird, rufen Sie bitte im Werk f\u00fcr eine entsprechende Beratung an. Falls wir zu dem Schluss kommen, dass eine Reparatur in unserem Werk notwendig ist, dann sollte das Ger\u00e4t zusammen mit einer Kopie des Kaufbelegs, ausreichend frankiert und versichert, direkt an unser Werk in Helston in Gro\u00dfbritannien UND NICHT AN DEN TAUCHLADEN geschickt werden.<\/p><ol><li>Missbr\u00e4uchliche Benutzung, Vernachl\u00e4ssigung oder Ver\u00e4nderungen am Ger\u00e4t schlie\u00dfen jede Garantieleistung aus.<\/li><li>Dieser Garantieanspruch ist nicht \u00fcbertragbar.<\/li><\/ol><p>Alle sonstigen Rechtsbestimmungen sind davon unber\u00fchrt.<\/p><\/div><\/div><\/div><div id=\"pgc-1811-5-1\"  class=\"panel-grid-cell\" ><div id=\"panel-1811-5-1-0\" class=\"so-panel widget widget_black-studio-tinymce widget_black_studio_tinymce panel-first-child panel-last-child\" data-index=\"10\" ><div class=\"textwidget\"><h3>Ausnahmen:<\/h3><ol><li>Die Batterien sind nicht Bestandteil der Garantieleistungen.<\/li><li>Die Farben der Au\u00dfenh\u00fcllen der Gegenlungen, selbst schwarz, werden mit der Zeit verblassen, insbesondere, wenn sie starker Sonneneinstrahlung ausgesetzt sind.<\/li><li>Die inneren Beutel der Gegenlungen sind nicht gegen L\u00f6cher\/Einstiche durch die Garantie gedeckt.<\/li><li>Bei Anwendung eines (zu) starken Desinfektionsmittels k\u00f6nnen die inneren Beutel der Gegenlungen angegriffen werden und an Stabilit\u00e4t einb\u00fc\u00dfen.<\/li><\/ol><\/div><\/div><\/div><\/div><!--vgRowWrapper--><\/div><div id=\"pg-1811-6\"  class=\"panel-grid panel-no-style\" ><div class=\"vgRowWrapper\"><div id=\"pgc-1811-6-0\"  class=\"panel-grid-cell\" ><div id=\"panel-1811-6-0-0\" class=\"so-panel widget widget_sow-image panel-first-child\" data-index=\"11\" ><div class=\"panel-widget-style panel-widget-style-for-1811-6-0-0\" ><div\n\t\t\t\n\t\t\tclass=\"so-widget-sow-image so-widget-sow-image-default-8b5b6f678277-1811\"\n\t\t\t\n\t\t>\n\n<div class=\"sow-image-container\">\n\t\t<img loading=\"lazy\" decoding=\"async\" src=\"https:\/\/www.apdiving.eu\/de\/wp-content\/uploads\/separator-middle3.jpg\" width=\"970\" height=\"20\" srcset=\"https:\/\/www.apdiving.eu\/de\/wp-content\/uploads\/separator-middle3.jpg 970w, https:\/\/www.apdiving.eu\/de\/wp-content\/uploads\/separator-middle3-300x6.jpg 300w\" sizes=\"auto, (max-width: 970px) 100vw, 970px\" title=\"separator-middle\" alt=\"\" \t\tclass=\"so-widget-image\"\/>\n\t<\/div>\n\n<\/div><\/div><\/div><div id=\"panel-1811-6-0-1\" class=\"so-panel widget widget_black-studio-tinymce widget_black_studio_tinymce panel-last-child\" data-index=\"12\" ><div class=\"textwidget\"><h3>Geltendes Recht:<\/h3>\n<p>Alle AP Diving-Produkte unterliegen unabh\u00e4ngig davon, wo sie erworben oder benutzt werden, ausschlie\u00dflich Britischem Recht bez\u00fcglich Garantieforderungen und Gew\u00e4hrleistungspflichten oder sonstiger rechtlichen Forderungen. Sollte ein Anspruch geltend gemacht werden, ist der Gerichtssitz in Truro, England.<\/p>\n<p>Ausnahme f\u00fcr die USA: Alle in die USA an US-B\u00fcrger und Kunden mit Wohnsitz in den USA verkauften Produkte unterliegen dem Recht von North Carolina hinsichtlich jeglicher rechtlichen Anspr\u00fcche gegen den Hersteller, unabh\u00e4ngig davon, wo die Ausr\u00fcstung gekauft oder benutzt wird. Sollte ein Anspruch geltend gemacht werden, ist der Gerichtssitz Raleigh, North Carolina.<\/p>\n<\/div><\/div><\/div><\/div><!--vgRowWrapper--><\/div><div id=\"pg-1811-7\"  class=\"panel-grid panel-has-style\" ><div class=\"panel-row-style panel-row-style-for-1811-7\" ><div class=\"vgRowWrapper\"><div id=\"pgc-1811-7-0\"  class=\"panel-grid-cell panel-grid-cell-mobile-last\" ><div id=\"panel-1811-7-0-0\" class=\"so-panel widget widget_black-studio-tinymce widget_black_studio_tinymce panel-first-child panel-last-child\" data-index=\"13\" ><div class=\"textwidget\"><h3>Ist die Garantie auf die urspr\u00fcnglichen BUDDY Jackets weiterhin g\u00fcltig?<\/h3>\n<p>Ja, selbstverst\u00e4ndlich. Die urspr\u00fcnglichen Eigent\u00fcmergarantien f\u00fcr alle Buddy-Jackets werden weiterhin anerkannt. Dies sind folgende Garantien:<\/p>\n<h3>Jackets von August 1995 bis 2007<\/h3>\n<p>Von August 1995 an haben alle Buddy-Modelle eine Garantie. Diese deckt Material- und Verarbeitungsfehler auf die gesamte Lebenszeit f\u00fcr den Erstk\u00e4ufer ab. AP Diving beh\u00e4lt sich die Entscheidung zur Reparatur- oder zum Austausch des Produktes nach eigenem Ermessen vor.<\/p>\n<\/div><\/div><\/div><div id=\"pgc-1811-7-1\"  class=\"panel-grid-cell panel-grid-cell-empty\" ><\/div><\/div><!--vgRowWrapper--><\/div><\/div><div id=\"pg-1811-8\"  class=\"panel-grid panel-no-style\" ><div class=\"vgRowWrapper\"><div id=\"pgc-1811-8-0\"  class=\"panel-grid-cell\" ><div id=\"panel-1811-8-0-0\" class=\"so-panel widget widget_black-studio-tinymce widget_black_studio_tinymce panel-first-child panel-last-child\" data-index=\"14\" ><div class=\"textwidget\"><h3>Bedingungen:<\/h3>\n<p>Alle Garantiearbeiten m\u00fcssen von AP Diving autorisiert werden. Bevor das Ger\u00e4t eingeschickt wird, rufen Sie bitte im Werk f\u00fcr eine entsprechende Beratung an. Falls wir zu dem Schluss kommen, dass eine Reparatur in unserem Werk notwendig ist, dann sollte das Ger\u00e4t zusammen mit einer Kopie des Kaufbelegs, ausreichend frankiert und versichert, direkt an unser Werk in Helston in Gro\u00dfbritannien UND NICHT AN DEN TAUCHLADEN geschickt werden. Die Garantieleistungen werden f\u00fcr gew\u00f6hnlich binnen 24 Stunden ab Eingang bei uns im Werk ausgef\u00fchrt.<\/p>\n<ol>\n<li>Missbr\u00e4uchliche Benutzung, Vernachl\u00e4ssigung oder Ver\u00e4nderungen am Ger\u00e4t schlie\u00dfen jede Garantieleistung aus.<\/li>\n<li>Dieser Garantieanspruch ist nicht \u00fcbertragbar.<\/li>\n<\/ol>\n<p>Alle sonstigen Rechtsbestimmungen sind davon unber\u00fchrt.<\/p>\n<\/div><\/div><\/div><div id=\"pgc-1811-8-1\"  class=\"panel-grid-cell\" ><div id=\"panel-1811-8-1-0\" class=\"so-panel widget widget_black-studio-tinymce widget_black_studio_tinymce panel-first-child panel-last-child\" data-index=\"15\" ><div class=\"textwidget\"><h3>Ausnahmen:<\/h3>\n<ol>\n<li>Die Farben (selbst bei schwarz) der Au\u00dfenh\u00fclle verblassen mit der Zeit, insbesondere wenn das Jacket starker Sonnenbestrahlung ausgesetzt ist.<\/li>\n<li>Die innere Blase ist nicht gegen Einstiche\/L\u00f6cher von der Garantie abgedeckt, da diese nur bei missbr\u00e4uchlicher Nutzung auftreten k\u00f6nnen.<\/li>\n<li>Jackets die bei Tauchclubs und Tauchschulen in Gebrauch sind.<\/li>\n<li>Die Alu-Flasche ist nur von der 12-Monate-Garantie von Luxfers abgedeckt.<\/li>\n<\/ol>\n<\/div><\/div><\/div><\/div><!--vgRowWrapper--><\/div><div id=\"pg-1811-9\"  class=\"panel-grid panel-no-style\" ><div class=\"vgRowWrapper\"><div id=\"pgc-1811-9-0\"  class=\"panel-grid-cell panel-grid-cell-mobile-last\" ><div id=\"panel-1811-9-0-0\" class=\"so-panel widget widget_black-studio-tinymce widget_black_studio_tinymce panel-first-child panel-last-child\" data-index=\"16\" ><div class=\"textwidget\"><p>Mehrere Faktoren beeinflussen die Lebensdauer eines Jackets: die Anzahl der Tauchg\u00e4nge, Sonnenbestrahlung und wie hart das Jacket behandelt wird. Buddy-Jackets sind quasi \u201ekugelsicher\u201c und damit robuster als die meisten anderen und nachweislich erste Wahl f\u00fcr Tauchlehrer und sogar im milit\u00e4rischen Umfeld... aber es gibt nat\u00fcrlich immer auch Grenzen...<\/p><p><strong>Geben Sie auf Ihre Tauchausr\u00fcstung acht und sie wird auf Sie acht geben.<\/strong><\/p><\/div><\/div><\/div><div id=\"pgc-1811-9-1\"  class=\"panel-grid-cell panel-grid-cell-empty\" ><\/div><\/div><!--vgRowWrapper--><\/div><\/div>","protected":false},"excerpt":{"rendered":"<p>AP DIVING GARANTIEBESTIMMUNGEN Welche Garantie erhalten Sie mit einem neuen AP Diving-Produkt? Wir sind sehr stolz auf die Qualit\u00e4t und Best\u00e4ndigkeit unserer Produkte und sind uns sicher, dass sie hervorragend auch unter den h\u00e4rtesten Bedingungen arbeiten. Daher erh\u00e4lt der Erstbesitzer eines Doppelblasen-Jackets &#8211; Commando, Commando Explorer, Tekwing, Trident und Redwing \u2013 die einmalige AP Lebensgarantie <a href=\"https:\/\/www.apdiving.eu\/de\/service\/warranties\/\">[Read More &hellip;]<\/a><\/p>\n","protected":false},"author":4,"featured_media":0,"parent":20,"menu_order":0,"comment_status":"open","ping_status":"open","template":"","meta":{"footnotes":""},"class_list":["post-1811","page","type-page","status-publish","hentry"],"_links":{"self":[{"href":"https:\/\/www.apdiving.eu\/de\/wp-json\/wp\/v2\/pages\/1811","targetHints":{"allow":["GET"]}}],"collection":[{"href":"https:\/\/www.apdiving.eu\/de\/wp-json\/wp\/v2\/pages"}],"about":[{"href":"https:\/\/www.apdiving.eu\/de\/wp-json\/wp\/v2\/types\/page"}],"author":[{"embeddable":true,"href":"https:\/\/www.apdiving.eu\/de\/wp-json\/wp\/v2\/users\/4"}],"replies":[{"embeddable":true,"href":"https:\/\/www.apdiving.eu\/de\/wp-json\/wp\/v2\/comments?post=1811"}],"version-history":[{"count":10,"href":"https:\/\/www.apdiving.eu\/de\/wp-json\/wp\/v2\/pages\/1811\/revisions"}],"predecessor-version":[{"id":5443,"href":"https:\/\/www.apdiving.eu\/de\/wp-json\/wp\/v2\/pages\/1811\/revisions\/5443"}],"up":[{"embeddable":true,"href":"https:\/\/www.apdiving.eu\/de\/wp-json\/wp\/v2\/pages\/20"}],"wp:attachment":[{"href":"https:\/\/www.apdiving.eu\/de\/wp-json\/wp\/v2\/media?parent=1811"}],"curies":[{"name":"wp","href":"https:\/\/api.w.org\/{rel}","templated":true}]}}