{"id":18,"date":"2013-07-22T15:31:13","date_gmt":"2013-07-22T15:31:13","guid":{"rendered":"http:\/\/ap.msurl.net\/blog\/?page_id=18"},"modified":"2021-07-14T10:38:01","modified_gmt":"2021-07-14T10:38:01","slug":"training","status":"publish","type":"page","link":"https:\/\/www.apdiving.eu\/de\/training\/","title":{"rendered":"Training"},"content":{"rendered":"<div id=\"pl-18\"  class=\"panel-layout\" ><div id=\"pg-18-0\"  class=\"panel-grid panel-has-style\" ><div class=\"vgfull  panel-row-style panel-row-style-for-18-0\" ><div class=\"vgRowWrapper\"><div id=\"pgc-18-0-0\"  class=\"panel-grid-cell panel-grid-cell-mobile-last\" ><div id=\"panel-18-0-0-0\" class=\"so-panel widget widget_black-studio-tinymce widget_black_studio_tinymce panel-first-child panel-last-child\" data-index=\"0\" ><div class=\"textwidget\"><p>\u00a0<\/p>\n<h1>REBREATHER AUSBILDUNG<\/h1>\n<h3>Inspiration Rebreather-Instructoren arbeiten in 56 L\u00e4ndern in aller Welt.<\/h3>\n<p><strong>Finden Sie den Ausbilder in Ihrer N\u00e4he und starten Sie mit der Entdeckung des gr\u00f6\u00dften Spielplatzes der Welt...<\/strong><\/p>\n<p>Ausbildung ist weltweit verf\u00fcgbar vom Level1 Inspiration- und Evolution-Taucher bis hin zu Trimix und Instructor-\/Instructor-Trainer-Level \u00fcber alle gro\u00dfen Ausbildungsorganisationen: ANDI, ANMP, BSAC, CMAS.CH, ETDS, FFESSM, FSGT, IAC, IANTD, IART, ITDA, NAUI, NELOS, PADI, PTA, PSAI, RAID, SSI, TDI, UTRtek, VDST und VEST.<\/p>\n<p>Inspiration-Instructoren arbeiten derzeit in 56 L\u00e4ndern und mehr und mehr Taucher schreiten jeden Monat zu den h\u00f6heren Ausbildungsstufen voran.<\/p>\n<p>Das Inspiration ist ein Spezial-Tauchger\u00e4t und wird von AP nur an ordnungsgem\u00e4\u00df ausgebildete Taucher verkauft, die erfolgreich einen ger\u00e4tespezifischen Kurs mit einer dieser anerkannten Ausbildungsorganisationen absolviert haben. Es ist absolut unerl\u00e4sslich, dass die Art der praktizierten Tauchg\u00e4nge immer angemessen zum Ausbildungs- und Erfahrungsstand ist.<\/p><\/div><\/div><\/div><div id=\"pgc-18-0-1\"  class=\"panel-grid-cell panel-grid-cell-empty\" ><\/div><\/div><!--vgRowWrapper--><\/div><\/div><div id=\"pg-18-1\"  class=\"panel-grid panel-has-style\" ><div class=\"vgfull vg-shadow vg-spacing panel-row-style panel-row-style-for-18-1\" ><div class=\"vgRowWrapper\"><div id=\"pgc-18-1-0\"  class=\"panel-grid-cell panel-grid-cell-empty\" ><\/div><div id=\"pgc-18-1-1\"  class=\"panel-grid-cell panel-grid-cell-mobile-last\" ><div class=\"vgLinkSingle\"><a  class=\"vgLink yellow\" href=\"https:\/\/www.apdiving.eu\/de\/instructor-search\/\">FINDEN SIE IHREN INSTRUCTOR<\/a><\/div><\/div><div id=\"pgc-18-1-2\"  class=\"panel-grid-cell panel-grid-cell-empty\" ><\/div><\/div><!--vgRowWrapper--><\/div><\/div><div id=\"pg-18-2\"  class=\"panel-grid panel-has-style\" ><div class=\"vgfull vg-spacing panel-row-style panel-row-style-for-18-2\" ><div class=\"vgRowWrapper\"><div id=\"pgc-18-2-0\"  class=\"panel-grid-cell\" ><div id=\"panel-18-2-0-0\" class=\"so-panel widget widget_black-studio-tinymce widget_black_studio_tinymce panel-first-child\" data-index=\"2\" ><div class=\"textwidget\"><h2>STANDARDS DER REBREATHER EDUCATION &amp; SAFETY ASSOCIATION (RESA)<\/h2>\n<p>Das Dokument beschreibt die Minimalanforderungen, die von einem Rebreather-Instructor erf\u00fcllt werden m\u00fcssen, der bereits ein Mod 2 oder Mod 3 Instructor auf wenigstens einem Rebreather ist und dieses Level auf einem weiteren Rebreather unterrichten m\u00f6chte. Verschiedene Ausbildungsorganisationen k\u00f6nnen verschiedene Begriffe f\u00fcr diese Kurse haben.<\/p>\n<p>Klicken Sie f\u00fcr weiterf\u00fchrende Informationen zu den von der RESA entwickelten Standards auf den Download-Button unten.<\/p>\n<p>\u00a0<\/p>\n<p>\u00a0<\/p>\n<\/div><\/div><div class=\"vgLinkSingle\"><a  class=\"vgLink yellow\" href=\"https:\/\/www.apdiving.eu\/de\/wp-content\/uploads\/RESA-STANDARD-MOD-2-3-FINAL-dec-19-2013-apdiving.pdf\">PDF ANSEHEN<\/a><\/div><\/div><div id=\"pgc-18-2-1\"  class=\"panel-grid-cell panel-grid-cell-empty\" ><\/div><div id=\"pgc-18-2-2\"  class=\"panel-grid-cell\" ><div class=\"vg-image-widget\"><img decoding=\"async\" src=\"https:\/\/www.apdiving.eu\/de\/wp-content\/uploads\/resa-rebreather-standard-preview-apdiving.jpg\" alt=\"\"\/><\/div><\/div><\/div><!--vgRowWrapper--><\/div><\/div><\/div>","protected":false},"excerpt":{"rendered":"<p>\u00a0 REBREATHER AUSBILDUNG Inspiration Rebreather-Instructoren arbeiten in 56 L\u00e4ndern in aller Welt. Finden Sie den Ausbilder in Ihrer N\u00e4he und starten Sie mit der Entdeckung des gr\u00f6\u00dften Spielplatzes der Welt&#8230; Ausbildung ist weltweit verf\u00fcgbar vom Level1 Inspiration- und Evolution-Taucher bis hin zu Trimix und Instructor-\/Instructor-Trainer-Level \u00fcber alle gro\u00dfen Ausbildungsorganisationen: ANDI, ANMP, BSAC, CMAS.CH, ETDS, FFESSM, <a href=\"https:\/\/www.apdiving.eu\/de\/training\/\">[Read More &hellip;]<\/a><\/p>\n","protected":false},"author":4,"featured_media":0,"parent":0,"menu_order":0,"comment_status":"open","ping_status":"open","template":"","meta":{"footnotes":""},"class_list":["post-18","page","type-page","status-publish","hentry"],"_links":{"self":[{"href":"https:\/\/www.apdiving.eu\/de\/wp-json\/wp\/v2\/pages\/18","targetHints":{"allow":["GET"]}}],"collection":[{"href":"https:\/\/www.apdiving.eu\/de\/wp-json\/wp\/v2\/pages"}],"about":[{"href":"https:\/\/www.apdiving.eu\/de\/wp-json\/wp\/v2\/types\/page"}],"author":[{"embeddable":true,"href":"https:\/\/www.apdiving.eu\/de\/wp-json\/wp\/v2\/users\/4"}],"replies":[{"embeddable":true,"href":"https:\/\/www.apdiving.eu\/de\/wp-json\/wp\/v2\/comments?post=18"}],"version-history":[{"count":3,"href":"https:\/\/www.apdiving.eu\/de\/wp-json\/wp\/v2\/pages\/18\/revisions"}],"predecessor-version":[{"id":8156,"href":"https:\/\/www.apdiving.eu\/de\/wp-json\/wp\/v2\/pages\/18\/revisions\/8156"}],"wp:attachment":[{"href":"https:\/\/www.apdiving.eu\/de\/wp-json\/wp\/v2\/media?parent=18"}],"curies":[{"name":"wp","href":"https:\/\/api.w.org\/{rel}","templated":true}]}}