{"id":1775,"date":"2013-12-27T15:22:55","date_gmt":"2013-12-27T15:22:55","guid":{"rendered":"http:\/\/ap.msurl.net\/blog\/?page_id=1775"},"modified":"2021-05-19T14:08:11","modified_gmt":"2021-05-19T14:08:11","slug":"delivery-returns","status":"publish","type":"page","link":"https:\/\/www.apdiving.eu\/de\/delivery-returns\/","title":{"rendered":"Delivery &#038; Returns"},"content":{"rendered":"<div id=\"pl-1775\"  class=\"panel-layout\" ><div id=\"pg-1775-0\"  class=\"panel-grid panel-no-style\" ><div class=\"vgRowWrapper\"><div id=\"pgc-1775-0-0\"  class=\"panel-grid-cell\" ><div id=\"panel-1775-0-0-0\" class=\"so-panel widget panel-first-child panel-last-child\" data-index=\"0\" ><\/div><\/div><\/div><!--vgRowWrapper--><\/div><div id=\"pg-1775-1\"  class=\"panel-grid panel-has-style\" ><div class=\"vgfull vg-shadow vg-spacing panel-row-style panel-row-style-for-1775-1\" ><div class=\"vgRowWrapper\"><div id=\"pgc-1775-1-0\"  class=\"panel-grid-cell panel-grid-cell-mobile-last\" ><div id=\"panel-1775-1-0-0\" class=\"so-panel widget widget_black-studio-tinymce widget_black_studio_tinymce panel-first-child panel-last-child\" data-index=\"1\" ><div class=\"textwidget\"><h2>VERSAND UND R\u00dcCKSENDUNG<\/h2>\n<p>Ihr Kauferlebnis bei uns soll so erfreulich und unkompliziert wie m\u00f6glich sein. Nachfolgend finden Sie eine Zusammenfassung unsere Versand- und R\u00fccksendebedingungen, die diesem Ziel folgen. Bitte lesen Sie diese sorgf\u00e4ltig, damit Sie genau wissen, was Sie von uns erwarten k\u00f6nnen, welche Informationen wir von Ihnen ben\u00f6tigten und falls doch einmal etwas schiefgehen sollte, wie wir ein solches Problem schnell und unkompliziert l\u00f6sen k\u00f6nnen.<\/p>\n<p>\u00a0<\/p>\n<h2>VERSAND<\/h2>\n<p><strong>Wie versenden Sie meine Tauchausr\u00fcstung?<\/strong><\/p>\n<p>Wenn der Versandwert Ihrer Bestellung unter \u00a3250,00 liegt, wird sie mit Royal Mail (UK) oder Luftpost verschickt. Wenn der Versandwert \u00a3250,00 \u00fcberschreitet, wird er per Kurierservice versendet. Wenn Sie eine andere Versandmethode w\u00fcnschen,\u00a0<a href=\"https:\/\/www.apdiving.com\/en\/contact-us\/\">kontaktieren Sie uns<\/a> bitte und lassen uns wissen, was Sie w\u00fcnschen.<\/p>\n<p><strong>Wohin versenden Sie?<\/strong><\/p>\n<p>Bestellungen, die auf dieser Website aufgegeben werden, werden nur in L\u00e4nder verschickt, in denen keine Vertriebspartner von uns t\u00e4tig sind. Wir versenden weltweit direkt in alle L\u00e4nder mit Ausnahme der folgenden:<\/p>\n<p><strong>Nord- und Zentralamerika<\/strong> \u2013 bitte kontaktieren Sie Silent Diving unter +1-207-935-1672 oder\u00a0<a href=\"mailto:sales@silentdiving.com\">sales@silentdiving.com<\/a>\u00a0<\/p>\n<p><strong>Italien<\/strong> - bitte kontaktieren Sie Sea Dwellers unter +39-06-88-87-113 oder <a href=\"mailto:info@seadweller.it\">info@seadweller.it<\/a><\/p>\n<p><strong>Korea<\/strong> - bitte kontaktieren Sie Aquatek unter +82-2-487-0894 oder <a href=\"mailto:travis@tdisdi.co.kr\">travis@tdisdi.co.kr<\/a><\/p>\n<p><strong>S\u00fcdafrika<\/strong> - bitte kontaktieren Sie Alpha Omega unter +27-82-650-2294 oder <a href=\"mailto:info@technicaldivingafrica.com\">info@technicaldivingafrica.com<\/a><\/p>\n<p><a href=\"http:\/\/apdiving.com\/en\/wp-content\/uploads\/Shipping-Prices.pdf\">Eine vollst\u00e4ndige Auflistung aller L\u00e4nder, in die wir versenden, finde Sie hier.<\/a>\u00a0Falls Sie einen Versand in ein Land das aktuell nicht hier aufgef\u00fchrt ist ben\u00f6tigen,\u00a0<a href=\"https:\/\/www.apdiving.com\/en\/contact-us\/\">kontaktieren Sie uns<\/a>\u00a0bitte oder rufen uns an unter <strong>(+44) 01326 561040<\/strong> um weitere Versandm\u00f6glichkeiten abzustimmen.<\/p>\n<p><strong>Wie lange dauert es von der Bestellung bis zum Versand meines Kaufs?<\/strong><\/p>\n<p>Wir streben an, Ihre Bestellung innerhalb von 7 Tagen auf den Weg zu bringen. Allerdings werden manche Produkte erst auf Anfrage gefertigt und eine voraussichtliche Lieferzeit f\u00fcr jedes Produkt wird ausgewiesen. Falls aus irgendeinem Grund die Auslieferung eines Produktes l\u00e4nger dauern wird, als zun\u00e4chst beim Kaufzeitpunkt angenommen, dann werden wir Sie per E-Mail oder telefonisch benachrichtigen.<\/p>\n<p><strong>Wie lange dauert der Versand meiner Bestellung?<\/strong><\/p>\n<p>Die Versanddauer variiert abh\u00e4ngig vom Versanddienstleister und Land, in das versendet wird. In Gro\u00dfbritannien kann es zwischen 1-5 Tagen dauern ab dem Zeitpunkt, an dem die Ware unser Werk verl\u00e4sst. Weltweit kann die Versanddauer zwischen 3-31 Tagen ab Verlassen der Ware aus unserem Werk in Anspruch nehmen.<\/p>\n<p><strong>Muss ich bei der Lieferung meiner Bestellung unterzeichnen?<\/strong><\/p>\n<p>Ja, bitte sorgen Sie daf\u00fcr, dass jemand zugegen ist, um die Lieferung von uns entgegenzunehmen. Damit Sie Ihre Bestellung m\u00f6glichst unkompliziert erhalten k\u00f6nnen, versichern Sie Sich bitte noch einmal, dass Sie die korrekte Versandanschrift vollst\u00e4ndig mit Postleitzahl und einer Festnetz- oder Mobilfunknummer angegeben haben.<\/p>\n<p><strong>Wieviel kostet der Versand meiner Bestellung?<\/strong><\/p>\n<p>Es ist nicht m\u00f6glich, eine feste Tarif\u00fcbersicht bereitzustellen, da Spediteure h\u00e4ufig die Parameter Artikelgr\u00f6\u00dfe, Gewicht, Wert und Bestimmungsort \u00e4ndern. Wann immer m\u00f6glich, bieten wir eine Auswahl an Versandmethoden, Preisen und voraussichtlichen Lieferzeiten. Die einzige M\u00f6glichkeit, die aktuellen Preise f\u00fcr eine bestimmte Bestellung und ein bestimmtes Ziel anzuzeigen, besteht darin, zur Kasse zu gehen, wo der Preis bei der Eingabe Ihrer Lieferadresse angezeigt wird.<\/p>\n<p>Alle unsere Versandkosten sind in UK Pfund Sterling (GBP) abz\u00fcglich Steuern ausgewiesen. Die MwSt auf Ware und Versand wird beim Abschlie\u00dfen der Bezahlung ausgewiesen.<\/p>\n<p><em>Wichtiger Hinweis:<\/em>\u00a0falls das Versandgewicht Ihrer Bestellung 30 kg \u00fcberschreitet (f\u00fcr manche L\u00e4nder kann diese Gewichtsbeschr\u00e4nkung noch geringer ausfallen), ist die Richtlinie des Versanddienstleisters, dass Ihre Bestellung gleichm\u00e4\u00dfig auf so viele Pakete wie notwendig aufgeteilt wird. Wenn dies eintritt, werden Ihnen die Kosten jeweils pro Paket berechnet.<br \/>\u00a0<\/p>\n<h2>STORNIERUNG &amp; R\u00dcCKSENDUNG<\/h2>\n<p>Wir hoffen, dass Sie zufrieden mit den Produkten sind, die Sie bei AP Diving gekauft haben. Sollten Sie jedoch einmal aus irgendeinem Grund ein Ger\u00e4t zur\u00fccksenden m\u00fcssen, bitte lesen Sie sorgf\u00e4ltig unsere unten aufgef\u00fchrten R\u00fccksendebedingungen. Ihre gesetzlichen Rechte sind davon nicht betroffen.<\/p>\n<p>Ich m\u00f6chte mein Ger\u00e4t umtauschen oder zur\u00fcckschicken. Was muss ich tun?\u00a0<\/p>\n<p>Falls Sie nicht restlos zufrieden mit Ihrem Kauf sind, k\u00f6nnen Sie ihn aus jedwedem Grund innerhalb von 7 Werktagen bei vollst\u00e4ndiger R\u00fcckerstattung des Kaufpreises (abz\u00fcglich Versandkosten) zur\u00fcckschicken. W\u00e4hlen Sie einfach eine der unten aufgef\u00fchrten R\u00fccksendeoptionen aus und <a href=\"http:\/\/apdiving.com\/en\/wp-content\/uploads\/Returns-Form.pdf\">f\u00fcllen das hier bereitgestellte R\u00fccksendeformular aus (PDF download)<\/a>, und lassen uns wissen, ob Sie einen Umtausch oder eine R\u00fcckerstattung des Kaufpreises w\u00fcnschen.<\/p>\n<p>Die Ware muss unbenutzt und im Neuzustand mit allen Etiketten und in der unbesch\u00e4digten Originalverpackung zur\u00fcckgeschickt werden.<\/p>\n<p><strong>Was, wenn meine Produkte fehlerhaft sein sollten?<\/strong><\/p>\n<p>Wir \u00fcberpr\u00fcfen und testen unsere Produkte streng, so dass wir denken, dass dies nicht passieren wird. Dennoch, ganz selten kann auch mal etwas schiefgehen. Falls Sie in der Tat einmal fehlerhafte Produkte erhalten sollten, werden wir diese umtauschen und Ihnen auf unsere Kosten senden bzw. Ihnen Ihre R\u00fccksendegeb\u00fchren erstatten. Um eine R\u00fccksendung zu organisieren, kontaktieren Sie bitte unseren Kundenservice unter +44 (0)1326 561040 oder via E-Mail:<\/p>\n<p><a href=\"mailto:bcdsales@apdiving.com\">bcdsales@apdiving.com<\/a> f\u00fcr Open Circuit-Bestellungen<\/p>\n<p><a href=\"mailto:ccrsales@apdiving.com\">ccrsales@apdiving.com<\/a> f\u00fcr Closed Circuit-Bestellungen<\/p>\n<h3>Ihre R\u00fccksendeoptionen<\/h3>\n<p>Es gibt zwei M\u00f6glichkeiten, ein Ger\u00e4t an uns zur\u00fcckzusenden. Egal f\u00fcr welche dieser Optionen Sie sich entscheiden, bitte informieren Sie uns, ob Sie eine R\u00fcckerstattung des Kaufpreises oder einen Umtausch w\u00fcnschen und geben uns neben Ihrem ausgef\u00fcllten R\u00fccksendeformular auch die folgenden Informationen: \u00a0 \u00a0 \u00a0 \u00a0 \u00a0<\/p>\n<ul>\n<li>Ihre Rechnungsnummer<\/li>\n<li>Die zu retournierenden Ger\u00e4te<\/li>\n<li>Ihren vollen Namen und vollst\u00e4ndige Adresse<\/li>\n<\/ul>\n<p><strong>1. R\u00fccksendung per Post<\/strong><\/p>\n<p>Bitte senden Sie Ihr(e) Ger\u00e4t(e) an:<\/p>\n<p>Returns Department<br \/>AP Diving<br \/>Water-ma-Trout Industrial Estate<br \/>Helston<br \/>Cornwall<br \/>TR13 0LW<br \/>United Kingdom\u00a0<\/p>\n<p>Das Produkt- und Versandrisiko liegt bei Ihnen, bis die Ware an uns \u00fcbergeht, daher entscheiden Sie sich bitte f\u00fcr einen angemessenen Versandservice. Dies kann eine Versandbest\u00e4tigung und\/oder Sendungsverfolgung und Versicherung beinhalten.<\/p>\n<p><strong>2. Pers\u00f6nliche \u00dcbergabe an das AP Diving Werk\u00a0<\/strong><\/p>\n<p>Falls Sie in der N\u00e4he unseres Werkes in Helston, Cornwall, wohnen, k\u00f6nnen Sie Ihr Produkt auch gerne direkt bei uns abgeben. <a href=\"https:\/\/www.apdiving.eu\/de\/contact-us\/\">Sie finden uns hier auf dieser Karte.<\/a><\/p>\n<h4><strong>Welches sind meine Rechte, wenn ich eine Bestellung stornieren m\u00f6chte?<\/strong><\/h4>\n<p>Sie k\u00f6nnen Ihre Bestellung jederzeit bis zu 7 Arbeitstage (einschlie\u00dflich Montag bis einschlie\u00dflich Freitag) nach dem Versand Ihres Produkts stornieren, es sei denn, das Produkt ist Sonderanfertigung (siehe unten).<\/p>\n<p>Dabei sollten Sie jedoch folgendes beachten:\u00a0<\/p>\n<ol>\n<li>Produkte m\u00fcssen unbenutzt in ihrer unbesch\u00e4digten Originalverpackung mit allen Etiketten und Siegeln mit der Warenrechnung zur\u00fcckgesendet werden.<\/li>\n<li>Produkte m\u00fcssen auf Ihre Kosten zur\u00fcckgesendet werden, es sei denn es handelt sich um fehlerhafte Ware.<\/li>\n<li>Die R\u00fccksendekosten und sichere R\u00fccksendung der Ger\u00e4te liegen in Ihrer Verantwortung. Unvollst\u00e4ndig oder besch\u00e4digt zur\u00fcck erhaltene oder benutzte Ger\u00e4te werden an Sie zur\u00fcckgeschickt und Ihnen gemeinsam mit den Kosten des Versandes in Rechnung gestellt.<\/li>\n<li>AP Diving beh\u00e4lt sich das Recht vor, eine Nachbestellungsgeb\u00fchr von bis zu 25% des Gesamtwerts der Bestellung zu erheben.<\/li>\n<\/ol>\n<h4><strong>Kann ich Bestellungen f\u00fcr pers\u00f6nliche Sonderanfertigungen stornieren?<\/strong><\/h4>\n<p>Leider k\u00f6nnen Sie gem\u00e4\u00df der <a href=\"https:\/\/www.which.co.uk\/consumer-rights\/regulation\/consumer-contracts-regulations\" target=\"_blank\" rel=\"noopener\">Verbrauchervertr\u00e4ge<\/a>\u00a0keine Produktbestellungen widerrufen, die Sonderanfertigungen sind oder auf Ihre pers\u00f6nlichen Spezifikationen zugeschnitten gefertigt wurden.<\/p>\n<p><strong>Wie lange dauert die Bearbeitung meiner Stornierung?<\/strong><\/p>\n<p>Der Stornierungsprozess beginnt, sobald wir die Stornierungsbenachrichtigung von Ihnen erhalten und die Produkte intakt zu uns zur\u00fcckgeschickt wurden. Der Kaufpreis wird Ihnen innerhalb von 30 Tagen gutgeschrieben, beginnend ab dem Tag, wenn die Ware bei uns eingeht. Falls Sie uns die Ger\u00e4t(e) nicht innerhalb von 30 Tagen ab Ihrer Stornierungsbenachrichtigung zusenden, gelten Sie als von Ihnen angenommen.<\/p>\n<p>Wir empfehlen Ihnen dringend, dass Sie eine Versandbest\u00e4tigung einholen und\/oder Versandversicherung abschlie\u00dfen, da wir nicht f\u00fcr das Verlorengehen von retournierter Ware haften.<\/p>\n<p><strong>Was passiert, wenn ich ein Produkt bestelle, dass zum Zeitpunkt der Bestellung oder im weiteren Verlauf nicht lieferbar ist?<\/strong><\/p>\n<p>Wir streben an, so viel wie m\u00f6glich unserer Produkte st\u00e4ndig verf\u00fcgbar zu haben. Allerdings unterliegen alle unsere Produktangebote der Verf\u00fcgbarkeit und k\u00f6nnen jederzeit zur\u00fcckgezogen werden. Wir werden Sie benachrichtigen, wenn ein Produkt nicht lieferbar sein sollte. Falls Sie Ihre Bestellung dann nicht aufrecht erhalten wollen oder wir aus irgendeinem Grund das Produkt nicht liefern k\u00f6nnen, wird Ihnen der volle Betrag zur\u00fcckerstattet.<\/p>\n<h4>\u00a0<\/h4>\n<\/div><\/div><\/div><div id=\"pgc-1775-1-1\"  class=\"panel-grid-cell panel-grid-cell-empty\" ><\/div><\/div><!--vgRowWrapper--><\/div><\/div><\/div>","protected":false},"excerpt":{"rendered":"<p>VERSAND UND R\u00dcCKSENDUNG Ihr Kauferlebnis bei uns soll so erfreulich und unkompliziert wie m\u00f6glich sein. Nachfolgend finden Sie eine Zusammenfassung unsere Versand- und R\u00fccksendebedingungen, die diesem Ziel folgen. Bitte lesen Sie diese sorgf\u00e4ltig, damit Sie genau wissen, was Sie von uns erwarten k\u00f6nnen, welche Informationen wir von Ihnen ben\u00f6tigten und falls doch einmal etwas schiefgehen <a href=\"https:\/\/www.apdiving.eu\/de\/delivery-returns\/\">[Read More &hellip;]<\/a><\/p>\n","protected":false},"author":4,"featured_media":1136,"parent":0,"menu_order":0,"comment_status":"open","ping_status":"open","template":"","meta":{"footnotes":""},"class_list":["post-1775","page","type-page","status-publish","has-post-thumbnail","hentry"],"_links":{"self":[{"href":"https:\/\/www.apdiving.eu\/de\/wp-json\/wp\/v2\/pages\/1775","targetHints":{"allow":["GET"]}}],"collection":[{"href":"https:\/\/www.apdiving.eu\/de\/wp-json\/wp\/v2\/pages"}],"about":[{"href":"https:\/\/www.apdiving.eu\/de\/wp-json\/wp\/v2\/types\/page"}],"author":[{"embeddable":true,"href":"https:\/\/www.apdiving.eu\/de\/wp-json\/wp\/v2\/users\/4"}],"replies":[{"embeddable":true,"href":"https:\/\/www.apdiving.eu\/de\/wp-json\/wp\/v2\/comments?post=1775"}],"version-history":[{"count":4,"href":"https:\/\/www.apdiving.eu\/de\/wp-json\/wp\/v2\/pages\/1775\/revisions"}],"predecessor-version":[{"id":8227,"href":"https:\/\/www.apdiving.eu\/de\/wp-json\/wp\/v2\/pages\/1775\/revisions\/8227"}],"wp:featuredmedia":[{"embeddable":true,"href":"https:\/\/www.apdiving.eu\/de\/wp-json\/wp\/v2\/media\/1136"}],"wp:attachment":[{"href":"https:\/\/www.apdiving.eu\/de\/wp-json\/wp\/v2\/media?parent=1775"}],"curies":[{"name":"wp","href":"https:\/\/api.w.org\/{rel}","templated":true}]}}