{"id":15,"date":"2013-07-22T15:27:15","date_gmt":"2013-07-22T15:27:15","guid":{"rendered":"http:\/\/ap.msurl.net\/blog\/?page_id=15"},"modified":"2015-03-18T15:29:32","modified_gmt":"2015-03-18T15:29:32","slug":"about-ap","status":"publish","type":"page","link":"https:\/\/www.apdiving.eu\/de\/about-ap\/","title":{"rendered":"About AP"},"content":{"rendered":"<div id=\"pl-15\"  class=\"panel-layout\" ><div id=\"pg-15-0\"  class=\"panel-grid panel-no-style\" ><div class=\"vgRowWrapper\"><div id=\"pgc-15-0-0\"  class=\"panel-grid-cell panel-grid-cell-empty\" ><\/div><\/div><!--vgRowWrapper--><\/div><div id=\"pg-15-1\"  class=\"panel-grid panel-has-style\" ><div class=\"vgfull  panel-row-style panel-row-style-for-15-1\" ><div class=\"vgRowWrapper\"><div id=\"pgc-15-1-0\"  class=\"panel-grid-cell\" ><div id=\"panel-15-1-0-0\" class=\"so-panel widget widget_black-studio-tinymce widget_black_studio_tinymce panel-first-child panel-last-child\" data-index=\"0\" ><div class=\"textwidget\"><h2>UNSERE MISSION...<\/h2>\n<p>Tauchern ein besseres Tauchen zu erm\u00f6glichen \u2013 weiteres Erkunden, l\u00e4ngere Tauchzeiten mit Komfort auf ganzer Linie. Wir erreichen dies durch die Entwicklung und Fertigung innovativer (oft revolution\u00e4rer) Produkte, die leicht in der Handhabung sind und dabei die individuellen Tauchfertigkeiten unterst\u00fctzen und verbessern \u2013 selbst unter den rauesten Bedingungen. Alles was wir herstellen, wird in unserem Werk und Entwicklungszentrum im Herzen Cornwalls, in Gro\u00dfbritannien konzipiert, getestet und gefertigt. Wir streben danach,<\/p>\n<ul>\n<li>die Besten zu sein in allem was wir tun, in der Werkstatt ebenso wie in der Leitung unseres Unternehmens.<\/li>\n<li>die Ausbildung, generelle F\u00f6rderung und Informationsbereitstellung f\u00fcr die weltweite Tauchergemeinschaft zu unterst\u00fctzen wo immer wir k\u00f6nnen. Unsere T\u00fcren sind jederzeit offen f\u00fcr alle Taucher, die uns besuchen m\u00f6chten und wir diskutieren gerne alle Aspekte des Tauchens \u2013 von der Funktionsweise und vom Tauchen eines Rebreathers \u00fcber spezielle Tauchvorhaben bis hin zu Ratschl\u00e4gen f\u00fcr die eigene Wartung und f\u00fcr Reparaturen der Ausr\u00fcstung oder die Beschaffung besonderer Werkzeuge oder welche Fragen Sie sonst bewegen. Dies ist kein leeres Versprechen. Rufen Sie uns an, um einen Besuch oder eine Besichtigung zu vereinbaren.<\/li>\n<li>einen kompromisslosen Qualit\u00e4tsanspruch f\u00fcr jedes unserer Produkte zu verfolgen.<\/li>\n<li>mit Vergn\u00fcgen und \u00dcberzeugung selber die Ausr\u00fcstung zu tauchen, die wir fertigen.<\/li>\n<\/ul>\n<\/div><\/div><\/div><div id=\"pgc-15-1-1\"  class=\"panel-grid-cell panel-grid-cell-empty\" ><\/div><div id=\"pgc-15-1-2\"  class=\"panel-grid-cell\" ><div class=\"vg-image-widget\"><img decoding=\"async\" src=\"https:\/\/www.apdiving.eu\/de\/wp-content\/uploads\/bcd-rebreather-research-development-history-founder-apdiving.jpg\" alt=\"\"\/><span class=\"caption\">Jake Kimpton AP &copy;<\/span><\/div><\/div><\/div><!--vgRowWrapper--><\/div><\/div><div id=\"pg-15-2\"  class=\"panel-grid panel-has-style\" ><div class=\"vgfull  panel-row-style panel-row-style-for-15-2\" ><div class=\"vgRowWrapper\"><div id=\"pgc-15-2-0\"  class=\"panel-grid-cell\" ><div id=\"panel-15-2-0-0\" class=\"so-panel widget widget_black-studio-tinymce widget_black_studio_tinymce panel-first-child panel-last-child\" data-index=\"2\" ><div class=\"textwidget\"><p>Aktuell verschieben wir die Grenzen f\u00fcr das technische Tauchen ebenso wie das Sporttauchen durch fortschrittlichste Produktentwicklung: Ausr\u00fcstung zu produzieren die Tauchern erm\u00f6glicht, ihr Potenzial auszusch\u00f6pfen und ihren taucherischen Horizont stetig, sicher, wirksam und komfortabel zu erweitern. Unsere nun bereits 6. Generation der INSPIRATION-Linie von geschlossenen Kreislaufger\u00e4ten ist Beleg f\u00fcr unsere unerm\u00fcdliche Forschungs- und Entwicklungsarbeit und den Drang zu stetigen Verbesserungen. \u00dcber umfangreiche Forschung und harte Testanlagen streben wir die Entwicklung von Tauchausr\u00fcstung an, die exzellent verarbeitet ist, hervorragend funktioniert und mit Schwierigkeiten und Problemen fertig wird, die wir alle unter Wasser mal erleben. Wo uns dies als n\u00e4chstes hinf\u00fchrt \u2013 wir sind uns dessen nicht immer ganz sicher.<\/p>\n<p><strong>Aber das ist nur ein Teil des Abenteuers.<\/strong><\/p>\n<p>\u00a0<\/p><\/div><\/div><\/div><\/div><!--vgRowWrapper--><\/div><\/div><div id=\"pg-15-3\"  class=\"panel-grid panel-has-style\" ><div class=\"vgfull  panel-row-style panel-row-style-for-15-3\" ><div class=\"vgRowWrapper\"><div id=\"pgc-15-3-0\"  class=\"panel-grid-cell\" ><div class=\"vg-image-widget\"><img decoding=\"async\" src=\"https:\/\/www.apdiving.eu\/de\/wp-content\/uploads\/separator-middle.jpg\" alt=\"\"\/><\/div><\/div><\/div><!--vgRowWrapper--><\/div><\/div><div id=\"pg-15-4\"  class=\"panel-grid panel-has-style\" ><div class=\"vgfull  panel-row-style panel-row-style-for-15-4\" ><div class=\"vgRowWrapper\"><div id=\"pgc-15-4-0\"  class=\"panel-grid-cell panel-grid-cell-empty\" ><\/div><div id=\"pgc-15-4-1\"  class=\"panel-grid-cell panel-grid-cell-mobile-last\" ><div id=\"panel-15-4-1-0\" class=\"so-panel widget widget_black-studio-tinymce widget_black_studio_tinymce panel-first-child\" data-index=\"4\" ><div class=\"textwidget\"><h2>WARUM WIR SO ARBEITEN, WIE WIR ARBEITEN<\/h2>\n<p>Da wir alles inhouse leisten, vom Design \u00fcber Werkzeugbau bis Produktfertigung, k\u00f6nnen wir h\u00f6chste Qualit\u00e4t und Kontinuit\u00e4t in unseren Produktionsprozessen von der ersten Idee bis zum fertigen Produkt garantieren. Die Produktqualit\u00e4t und -spezifikationen werden regelm\u00e4\u00dfig durch ein unabh\u00e4ngiges Pr\u00fcfinstitut, Lloyd\u2019s Register Quality Assurance Ltd, \u00fcberpr\u00fcft und beglaubigt um die \u00e4u\u00dferst wichtige\u00a0 ISO 9001 Zertifizierung zu erhalten. Wir fertigen 95% aller unserer Produkte bis zu den Messing- und Plastikbauteilen inhouse.<\/p>\n<p>\u00a0<\/p>\n<\/div><\/div><div class=\"vg-image-widget\"><img decoding=\"async\" src=\"https:\/\/www.apdiving.eu\/de\/wp-content\/uploads\/bcd-rebreather-why-we-build-history-founder-apdiving1.jpg\" alt=\"\"\/><span class=\"caption\">Jeff Parker AP &copy;<\/span><\/div><div id=\"panel-15-4-1-2\" class=\"so-panel widget widget_black-studio-tinymce widget_black_studio_tinymce panel-last-child\" data-index=\"6\" ><div class=\"textwidget\"><p style=\"text-align: left;\">\u00a0<\/p>\n<p>Uns ist bewusst, dass dieser Ansatz komplett gegens\u00e4tzlich zur \u00dcberzeugung und zum Handeln der meisten anderen Hersteller ist, die ihre Produktion seit Jahrzehnten ins g\u00fcnstigere Ausland ausgelagert haben. Wir entschuldigen und rechtfertigen uns nicht f\u00fcr unsere lokale Produktion... wir tun dies mit \u00dcberzeugung. Unsere Erfahrung hat uns gelehrt, dass nahezu alle Probleme bei externen Zulieferern beginnen. Hier vor Ort bewahren wir den Ethos eines typischen Familienunternehmens \u2013 Stolz auf unsere Arbeit und Qualit\u00e4tssicherung \u00fcber den gesamten Prozess. Von Anfang bis Ende.<\/p>\n<p>\u00a0<\/p>\n<\/div><\/div><\/div><div id=\"pgc-15-4-2\"  class=\"panel-grid-cell panel-grid-cell-empty\" ><\/div><\/div><!--vgRowWrapper--><\/div><\/div><div id=\"pg-15-5\"  class=\"panel-grid panel-has-style\" ><div class=\"vgfull vg-spacing panel-row-style panel-row-style-for-15-5\" ><div class=\"vgRowWrapper\"><div id=\"pgc-15-5-0\"  class=\"panel-grid-cell\" ><div class=\"vg-image-widget\"><img decoding=\"async\" src=\"https:\/\/www.apdiving.eu\/de\/wp-content\/uploads\/separator-middle.jpg\" alt=\"\"\/><\/div><\/div><\/div><!--vgRowWrapper--><\/div><\/div><div id=\"pg-15-6\"  class=\"panel-grid panel-has-style\" ><div class=\"vgfull  panel-row-style panel-row-style-for-15-6\" ><div class=\"vgRowWrapper\"><div id=\"pgc-15-6-0\"  class=\"panel-grid-cell\" ><div id=\"panel-15-6-0-0\" class=\"so-panel widget widget_black-studio-tinymce widget_black_studio_tinymce panel-first-child\" data-index=\"8\" ><div class=\"textwidget\"><p>\u00a0<br\/><\/p>\n<\/div><\/div><div class=\"vg-image-widget\"><img decoding=\"async\" src=\"https:\/\/www.apdiving.eu\/de\/wp-content\/uploads\/bcd-rebreather-david-parker-history-founder-apdiving.jpg\" alt=\"\"\/><span class=\"caption\">David Parker<\/span><\/div><\/div><div id=\"pgc-15-6-1\"  class=\"panel-grid-cell panel-grid-cell-empty\" ><\/div><div id=\"pgc-15-6-2\"  class=\"panel-grid-cell\" ><div id=\"panel-15-6-2-0\" class=\"so-panel widget widget_black-studio-tinymce widget_black_studio_tinymce panel-first-child panel-last-child\" data-index=\"10\" ><div class=\"textwidget\"><h2>UNSERE GESCHICHTE<\/h2>\n<p>\u00a0Seit mehr als 44 Jahren spielt AP eine Vorreiterrolle in der Welt des Tauchens \u2013 innovativ, als Entwickler und Hersteller von Tauchausr\u00fcstung von h\u00f6chster Qualit\u00e4t. Seit der Gr\u00fcndung im Jahre 1969 ist die Firma beeindruckend gewachsen, von einem kleinen Familienunternehmen zu einem international anerkannten Hersteller mit einem globalen Netzwerk an hervorragenden Tauchlehrern, Distributoren und Kundendienstpartnern. Unser Kundenkreis reicht vom einzelnen Sport- und Berufstaucher \u00fcber Such- und Rettungsdienste, Milit\u00e4r, Polizei, Feuerwehr, Minen- und Schiffstaucher bis zu K\u00fcstenwachen und zu den Gr\u00f6\u00dfen der Bergungs-, Schifffahrts- und \u00d6lindustrie in \u00fcber 50 L\u00e4ndern weltweit.<\/p>\n<p>Wie wir das erreicht haben? Wir produzieren und verkaufen nichts womit wir nicht selbst als Taucher 100% zufrieden sind. Inzwischen arbeiten in jedem Bereich des Betriebs von der Entwicklungsabteilung bis zur Vorstandsetage, vom Vertrieb bis zur Fertigungshalle Mitarbeiter, die selbst Taucher mit den verschiedensten Ausbildungsst\u00e4nden und Erfahrungen sind.<\/p>\n<\/div><\/div><\/div><\/div><!--vgRowWrapper--><\/div><\/div><div id=\"pg-15-7\"  class=\"panel-grid panel-has-style\" ><div class=\"vgfull  panel-row-style panel-row-style-for-15-7\" ><div class=\"vgRowWrapper\"><div id=\"pgc-15-7-0\"  class=\"panel-grid-cell\" ><div id=\"panel-15-7-0-0\" class=\"so-panel widget widget_black-studio-tinymce widget_black_studio_tinymce panel-first-child panel-last-child\" data-index=\"11\" ><div class=\"textwidget\"><p>Dies zusammen mit unserer Produktionsphilosophie beweist, das wir uns verschrieben haben,\u00a0 Spitzenprodukte zu entwickeln, h\u00f6chste Qualit\u00e4t zu produzieren und die Probleme zu l\u00f6sen, denen Taucher tagt\u00e4glich ausgesetzt sind. In der Tat ist dieses unerm\u00fcdliche Streben nach besserer Tauchausr\u00fcstung der Ausgangspunkt unserer Geschichte.<\/p>\n<p>\u00a0Damals im Jahre 1969 erkannten die Firmengr\u00fcnder und passionierten Sporttaucher David und Angela Parker den Bedarf nach einem leistungsf\u00e4higeren 'out-of -air'-Notfallatemsystem. Nichts dergleichen war verf\u00fcgbar also beschlossen sie, selbst ein solches zu entwickeln. Das Ergebnis ist das inzwischen renommierte <em>AP Valve automatic mouthpiece<\/em> (Mundst\u00fcck am Inflator des Jackets), das es dem Taucher erm\u00f6glicht, einfach aus seinem aufgeblasenen Tarierjacket zu atmen und damit die ersten panikeinfl\u00f6\u00dfenden Sekunden zu \u00fcberbr\u00fccken, die eine ohne-Luft-Situation mit sich bringt. Schon kurz nach dieser Erfindung entwickelte AP eine eigene Linie Tarierjackets, die ber\u00fchmten BUDDY Jackets (jetzt die neu benannte AP Linie) und zusammen mit dem zus\u00e4tzlichen <em>BCD mini-cylinder<\/em> (Jacketflasche) wurde das AP Valve ein Lebensretter von unsch\u00e4tzbarem Wert f\u00fcr Generationen von Tauchern.<\/p><\/div><\/div><\/div><\/div><!--vgRowWrapper--><\/div><\/div><div id=\"pg-15-8\"  class=\"panel-grid panel-has-style\" ><div class=\"vgfull  panel-row-style panel-row-style-for-15-8\" ><div class=\"vgRowWrapper\"><div id=\"pgc-15-8-0\"  class=\"panel-grid-cell\" ><div id=\"panel-15-8-0-0\" class=\"so-panel widget widget_black-studio-tinymce widget_black_studio_tinymce panel-first-child panel-last-child\" data-index=\"12\" ><div class=\"textwidget\"><p>Die Idee, so einfach und zuverl\u00e4ssig, hat sich \u00fcber die Zeit hervorragend bew\u00e4hrt und ist heute als Weiterentwicklung im <em>Auto Air octo-inflator<\/em> (Auto Air) und APV200 power inflator pr\u00e4sent \u2013 erh\u00e4ltlich als optionale Erg\u00e4nzung zu allen AP Tarierjackets und Wings.<\/p>\n<p>Wir sind von kleinsten Anf\u00e4ngen gewachsen, im wahrsten Sinne des Wortes vom Gartenschuppen hinter unserem Tauchladen\/Haushaltswarengesch\u00e4ft in Coventry \u2013 <em>Parker Hardware<\/em> \u2013 zu einem f\u00fchrenden internationalen Tauchausr\u00fcster, bekannt f\u00fcr die Qualit\u00e4t unserer Produkte. Wie das? Indem wir uns auf drei Dinge konzentriert haben: Qualit\u00e4t, Vertrauen und Service. Wir entwickeln und fertigen \u00fcberragende Qualit\u00e4tsprodukte zu fairen Preisen, die auf die Extreme eines spannenden aber auch\u00a0 potentiell nicht ungef\u00e4hrlichen Sports zugeschnitten sind. Wir bem\u00fchen uns immer um offenen, ehrlichen Rat f\u00fcr Taucher und gehen immer noch den einen Schritt weiter \u2013 wirklich stolz auf unsere Produkte und unseren Service.<\/p>\n<p>Wir fertigen 95% aller Teile selbst hier vor Ort. Das bedeutet, von der Ausgangsidee, \u00fcber die Entwicklung, Werkzeugbau, maschinelle Bearbeitung, Formpressen, Montage, Abschlusskontrolle und Test bis zum fertigen Produkt haben wir vollst\u00e4ndige Kontrolle \u00fcber die Dinge, die wir herstellen.<\/p>\n<p>\u00a0<\/p><\/div><\/div><\/div><div id=\"pgc-15-8-1\"  class=\"panel-grid-cell panel-grid-cell-empty\" ><\/div><div id=\"pgc-15-8-2\"  class=\"panel-grid-cell\" ><div class=\"vg-image-widget\"><img decoding=\"async\" src=\"https:\/\/www.apdiving.eu\/de\/wp-content\/uploads\/bcd-rebreather-angela-parker-history-founder-apdiving1.jpg\" alt=\"\"\/><span class=\"caption\">Angela Parker. <i>Das urspr\u00fcngliche 'AP'<\/i><\/span><\/div><\/div><\/div><!--vgRowWrapper--><\/div><\/div><div id=\"pg-15-9\"  class=\"panel-grid panel-has-style\" ><div class=\"vgfull  panel-row-style panel-row-style-for-15-9\" ><div class=\"vgRowWrapper\"><div id=\"pgc-15-9-0\"  class=\"panel-grid-cell\" ><div class=\"vg-image-widget\"><img decoding=\"async\" src=\"https:\/\/www.apdiving.eu\/de\/wp-content\/uploads\/separator-middle.jpg\" alt=\"\"\/><\/div><\/div><\/div><!--vgRowWrapper--><\/div><\/div><div id=\"pg-15-10\"  class=\"panel-grid panel-has-style\" ><div class=\"vgfull  panel-row-style panel-row-style-for-15-10\" ><div class=\"vgRowWrapper\"><div id=\"pgc-15-10-0\"  class=\"panel-grid-cell panel-grid-cell-empty\" ><\/div><div id=\"pgc-15-10-1\"  class=\"panel-grid-cell panel-grid-cell-mobile-last\" ><div id=\"panel-15-10-1-0\" class=\"so-panel widget widget_black-studio-tinymce widget_black_studio_tinymce panel-first-child panel-last-child\" data-index=\"15\" ><div class=\"textwidget\"><h2 style=\"text-align: center;\">UNSERE BELEGSCHAFT<\/h2>\n<p>\u00a0Aktuell arbeiten 55 Mitarbeiter hier in unserem Fertigungs- und Entwicklungszentrum in Cornwall, Gro\u00dfbritannien. Fast alle tauchen. (Den Wenigen, die nicht tauchen, werden solange endlose Tauch- und Unterwasserexpeditionsfilme aus den 70ern in unserem Schulungsraum gezeigt, bis sie es doch tun...)<\/p>\n<p>Hier arbeiten Produktentwickler, Ingenieure und Testtaucher zusammen an der L\u00f6sung der Probleme die Taucher erleben, st\u00e4ndig auf der Suche nach M\u00f6glichkeiten, Ihr Taucherlebnis besser, bequemer und spannender zu machen.<\/p>\n<p>Wir haben einige der Spitzenleute aus der Tauchindustrie gewinnen und halten k\u00f6nnen, die nicht nur stolz auf ihre Produkte sondern auch auf einen beispiellosen und f\u00fchrenden Kundenservice sind- dies nat\u00fcrlich auch erleichtert dadurch, dass wir kontinuierlich produzieren und damit eine st\u00e4ndige Verf\u00fcgbarkeit von Ersatzzeilen haben.<\/p><\/p>\n<\/div><\/div><\/div><div id=\"pgc-15-10-2\"  class=\"panel-grid-cell panel-grid-cell-empty\" ><\/div><\/div><!--vgRowWrapper--><\/div><\/div><\/div>","protected":false},"excerpt":{"rendered":"<p>UNSERE MISSION&#8230; Tauchern ein besseres Tauchen zu erm\u00f6glichen \u2013 weiteres Erkunden, l\u00e4ngere Tauchzeiten mit Komfort auf ganzer Linie. Wir erreichen dies durch die Entwicklung und Fertigung innovativer (oft revolution\u00e4rer) Produkte, die leicht in der Handhabung sind und dabei die individuellen Tauchfertigkeiten unterst\u00fctzen und verbessern \u2013 selbst unter den rauesten Bedingungen. Alles was wir herstellen, wird <a href=\"https:\/\/www.apdiving.eu\/de\/about-ap\/\">[Read More &hellip;]<\/a><\/p>\n","protected":false},"author":4,"featured_media":0,"parent":0,"menu_order":0,"comment_status":"open","ping_status":"open","template":"","meta":{"footnotes":""},"class_list":["post-15","page","type-page","status-publish","hentry"],"_links":{"self":[{"href":"https:\/\/www.apdiving.eu\/de\/wp-json\/wp\/v2\/pages\/15","targetHints":{"allow":["GET"]}}],"collection":[{"href":"https:\/\/www.apdiving.eu\/de\/wp-json\/wp\/v2\/pages"}],"about":[{"href":"https:\/\/www.apdiving.eu\/de\/wp-json\/wp\/v2\/types\/page"}],"author":[{"embeddable":true,"href":"https:\/\/www.apdiving.eu\/de\/wp-json\/wp\/v2\/users\/4"}],"replies":[{"embeddable":true,"href":"https:\/\/www.apdiving.eu\/de\/wp-json\/wp\/v2\/comments?post=15"}],"version-history":[{"count":1,"href":"https:\/\/www.apdiving.eu\/de\/wp-json\/wp\/v2\/pages\/15\/revisions"}],"predecessor-version":[{"id":3690,"href":"https:\/\/www.apdiving.eu\/de\/wp-json\/wp\/v2\/pages\/15\/revisions\/3690"}],"wp:attachment":[{"href":"https:\/\/www.apdiving.eu\/de\/wp-json\/wp\/v2\/media?parent=15"}],"curies":[{"name":"wp","href":"https:\/\/api.w.org\/{rel}","templated":true}]}}