{"id":1297,"date":"2013-12-13T06:45:48","date_gmt":"2013-12-13T06:45:48","guid":{"rendered":"http:\/\/ap.msurl.net\/blog\/?page_id=1297"},"modified":"2024-04-08T11:10:35","modified_gmt":"2024-04-08T11:10:35","slug":"contact-us","status":"publish","type":"page","link":"https:\/\/www.apdiving.eu\/de\/contact-us\/","title":{"rendered":"Contact Us"},"content":{"rendered":"<div id=\"pl-1297\"  class=\"panel-layout\" ><div id=\"pg-1297-0\"  class=\"panel-grid panel-has-style\" ><div class=\"vgfull vg-spacing vgRowWrapper panel-row-style panel-row-style-for-1297-0\" ><div class=\"vgRowWrapper\"><div id=\"pgc-1297-0-0\"  class=\"panel-grid-cell\" ><div id=\"panel-1297-0-0-0\" class=\"so-panel widget widget_black-studio-tinymce widget_black_studio_tinymce panel-first-child panel-last-child\" data-index=\"0\" ><div class=\"textwidget\"><h2 style=\"text-align: center;\">KONTAKT<\/h2>\n<p>AP Valves &amp; Ambient Pressure Diving haben sich zusammengeschlossen, um noch mehr Tauchausr\u00fcstung anbieten zu k\u00f6nnen. Wir sind gr\u00f6\u00dfer aber noch genauso nahbar wie fr\u00fcher.<\/p>\n<p><strong>Bitte beachten Sie:<\/strong> Unser Kundentelefon ist derzeit nur englischsprachig besetzt. Bitte entschuldigen Sie etwaige damit verbundene Unannehmlichkeiten. Sie k\u00f6nnen auch, falls Ihnen dies angenehmer ist und bis wir einen deutschsprachiges Servicetelefon eingerichtet haben, Ihr Anliegen per E-mail an die unten angegebene Adresse senden. Wir werden Ihnen schnellstm\u00f6glich darauf antworten.<\/p>\n<\/div><\/div><\/div><\/div><!--vgRowWrapper--><\/div><\/div><div id=\"pg-1297-1\"  class=\"panel-grid panel-has-style\" ><div class=\"vgfull  panel-row-style panel-row-style-for-1297-1\" ><div class=\"vgRowWrapper\"><div id=\"pgc-1297-1-0\"  class=\"panel-grid-cell\" ><div id=\"panel-1297-1-0-0\" class=\"so-panel widget widget_black-studio-tinymce widget_black_studio_tinymce panel-first-child panel-last-child\" data-index=\"1\" ><div class=\"textwidget\"><p><iframe loading=\"lazy\" style=\"border: 0;\" src=\"https:\/\/www.google.com\/maps\/embed?pb=!1m18!1m12!1m3!1d5156064.360261836!2d-5.5028417581075075!3d50.87542777600084!2m3!1f0!2f0!3f0!3m2!1i1024!2i768!4f13.1!3m3!1m2!1s0x486b277a5134ca19%3A0x175f98a1a77f3089!2sAmbient+Pressure+Diving+Ltd%2C+Water-Ma-Trout%2C+Helston!5e0!3m2!1sen!2suk!4v1387796316054\" width=\"970\" height=\"300\" frameborder=\"0\"><\/iframe><\/p><\/div><\/div><\/div><\/div><!--vgRowWrapper--><\/div><\/div><div id=\"pg-1297-2\"  class=\"panel-grid panel-has-style\" ><div class=\"vgfull vg-spacing vgRowWrapper panel-row-style panel-row-style-for-1297-2\" ><div class=\"vgRowWrapper\"><div id=\"pgc-1297-2-0\"  class=\"panel-grid-cell\" ><div id=\"panel-1297-2-0-0\" class=\"so-panel widget widget_black-studio-tinymce widget_black_studio_tinymce panel-first-child panel-last-child\" data-index=\"2\" ><div class=\"textwidget\"><h2 style=\"text-align: center;\">AP DIVING<\/h2>\n<h3 style=\"text-align: center;\">HERSTELLER UND WELTWEITER VERTRIEB\u00a0<\/h3>\n<\/div><\/div><\/div><\/div><!--vgRowWrapper--><\/div><\/div><div id=\"pg-1297-3\"  class=\"panel-grid panel-has-style\" ><div class=\"vgfull vgRowWrapper panel-row-style panel-row-style-for-1297-3\" ><div class=\"vgRowWrapper\"><div id=\"pgc-1297-3-0\"  class=\"panel-grid-cell\" ><div id=\"panel-1297-3-0-0\" class=\"so-panel widget widget_black-studio-tinymce widget_black_studio_tinymce panel-first-child panel-last-child\" data-index=\"3\" ><div class=\"textwidget\"><p>POSTANSCHRIFT<\/p>\n<p>AP Diving<br \/>Water-Ma-Trout Ind. Est.<br \/>Helston,\u00a0Cornwall, UK<br \/>TR13 0LW<\/p>\n<\/div><\/div><\/div><div id=\"pgc-1297-3-1\"  class=\"panel-grid-cell\" ><div id=\"panel-1297-3-1-0\" class=\"so-panel widget widget_black-studio-tinymce widget_black_studio_tinymce panel-first-child panel-last-child\" data-index=\"4\" ><div class=\"textwidget\"><p style=\"text-align: left;\">VERKAUF\u00a0UND<br \/>\nKUNDENDIENST<br \/>\nF\u00dcR CCR\u00a0<\/p>\n<p style=\"text-align: left;\"><strong>Telefon:<\/strong> +44 (0)1326 561\u00a0040<br \/>\n<strong>E-Mail:<\/strong> <a href=\"mailto:ccrsales@apdiving.com\">ccrsales@apdiving.com<\/a><\/p>\n<\/div><\/div><\/div><div id=\"pgc-1297-3-2\"  class=\"panel-grid-cell\" ><div id=\"panel-1297-3-2-0\" class=\"so-panel widget widget_black-studio-tinymce widget_black_studio_tinymce panel-first-child panel-last-child\" data-index=\"5\" ><div class=\"textwidget\"><p>VERKAUF UND KUNDENDIENST F\u00dcR OC-TAUCHAUSR\u00dcSTUNG<\/p>\n<p style=\"text-align: left;\"><strong>Telefon:<\/strong> +44 (0)1326 561 040<br \/>\n<strong>E-Mail:<\/strong>\u00a0<a href=\"mailto:bcdsales@apdiving.com\">bcdsales@apdiving.com<\/a><\/p>\n<\/div><\/div><\/div><\/div><!--vgRowWrapper--><\/div><\/div><div id=\"pg-1297-4\"  class=\"panel-grid panel-has-style\" ><div class=\"vgfull vg-spacing vgRowWrapper panel-row-style panel-row-style-for-1297-4\" ><div class=\"vgRowWrapper\"><div id=\"pgc-1297-4-0\"  class=\"panel-grid-cell\" ><div id=\"panel-1297-4-0-0\" class=\"so-panel widget widget_black-studio-tinymce widget_black_studio_tinymce panel-first-child panel-last-child\" data-index=\"6\" ><div class=\"textwidget\"><h2 style=\"text-align: center;\">AUTHORISIERTE REBREATHER-VERTRIEBSPARTNER\u00a0<\/h2>\n<\/div><\/div><\/div><\/div><!--vgRowWrapper--><\/div><\/div><div id=\"pg-1297-5\"  class=\"panel-grid panel-has-style\" ><div class=\"vgRowWrapper panel-row-style panel-row-style-for-1297-5\" ><div class=\"vgRowWrapper\"><div id=\"pgc-1297-5-0\"  class=\"panel-grid-cell\" ><div id=\"panel-1297-5-0-0\" class=\"so-panel widget widget_black-studio-tinymce widget_black_studio_tinymce panel-first-child panel-last-child\" data-index=\"7\" ><div class=\"textwidget\"><h4><img loading=\"lazy\" decoding=\"async\" class=\"width:100%; alignnone wp-image-1924\" src=\"https:\/\/www.apdiving.eu\/de\/wp-content\/uploads\/US.png\" alt=\"US\" width=\"64\" height=\"64\" \/><\/h4>\n<h4>Silent Diving LLC<\/h4>\n<p><strong>Adresse:\u2028\u00a0<\/strong><span style=\"color: black;\"><span lang=\"EN-US\"><br \/>\n<\/span><\/span><span lang=\"EN-US\">Silent Diving LLC<br \/>\n<\/span><span lang=\"EN-US\">700 SE Becker Rd<br \/>\n#186<br \/>\nPort Saint Lucie<br \/>\nFL 34984<\/span><br \/>\nUSA<\/p>\n<p><strong>Telefon:<br \/>\n<\/strong><\/p>\n<p>603-960-0524<\/p>\n<p>352-727-8963<br \/>\n<strong><br \/>\nFax:<br \/>\n<\/strong>603-297-0047<\/p>\n<p><strong>E-Mail:<\/strong><br \/>\n<a href=\"mailto:sales@silentdiving.com\">sales@silentdiving.com<\/a><br \/>\n<a href=\"mailto:mike@silentdiving.com\">mike@silentdiving.com<\/a><br \/>\n<a href=\"mailto:events@silentdiving.com\">events@silentdiving.com<\/a><\/p>\n<p><strong>Website:<\/strong><br \/>\n<a href=\"http:\/\/www.silentdiving.com\/\" target=\"_blank\" rel=\"noopener\">silentdiving.com<\/a><br \/>\n<a href=\"http:\/\/www.silentdiving.com\/\" target=\"_blank\" rel=\"noopener\">silentdivingdirect.com<\/a><\/p>\n<\/div><\/div><\/div><div id=\"pgc-1297-5-1\"  class=\"panel-grid-cell\" ><div id=\"panel-1297-5-1-0\" class=\"so-panel widget widget_black-studio-tinymce widget_black_studio_tinymce panel-first-child panel-last-child\" data-index=\"8\" ><div class=\"textwidget\"><h4><img loading=\"lazy\" decoding=\"async\" width=\"64\" height=\"64\" class=\"alignnone  wp-image-1925\" src=\"https:\/\/apdiving.eu\/de\/wp-content\/uploads\/IT.png\" alt=\"IT\" \/><\/h4>\n<h4>Sea Dweller Divers<\/h4>\n<p><strong>Adresse:<\/strong><br \/>\nSea Dweller Divers<br \/>\nVia delle Lucarie n.72<br \/>\n00138 Rome<br \/>\nItaly<\/p>\n<p><strong>Telefon:<br \/>\n<\/strong>+39 06 88 87 113<\/p>\n<p><strong>E-Mail:<br \/>\n<\/strong><a href=\"mailto:info@seadweller.it\">info@seadweller.it<\/a><\/p>\n<p>&nbsp;<\/p>\n<\/div><\/div><\/div><div id=\"pgc-1297-5-2\"  class=\"panel-grid-cell\" ><div id=\"panel-1297-5-2-0\" class=\"so-panel widget widget_black-studio-tinymce widget_black_studio_tinymce panel-first-child panel-last-child\" data-index=\"9\" ><div class=\"textwidget\"><h4><img loading=\"lazy\" decoding=\"async\" width=\"64\" height=\"64\" class=\"alignnone  wp-image-1926\" src=\"https:\/\/apdiving.eu\/de\/wp-content\/uploads\/KR.png\" alt=\"KR\" \/><\/h4>\n<h4>Aquatek. Co.<\/h4>\n<p><strong>Adresse:<br \/>\n<\/strong>Aquatek. Co.<br \/>\n#803 Iperion<br \/>\n19, Wiryegwangjang-ro<br \/>\nSujeong-gu<br \/>\nSeongnam-si<br \/>\nGyeonggi-do<br \/>\nSouth Korea\u00a0 13646<\/p>\n<p><b>Telephone:\u00a0<br \/>\n<\/b>+82 31-755-5110<\/p>\n<p><b>Fax:<\/b>\u00a0<br \/>\n+82 70-7543-5130<\/p>\n<p><b>Mobile:\u00a0<br \/>\n<\/b>+82 10-5171-6273<\/p>\n<p><b>E-mail:\u00a0<br \/>\n<\/b><a href=\"mailto:travis@tdisdi.co.kr\">travis@tdisdi.co.kr<\/a><\/p>\n<p>&nbsp;<\/p>\n<\/div><\/div><\/div><div id=\"pgc-1297-5-3\"  class=\"panel-grid-cell\" ><div id=\"panel-1297-5-3-0\" class=\"so-panel widget widget_black-studio-tinymce widget_black_studio_tinymce panel-first-child panel-last-child\" data-index=\"10\" ><div class=\"textwidget\"><h4>\u00a0<img loading=\"lazy\" decoding=\"async\" width=\"64\" height=\"64\" class=\"alignnone  wp-image-1927\" src=\"https:\/\/apdiving.eu\/de\/wp-content\/uploads\/ZA.png\" alt=\"ZA\" \/><\/h4>\n<h4>Alpha Omega<\/h4>\n<p><strong>Adresse:<br \/>\n<\/strong>Alpha Omega<br \/>\nRoad R38<br \/>\nKomati Springs<br \/>\nBadplaas<br \/>\nMpumalanga<br \/>\n1190<br \/>\nSouth Africa<\/p>\n<p><strong>Telefon:<br \/>\n<\/strong>+27 82 650 2294<br \/>\n+27 82 650 2279<\/p>\n<p><strong>E-Mail:<br \/>\n<\/strong><a href=\"mailto:info@technicaldivingafrica.com\" target=\"_blank\" rel=\"noopener\">info@technicaldivingafrica.com<\/a><strong><br \/>\n<\/strong><\/p>\n<p>&nbsp;<\/p>\n<\/div><\/div><\/div><\/div><!--vgRowWrapper--><\/div><\/div><\/div>","protected":false},"excerpt":{"rendered":"<p>KONTAKTAP Valves &amp; Ambient Pressure Diving haben sich zusammengeschlossen, um noch mehr Tauchausr\u00fcstung anbieten zu k\u00f6nnen. Wir sind gr\u00f6\u00dfer aber noch genauso nahbar wie fr\u00fcher.Bitte beachten Sie: Unser Kundentelefon ist derzeit nur englischsprachig besetzt. Bitte entschuldigen Sie etwaige damit verbundene Unannehmlichkeiten. Sie k\u00f6nnen auch, falls Ihnen dies angenehmer ist und bis wir einen deutschsprachiges Servicetelefon <a href=\"https:\/\/www.apdiving.eu\/de\/contact-us\/\">[Read More &hellip;]<\/a><\/p>\n","protected":false},"author":4,"featured_media":0,"parent":0,"menu_order":0,"comment_status":"open","ping_status":"open","template":"","meta":{"footnotes":""},"class_list":["post-1297","page","type-page","status-publish","hentry"],"_links":{"self":[{"href":"https:\/\/www.apdiving.eu\/de\/wp-json\/wp\/v2\/pages\/1297","targetHints":{"allow":["GET"]}}],"collection":[{"href":"https:\/\/www.apdiving.eu\/de\/wp-json\/wp\/v2\/pages"}],"about":[{"href":"https:\/\/www.apdiving.eu\/de\/wp-json\/wp\/v2\/types\/page"}],"author":[{"embeddable":true,"href":"https:\/\/www.apdiving.eu\/de\/wp-json\/wp\/v2\/users\/4"}],"replies":[{"embeddable":true,"href":"https:\/\/www.apdiving.eu\/de\/wp-json\/wp\/v2\/comments?post=1297"}],"version-history":[{"count":10,"href":"https:\/\/www.apdiving.eu\/de\/wp-json\/wp\/v2\/pages\/1297\/revisions"}],"predecessor-version":[{"id":8250,"href":"https:\/\/www.apdiving.eu\/de\/wp-json\/wp\/v2\/pages\/1297\/revisions\/8250"}],"wp:attachment":[{"href":"https:\/\/www.apdiving.eu\/de\/wp-json\/wp\/v2\/media?parent=1297"}],"curies":[{"name":"wp","href":"https:\/\/api.w.org\/{rel}","templated":true}]}}