{"id":1092,"date":"2013-12-08T12:30:15","date_gmt":"2013-12-08T12:30:15","guid":{"rendered":"http:\/\/ap.msurl.net\/blog\/?page_id=1092"},"modified":"2015-04-16T13:01:14","modified_gmt":"2015-04-16T13:01:14","slug":"pro-commando","status":"publish","type":"page","link":"https:\/\/www.apdiving.eu\/de\/community\/pro-commando\/","title":{"rendered":"Pro Commando"},"content":{"rendered":"<div id=\"pl-1092\"  class=\"panel-layout\" ><div id=\"pg-1092-0\"  class=\"panel-grid panel-has-style\" ><div class=\"vgfull vg-spacing panel-row-style panel-row-style-for-1092-0\" ><div class=\"vgRowWrapper\"><div id=\"pgc-1092-0-0\"  class=\"panel-grid-cell panel-grid-cell-empty\" ><\/div><\/div><!--vgRowWrapper--><\/div><\/div><div id=\"pg-1092-1\"  class=\"panel-grid panel-has-style\" ><div class=\"vgfull vg-spacing panel-row-style panel-row-style-for-1092-1\" ><div class=\"vgRowWrapper\"><div id=\"pgc-1092-1-0\"  class=\"panel-grid-cell\" ><div id=\"panel-1092-1-0-0\" class=\"so-panel widget widget_black-studio-tinymce widget_black_studio_tinymce panel-first-child panel-last-child\" data-index=\"0\" ><div class=\"textwidget\"><h3>Das AP Commando Escape - Top-Leister: 10 von 10 Punkten<\/h3>\n<blockquote>\n<p>Hier ist ein Gewinner am Start... ein Jacket, das weiterhin die Rubustheit des Klassikers BUDDY verk\u00f6rpert! (jetzt mit neuem Namen: AP Commando). Es hat alles an Drum und Dran was man unbedingt braucht. Die R\u00fcckentrage mit Tragegriff ist ein Traum, ebenso die Gurte und Einstellm\u00f6glichkeiten - alles klassisch AP, aber leichter... Was uns besonders begeisterte, sind die gro\u00dfen Taschen. In den beiden Haupttaschen lassen sich locker eine Dekoboje mit Flasche, Backup-Lampen, Backup-Maske, Reel, Lunchpaket... und vieles mehr verstauen... Im Wasser machte es einen exzellenten Job: an der Oberfl\u00e4che herausragend, super Auftrieb... hervorragendes Preis-\/Leistungsverh\u00e4ltnis.\"<\/p>\n<p>\u00a0<\/p>\n<p>Bewertung: Preis\/Leistung: 9\/10, Performance: 10\/10 Gesamt: Top-Leister 10\/10<\/p>\n<h6>Charles Hood, DIVE Magazine TestZone, UK<\/h6>\n<\/blockquote>\n<h6>\u00a0<\/h6>\n<\/div><\/div><\/div><div id=\"pgc-1092-1-1\"  class=\"panel-grid-cell\" ><div class=\"vg-image-widget\"><img decoding=\"async\" src=\"https:\/\/www.apdiving.eu\/de\/wp-content\/uploads\/Charles-Hood-quote.jpg\" alt=\"\"\/><span class=\"caption\">Charles Hood<\/span><\/div><\/div><\/div><!--vgRowWrapper--><\/div><\/div><div id=\"pg-1092-2\"  class=\"panel-grid panel-has-style\" ><div class=\"vgfull vg-spacing panel-row-style panel-row-style-for-1092-2\" ><div class=\"vgRowWrapper\"><div id=\"pgc-1092-2-0\"  class=\"panel-grid-cell\" ><div class=\"vg-image-widget\"><img decoding=\"async\" src=\"https:\/\/www.apdiving.eu\/de\/wp-content\/uploads\/john-bantin-quote-01.png\" alt=\"\"\/><span class=\"caption\">John Bantin\n<\/span><\/div><\/div><div id=\"pgc-1092-2-1\"  class=\"panel-grid-cell\" ><div id=\"panel-1092-2-1-0\" class=\"so-panel widget widget_black-studio-tinymce widget_black_studio_tinymce panel-first-child panel-last-child\" data-index=\"3\" ><div class=\"textwidget\"><h3>...das volle Programm\u00a0<\/h3>\n<blockquote>\n<p>Das Tekwing bietet das ganze Programm an Ausstattung und Leistungsf\u00e4higkeit, das man sich nur w\u00fcnschen kann\u2026\"<\/p>\n<h6>Diver Magazine, UK - John Bantin<\/h6>\n<\/blockquote>\n<h6>\u00a0<\/h6>\n<\/div><\/div><\/div><\/div><!--vgRowWrapper--><\/div><\/div><div id=\"pg-1092-3\"  class=\"panel-grid panel-has-style\" ><div class=\"vgfull vg-spacing panel-row-style panel-row-style-for-1092-3\" ><div class=\"vgRowWrapper\"><div id=\"pgc-1092-3-0\"  class=\"panel-grid-cell\" ><div id=\"panel-1092-3-0-0\" class=\"so-panel widget widget_black-studio-tinymce widget_black_studio_tinymce panel-first-child panel-last-child\" data-index=\"4\" ><div class=\"textwidget\"><h3>Das AP Tekwing<\/h3>\n<blockquote>\n<p>\u202aSchon nach den ersten paar Tauchg\u00e4ngen ging der Gebrauch des Wings komplett in Fleisch und Blut \u00fcber, exakt die Eigenschaft die eine gutes Ausr\u00fcstungst\u00fcck ausmacht\u2026\"<\/p>\n<h6>DIVE, UK - Charles Hood<\/h6>\n<\/blockquote>\n<h6 dir=\"ltr\">\u00a0<\/h6>\n<\/div><\/div><\/div><div id=\"pgc-1092-3-1\"  class=\"panel-grid-cell\" ><div class=\"vg-image-widget\"><img decoding=\"async\" src=\"https:\/\/www.apdiving.eu\/de\/wp-content\/uploads\/Dive-Magazine-quote.jpg\" alt=\"\"\/><span class=\"caption\">Dive Magazine<\/span><\/div><\/div><\/div><!--vgRowWrapper--><\/div><\/div><div id=\"pg-1092-4\"  class=\"panel-grid panel-has-style\" ><div class=\"vgfull vg-spacing panel-row-style panel-row-style-for-1092-4\" ><div class=\"vgRowWrapper\"><div id=\"pgc-1092-4-0\"  class=\"panel-grid-cell\" ><div class=\"vg-image-widget\"><img decoding=\"async\" src=\"https:\/\/www.apdiving.eu\/de\/wp-content\/uploads\/kevin-camidge-quote-apdiving-01.jpg\" alt=\"\"\/><span class=\"caption\">Kevin Camidge<\/span><\/div><\/div><div id=\"pgc-1092-4-1\"  class=\"panel-grid-cell\" ><div id=\"panel-1092-4-1-0\" class=\"so-panel widget widget_black-studio-tinymce widget_black_studio_tinymce panel-first-child panel-last-child\" data-index=\"7\" ><div class=\"textwidget\"><h3>Robust und zuverl\u00e4ssig...<\/h3>\n<blockquote>\n<p>Ich besitze mein Buddy Commando Slimline Stab Jacket seit nunmehr 20 Jahren. Es hat mich all die Zeit auf mehreren tausend Tauchg\u00e4ngen begleitet und nie im Stich gelassen. Das Jacket ist robust und zuverl\u00e4ssig und ben\u00f6tigte keine weitere Aufmerksamkeit jenseits der Wartung bei AP Diving alle vier oder f\u00fcnf Jahre. Ich kann ohne zu z\u00f6gern jedem AP Jackets nur w\u00e4rmstens empfehlen.\"<\/p>\n<h6>Kevin Camidge, freiberuflicher Meeresarcheologe und Archeologischer Direktor der Cornwall and Isles of Scilly Maritime Archaeology Society (CISMAS)<\/h6>\n<\/blockquote>\n<h6 dir=\"ltr\">\u00a0<\/h6>\n<\/div><\/div><\/div><\/div><!--vgRowWrapper--><\/div><\/div><div id=\"pg-1092-5\"  class=\"panel-grid panel-has-style\" ><div class=\"vgfull vg-spacing panel-row-style panel-row-style-for-1092-5\" ><div class=\"vgRowWrapper\"><div id=\"pgc-1092-5-0\"  class=\"panel-grid-cell\" ><div id=\"panel-1092-5-0-0\" class=\"so-panel widget widget_black-studio-tinymce widget_black_studio_tinymce panel-first-child panel-last-child\" data-index=\"8\" ><div class=\"textwidget\"><h3>Ich tauche niemals ohne\u2026<\/h3>\n<blockquote>\n<p>\u202aSCAPA bis TRUK, mehr als 6500 Tauchg\u00e4nge, 25 B\u00fccher und alles mit nur einem BUDDY! Egal ob es ein tiefer Tauchgang an der S.SMAIDAN oder ein leichter Spaziergang an der S.S Tukia war, von den eiskalten Gew\u00e4ssern im Nordosten bis nach Truk Lagoon, mein BUDDY ist immer dabei, es wird gebraucht \u2013 manchmal gar missbraucht ... aber immer kann ich voll darauf vertrauen ...ich w\u00fcrde niemals ohne tauchen!\"<\/p>\n<h6>Peter Collings,\u00a0Profi-Fotograf, Autor und Wrack-Erkunder, Gr\u00fcndungsmitglied der Red Sea Wreck Academy<\/h6>\n<\/blockquote>\n<h6>\u00a0<\/h6>\n<h6 dir=\"ltr\">\u00a0<\/h6>\n<\/div><\/div><\/div><div id=\"pgc-1092-5-1\"  class=\"panel-grid-cell\" ><div class=\"vg-image-widget\"><img decoding=\"async\" src=\"https:\/\/www.apdiving.eu\/de\/wp-content\/uploads\/peter-colings-quote-apdiving-01.jpg\" alt=\"\"\/><span class=\"caption\">Peter Collings<\/span><\/div><\/div><\/div><!--vgRowWrapper--><\/div><\/div><div id=\"pg-1092-6\"  class=\"panel-grid panel-has-style\" ><div class=\"vgfull vg-spacing panel-row-style panel-row-style-for-1092-6\" ><div class=\"vgRowWrapper\"><div id=\"pgc-1092-6-0\"  class=\"panel-grid-cell\" ><div class=\"vg-image-widget\"><img decoding=\"async\" src=\"https:\/\/www.apdiving.eu\/de\/wp-content\/uploads\/joss-woolf-quote-apdiving-01.jpg\" alt=\"\"\/><span class=\"caption\">Joss Woolf<\/span><\/div><\/div><div id=\"pgc-1092-6-1\"  class=\"panel-grid-cell\" ><div id=\"panel-1092-6-1-0\" class=\"so-panel widget widget_black-studio-tinymce widget_black_studio_tinymce panel-first-child panel-last-child\" data-index=\"11\" ><div class=\"textwidget\"><h3>Der Kronjuwel...<\/h3>\n<blockquote>\n<p>\u202aLetzten Sommer hatte ich das gro\u00dfe Gl\u00fcck, die humoristische Sparte der Britischen Unterwasser-Fotografie-Meisterschaft in Plymouth zu gewinnen. Der Preis war ein Buddy Travelwing Stab Jacket. Als \u00fcber die letzten 20 Jahre \u00fcberzeugte alter Mares-Fan\u00a0 dachte ich bei Buddy immer an diese weithin auff\u00e4lligen, extrem haltbaren orangen Jackets, die zumeist von den \u00e4lteren Semestern der Tauchgemeinde benutzt wurden. Wie sehr konnte ich mich nur irren?! Das wundersch\u00f6n gearbeitete gelb-schwarze Jacket hat keinerlei \u00c4hnlichkeit mehr mit dem alten Buddy. Es hat ein optionales integriertes Bleitaschensystem, das ganz leicht so umfunktioniert werden kann, dass zwei gro\u00dfe Mesh-Taschen entstehen, die mir als Fotograf, der st\u00e4ndig alles m\u00f6gliche an Zubeh\u00f6r am Mann haben muss, hervorragend zu Pass kommen. Doch das eigentliche Highlight bzw. was es zum Kronjuwel macht: jenseits des neuen tollen Looks muss ich gestehen, nie ein bequemeres Jacket getragen zu haben.\"<\/p>\n<h6>Joss Woolf\u00a0- Chairman, The British Society of Underwater Photographers<\/h6>\n<\/blockquote>\n<h6 dir=\"ltr\">\u00a0<\/h6>\n<\/div><\/div><\/div><\/div><!--vgRowWrapper--><\/div><\/div><div id=\"pg-1092-7\"  class=\"panel-grid panel-has-style\" ><div class=\"vgfull vg-spacing panel-row-style panel-row-style-for-1092-7\" ><div class=\"vgRowWrapper\"><div id=\"pgc-1092-7-0\"  class=\"panel-grid-cell\" ><div id=\"panel-1092-7-0-0\" class=\"so-panel widget widget_black-studio-tinymce widget_black_studio_tinymce panel-first-child panel-last-child\" data-index=\"12\" ><div class=\"textwidget\"><h3>Das AP Travelwing \u2013 Makellose Performance\u2026<\/h3>\n<blockquote>\n<p>\u202aWenn man sein Blei nicht integriert tragen m\u00f6chte, lassen sich die Taschenklappen so verstellen, dass zwei enorm fassungsf\u00e4hige Taschen entstehen \u2013 alles sehr clever gel\u00f6st. Die Schultergurte und R\u00fcckentrage sind sind gro\u00dfz\u00fcgig gepolstert und machen das Jacket auch dann noch sehr bequem ohne Dr\u00fccken und Quetschen wenn mit nur d\u00fcnnen Tauchanz\u00fcgen in w\u00e4rmeren Gew\u00e4ssern getaucht wird. Das Travelwing hat einige Male bewundernde Blicke geerntet und die Leute auf dem Boot waren sehr neugierig, wie ich damit klar kam. Die kurze Antwort: es arbeitet einfach tadellos. Es ist erwiesen, dass AP Valves [von nun an AP Diving] dieses Jacket statt den \u00fcblichen Standards nachzueifern von Grund auf durchdacht und damit exakt das getroffen hat, was man von einem Travel-Wingjacket erwartet. Es ist nicht ganz g\u00fcnstig, aber es wird vermutlich ein Leben lang halten.\"<\/p>\n<h6>Charles Hood - SCUBA, das offizielle BSAC-Magazin (<em>British Sub Aqua Club)<\/em>, UK<\/h6>\n<\/blockquote>\n<h6 dir=\"ltr\">\u00a0<\/h6>\n<\/div><\/div><\/div><div id=\"pgc-1092-7-1\"  class=\"panel-grid-cell\" ><div class=\"vg-image-widget\"><img decoding=\"async\" src=\"https:\/\/www.apdiving.eu\/de\/wp-content\/uploads\/Charles-Hood-quote.jpg\" alt=\"\"\/><span class=\"caption\">Charles Hood<\/span><\/div><\/div><\/div><!--vgRowWrapper--><\/div><\/div><div id=\"pg-1092-8\"  class=\"panel-grid panel-has-style\" ><div class=\"vgfull vg-spacing panel-row-style panel-row-style-for-1092-8\" ><div class=\"vgRowWrapper\"><div id=\"pgc-1092-8-0\"  class=\"panel-grid-cell\" ><div class=\"vg-image-widget\"><img decoding=\"async\" src=\"https:\/\/www.apdiving.eu\/de\/wp-content\/uploads\/chris-lamb-quote-apdiving-01.jpg\" alt=\"\"\/><span class=\"caption\">Chris Lamb<\/span><\/div><\/div><div id=\"pgc-1092-8-1\"  class=\"panel-grid-cell\" ><div id=\"panel-1092-8-1-0\" class=\"so-panel widget widget_black-studio-tinymce widget_black_studio_tinymce panel-first-child panel-last-child\" data-index=\"15\" ><div class=\"textwidget\"><h3>Ich empfehle ausnahmslos immer AP...<\/h3>\n<blockquote>\n<p>Ich tauche mein BUDDY seit mehr als 20 Jahren und bin damit auf der ganzen Welt getaucht. Es ist in der Tat ein weitgereistes, viel herumgekommenes Jacket. Ich bin ausgiebig in Schottland, im Roten Meer, den Kanarischen Inseln und Malta getaucht und habe meine eigene Ausr\u00fcstung selbst mit zum Tauchen nach Amerika mitgenommen... Normalerweise tauche ich mit nur einer Flasche aber neulich in Scapa Flow bin ich einen Doppetank getaucht und konnte mein BUDDY mit dem Doppelflaschenadapter ganz einfach umr\u00fcsten. Wie gew\u00f6hnlich hatte ich auch mit dieser anderen Konfiguration keinerlei Probleme mit dem Jacket... Ich finde mein BUDDY klasse, insbesondere f\u00fcr Tauchsch\u00fcler, da es Sicherheit gibt und wir sehen eine Menge Leute mit den verschiedensten AP-Jackets im Club. Wenn Sch\u00fcler mich fragen, welches Jacket sie sich kaufen sollten... dann empfehle ich immer und ausnahmslos AP Jacketts.\"<\/p>\n<h6>\u00a0Chris Lamb, SCOTSAC-Niederlassungsleiter (Scottish Sub Aqua Club) und Regional Instructor<\/h6>\n<\/blockquote>\n<h6>\u00a0<\/h6>\n<h6>\u00a0<\/h6>\n<\/div><\/div><\/div><\/div><!--vgRowWrapper--><\/div><\/div><\/div>","protected":false},"excerpt":{"rendered":"<p>Das AP Commando Escape &#8211; Top-Leister: 10 von 10 Punkten Hier ist ein Gewinner am Start&#8230; ein Jacket, das weiterhin die Rubustheit des Klassikers BUDDY verk\u00f6rpert! (jetzt mit neuem Namen: AP Commando). Es hat alles an Drum und Dran was man unbedingt braucht. Die R\u00fcckentrage mit Tragegriff ist ein Traum, ebenso die Gurte und Einstellm\u00f6glichkeiten <a href=\"https:\/\/www.apdiving.eu\/de\/community\/pro-commando\/\">[Read More &hellip;]<\/a><\/p>\n","protected":false},"author":4,"featured_media":0,"parent":1079,"menu_order":0,"comment_status":"open","ping_status":"open","template":"","meta":{"footnotes":""},"class_list":["post-1092","page","type-page","status-publish","hentry"],"_links":{"self":[{"href":"https:\/\/www.apdiving.eu\/de\/wp-json\/wp\/v2\/pages\/1092","targetHints":{"allow":["GET"]}}],"collection":[{"href":"https:\/\/www.apdiving.eu\/de\/wp-json\/wp\/v2\/pages"}],"about":[{"href":"https:\/\/www.apdiving.eu\/de\/wp-json\/wp\/v2\/types\/page"}],"author":[{"embeddable":true,"href":"https:\/\/www.apdiving.eu\/de\/wp-json\/wp\/v2\/users\/4"}],"replies":[{"embeddable":true,"href":"https:\/\/www.apdiving.eu\/de\/wp-json\/wp\/v2\/comments?post=1092"}],"version-history":[{"count":1,"href":"https:\/\/www.apdiving.eu\/de\/wp-json\/wp\/v2\/pages\/1092\/revisions"}],"predecessor-version":[{"id":4217,"href":"https:\/\/www.apdiving.eu\/de\/wp-json\/wp\/v2\/pages\/1092\/revisions\/4217"}],"up":[{"embeddable":true,"href":"https:\/\/www.apdiving.eu\/de\/wp-json\/wp\/v2\/pages\/1079"}],"wp:attachment":[{"href":"https:\/\/www.apdiving.eu\/de\/wp-json\/wp\/v2\/media?parent=1092"}],"curies":[{"name":"wp","href":"https:\/\/api.w.org\/{rel}","templated":true}]}}