{"id":1085,"date":"2013-12-08T11:58:17","date_gmt":"2013-12-08T11:58:17","guid":{"rendered":"http:\/\/ap.msurl.net\/blog\/?page_id=1085"},"modified":"2015-12-11T10:07:02","modified_gmt":"2015-12-11T10:07:02","slug":"dive-expeditions-trip-reports","status":"publish","type":"page","link":"https:\/\/www.apdiving.eu\/de\/community\/dive-expeditions-trip-reports\/","title":{"rendered":"Dive Expeditions &#038; Trip Reports"},"content":{"rendered":"<div id=\"pl-1085\"  class=\"panel-layout\" ><div id=\"pg-1085-0\"  class=\"panel-grid panel-has-style\" ><div class=\"vgfull  panel-row-style panel-row-style-for-1085-0\" ><div class=\"vgRowWrapper\"><div id=\"pgc-1085-0-0\"  class=\"panel-grid-cell panel-grid-cell-empty\" ><\/div><div id=\"pgc-1085-0-1\"  class=\"panel-grid-cell panel-grid-cell-mobile-last\" ><div id=\"panel-1085-0-1-0\" class=\"so-panel widget widget_black-studio-tinymce widget_black_studio_tinymce panel-first-child panel-last-child\" data-index=\"0\" ><div class=\"textwidget\"><p><div class=\"ap-post-entry\">\n    \n    <p class=\"entry-date\"><a href=\"https:\/\/www.apdiving.eu\/de\/tamataroa1\/\"><i class=\"fa fa-calendar\"><\/i>&nbsp;&nbsp;June 8, 2023<\/a><\/p>\n    \n    <div class=\"entry-title\"><h2><a href=\"https:\/\/www.apdiving.eu\/de\/tamataroa1\/\">TAMATAROA 1 \u2013 Die Untersuchung des Gro\u00dfen Hammerhais<\/a><\/h2><\/div>\n        <a href=\"https:\/\/www.apdiving.eu\/de\/tamataroa1\/\" class=\"featured-image\" style=\"background-image:url(https:\/\/www.apdiving.eu\/de\/wp-content\/uploads\/laurent-1200.jpg)\"><\/a>\n    <div class=\"entry-summary\">\n        <p class=\"post-excerpt\"><p>TAMATAROA 1 \u2013 Laurent Ballestas neueste Mission: den Gt-Hammerhai in Franz\u00f6sisch-Polynesien zu sch\u00fctzen \u2026<\/p>\n<\/p>\n    <\/div>\n   \n    <span style=\"display:block; clear:both; height:1px;\"><\/span>\n\t<div><a href=\"https:\/\/www.apdiving.eu\/de\/tamataroa1\/\" class=\"post-read-more\">Mehr&nbsp;&nbsp;<i class=\"fa fa-angle-right\"><\/i><\/a><\/div>\n\n<\/div>\n    <div class=\"ap-post-entry\">\n    \n    <p class=\"entry-date\"><a href=\"https:\/\/www.apdiving.eu\/de\/the-gombessa-ii-expedition-2014\/\"><i class=\"fa fa-calendar\"><\/i>&nbsp;&nbsp;November 28, 2014<\/a><\/p>\n    \n    <div class=\"entry-title\"><h2><a href=\"https:\/\/www.apdiving.eu\/de\/the-gombessa-ii-expedition-2014\/\">24-Weltrekord-Tauchgang<\/a><\/h2><\/div>\n        <a href=\"https:\/\/www.apdiving.eu\/de\/the-gombessa-ii-expedition-2014\/\" class=\"featured-image\" style=\"background-image:url(https:\/\/www.apdiving.eu\/de\/wp-content\/uploads\/rebreathers-bcds-scuba-trip-reports-24hour-featured-image-apdiving-150x150.jpg)\"><\/a>\n    <div class=\"entry-summary\">\n        <p class=\"post-excerpt\"><p>\u201cGOMBESSA II\u201d Expedition 2014 &#8211; 24-Weltrekord-Tauchgang<\/p>\n<\/p>\n    <\/div>\n   \n    <span style=\"display:block; clear:both; height:1px;\"><\/span>\n\t<div><a href=\"https:\/\/www.apdiving.eu\/de\/the-gombessa-ii-expedition-2014\/\" class=\"post-read-more\">Mehr&nbsp;&nbsp;<i class=\"fa fa-angle-right\"><\/i><\/a><\/div>\n\n<\/div>\n    <div class=\"ap-post-entry\">\n    \n    <p class=\"entry-date\"><a href=\"https:\/\/www.apdiving.eu\/de\/trip-report-kuda-maru-wwii-japanese-gold-wreck-expedition\/\"><i class=\"fa fa-calendar\"><\/i>&nbsp;&nbsp;May 10, 2012<\/a><\/p>\n    \n    <div class=\"entry-title\"><h2><a href=\"https:\/\/www.apdiving.eu\/de\/trip-report-kuda-maru-wwii-japanese-gold-wreck-expedition\/\">Tourbericht: Kuda Maru \u2013 Expedition zum Japanischen Gold-Wrack (aus dem 2. Weltkrieg)<\/a><\/h2><\/div>\n        <a href=\"https:\/\/www.apdiving.eu\/de\/trip-report-kuda-maru-wwii-japanese-gold-wreck-expedition\/\" class=\"featured-image\" style=\"background-image:url(https:\/\/www.apdiving.eu\/de\/wp-content\/uploads\/rebreathers-bcds-scuba-trip-reports-kuda-maru-itcscuba-1-apdiving.jpg)\"><\/a>\n    <div class=\"entry-summary\">\n        <p class=\"post-excerpt\"><p>In der ersten Maiwoche 2012 unternahm ein wagemutiges Team von technischen Tauchern vor der K\u00fcste von Cebu, Philippinen, mit Rebreathern 16 Trimix-Tauchg\u00e4nge zu Tiefen von ca. 90 m (300 Fu\u00df) zu einem Wrack aus dem 2. Weltkrieg von dem angenommen wird, dass es sich um die Kuda Maru handelt.<\/p>\n<\/p>\n    <\/div>\n   \n    <span style=\"display:block; clear:both; height:1px;\"><\/span>\n\t<div><a href=\"https:\/\/www.apdiving.eu\/de\/trip-report-kuda-maru-wwii-japanese-gold-wreck-expedition\/\" class=\"post-read-more\">Mehr&nbsp;&nbsp;<i class=\"fa fa-angle-right\"><\/i><\/a><\/div>\n\n<\/div>\n    <div class=\"ap-post-entry\">\n    \n    <p class=\"entry-date\"><a href=\"https:\/\/www.apdiving.eu\/de\/trip-report-apd-provide-the-life-support-for-james-camerons-deepest-dive-march-2012\/\"><i class=\"fa fa-calendar\"><\/i>&nbsp;&nbsp;March 26, 2012<\/a><\/p>\n    \n    <div class=\"entry-title\"><h2><a href=\"https:\/\/www.apdiving.eu\/de\/trip-report-apd-provide-the-life-support-for-james-camerons-deepest-dive-march-2012\/\">Tourbericht: AP Diving stellt die lebenserhaltenden Systeme f\u00fcr James Camerons tiefsten Tauchgang im M\u00e4rz 2012 bereit<\/a><\/h2><\/div>\n        <a href=\"https:\/\/www.apdiving.eu\/de\/trip-report-apd-provide-the-life-support-for-james-camerons-deepest-dive-march-2012\/\" class=\"featured-image\" style=\"background-image:url(https:\/\/www.apdiving.eu\/de\/wp-content\/uploads\/rebreathers-bcds-scuba-trip-reports-james-cameron-deepsea-challenge-1-apdiving.png)\"><\/a>\n    <div class=\"entry-summary\">\n        <p class=\"post-excerpt\"><p>AP Diving gratuliert James Cameron und dem Deapsea Challenge Team zu ihrer erfolgreichen Tauchfahrt zum tiefsten Punkt der Ozeane \u2013 in die Tiefe von 10.898 m \/ 36.070 Fu\u00df im Marianengraben.<\/p>\n<\/p>\n    <\/div>\n   \n    <span style=\"display:block; clear:both; height:1px;\"><\/span>\n\t<div><a href=\"https:\/\/www.apdiving.eu\/de\/trip-report-apd-provide-the-life-support-for-james-camerons-deepest-dive-march-2012\/\" class=\"post-read-more\">Mehr&nbsp;&nbsp;<i class=\"fa fa-angle-right\"><\/i><\/a><\/div>\n\n<\/div>\n    <div class=\"ap-post-entry\">\n    \n    <p class=\"entry-date\"><a href=\"https:\/\/www.apdiving.eu\/de\/trip-report-university-of-hawaii-deep-coral-reef-study\/\"><i class=\"fa fa-calendar\"><\/i>&nbsp;&nbsp;February 23, 2011<\/a><\/p>\n    \n    <div class=\"entry-title\"><h2><a href=\"https:\/\/www.apdiving.eu\/de\/trip-report-university-of-hawaii-deep-coral-reef-study\/\">Tourbericht: Studie der University of Hawaii am tiefen Korallenriff<\/a><\/h2><\/div>\n        <a href=\"https:\/\/www.apdiving.eu\/de\/trip-report-university-of-hawaii-deep-coral-reef-study\/\" class=\"featured-image\" style=\"background-image:url(https:\/\/www.apdiving.eu\/de\/wp-content\/uploads\/rebreathers-bcds-scuba-trip-reports-university-of-hawaii-1-apdiving.jpg)\"><\/a>\n    <div class=\"entry-summary\">\n        <p class=\"post-excerpt\"><p>Es handelt sich hier um ein gemeinsames Projekt der University of Hawaii, dem Bishop Museum und dem State of Hawaii Department of Land and Natural Resources, in dem unsere CCRs und das Tauchboot des Hawaii Undersea Research Laboratory (das sub Pisces-V) zum Einsatz kamen. Es folgt ein Hintergrundbericht von Richard zu unserer Beteiligung an diesem Projekt,<\/p>\n<\/p>\n    <\/div>\n   \n    <span style=\"display:block; clear:both; height:1px;\"><\/span>\n\t<div><a href=\"https:\/\/www.apdiving.eu\/de\/trip-report-university-of-hawaii-deep-coral-reef-study\/\" class=\"post-read-more\">Mehr&nbsp;&nbsp;<i class=\"fa fa-angle-right\"><\/i><\/a><\/div>\n\n<\/div>\n    <div class=\"ap-post-entry\">\n    \n    <p class=\"entry-date\"><a href=\"https:\/\/www.apdiving.eu\/de\/eport-australian-geographic-explorers-club-expedition\/\"><i class=\"fa fa-calendar\"><\/i>&nbsp;&nbsp;November 23, 2010<\/a><\/p>\n    \n    <div class=\"entry-title\"><h2><a href=\"https:\/\/www.apdiving.eu\/de\/eport-australian-geographic-explorers-club-expedition\/\">Australian Geographic &#038; Explorers Club Expedition<\/a><\/h2><\/div>\n        <a href=\"https:\/\/www.apdiving.eu\/de\/eport-australian-geographic-explorers-club-expedition\/\" class=\"featured-image\" style=\"background-image:url(https:\/\/www.apdiving.eu\/de\/wp-content\/uploads\/rebreathers-bcds-scuba-trip-reports-australian-geopraphic-explorers-club-1-apdiving.jpg)\"><\/a>\n    <div class=\"entry-summary\">\n        <p class=\"post-excerpt\"><p>16 Dives in the Malacca Straits exploring the HIJMS Haguro. Quite a trip!<\/p>\n<\/p>\n    <\/div>\n   \n    <span style=\"display:block; clear:both; height:1px;\"><\/span>\n\t<div><a href=\"https:\/\/www.apdiving.eu\/de\/eport-australian-geographic-explorers-club-expedition\/\" class=\"post-read-more\">Mehr&nbsp;&nbsp;<i class=\"fa fa-angle-right\"><\/i><\/a><\/div>\n\n<\/div>\n    <\/p><\/div><\/div><\/div><div id=\"pgc-1085-0-2\"  class=\"panel-grid-cell panel-grid-cell-empty\" ><\/div><\/div><!--vgRowWrapper--><\/div><\/div><\/div>","protected":false},"excerpt":{"rendered":"<p>&nbsp; &nbsp; 24-Weltrekord-Tauchgang Posted on November 28, 2014 in EXPEDITIONSBERICHTE | Edit \u201cGOMBESSA II\u201d Expedition 2014 \u2013 24-Weltrekord-Tauchgang Read More Tourbericht: Kuda Maru \u2013 Expedition zum Japanischen Gold-Wrack (aus dem 2. Weltkrieg) Posted on May 10, 2012 in EXPEDITIONSBERICHTE | Edit In der ersten Maiwoche 2012 unternahm ein wagemutiges Team von technischen Tauchern vor der <a href=\"https:\/\/www.apdiving.eu\/de\/eport-australian-geographic-explorers-club-expedition\/\">[Read More &hellip;]<\/a><\/p>\n","protected":false},"author":4,"featured_media":0,"parent":1079,"menu_order":0,"comment_status":"open","ping_status":"open","template":"","meta":{"footnotes":""},"class_list":["post-1085","page","type-page","status-publish","hentry"],"_links":{"self":[{"href":"https:\/\/www.apdiving.eu\/de\/wp-json\/wp\/v2\/pages\/1085","targetHints":{"allow":["GET"]}}],"collection":[{"href":"https:\/\/www.apdiving.eu\/de\/wp-json\/wp\/v2\/pages"}],"about":[{"href":"https:\/\/www.apdiving.eu\/de\/wp-json\/wp\/v2\/types\/page"}],"author":[{"embeddable":true,"href":"https:\/\/www.apdiving.eu\/de\/wp-json\/wp\/v2\/users\/4"}],"replies":[{"embeddable":true,"href":"https:\/\/www.apdiving.eu\/de\/wp-json\/wp\/v2\/comments?post=1085"}],"version-history":[{"count":2,"href":"https:\/\/www.apdiving.eu\/de\/wp-json\/wp\/v2\/pages\/1085\/revisions"}],"predecessor-version":[{"id":5324,"href":"https:\/\/www.apdiving.eu\/de\/wp-json\/wp\/v2\/pages\/1085\/revisions\/5324"}],"up":[{"embeddable":true,"href":"https:\/\/www.apdiving.eu\/de\/wp-json\/wp\/v2\/pages\/1079"}],"wp:attachment":[{"href":"https:\/\/www.apdiving.eu\/de\/wp-json\/wp\/v2\/media?parent=1085"}],"curies":[{"name":"wp","href":"https:\/\/api.w.org\/{rel}","templated":true}]}}