{"id":1079,"date":"2013-12-08T11:19:39","date_gmt":"2013-12-08T11:19:39","guid":{"rendered":"http:\/\/ap.msurl.net\/blog\/?page_id=1079"},"modified":"2025-05-07T11:19:00","modified_gmt":"2025-05-07T11:19:00","slug":"community","status":"publish","type":"page","link":"https:\/\/www.apdiving.eu\/de\/community\/","title":{"rendered":"COMMUNITY"},"content":{"rendered":"<div id=\"pl-1079\"  class=\"panel-layout\" ><div id=\"pg-1079-0\"  class=\"panel-grid panel-no-style\" ><div class=\"vgRowWrapper\"><div id=\"pgc-1079-0-0\"  class=\"panel-grid-cell\" ><div id=\"panel-1079-0-0-0\" class=\"so-panel widget widget_black-studio-tinymce widget_black_studio_tinymce panel-first-child panel-last-child\" data-index=\"0\" ><h3 class=\"widget-title\">Willkommen in der AP Diving Community\u2026<\/h3><div class=\"textwidget\"><h2 style=\"text-align: center;\">Willkommen in der AP Diving Community\u2026<\/h2><p style=\"text-align: left;\"><span style=\"font-size: 16px; line-height: 1.5;\">Erfahren Sie alles zu unseren Neuheiten, neuen Produkten und Events auf denen wir vertreten sind. Lesen Sie spannende Berichte von Sporttauchern und solchen, die das Tauchen zum Beruf gemacht haben und wie sie neue und ungew\u00f6hnliche Orte mit AP-Tauchausr\u00fcstung erkundet haben. Wollen Sie aus erster Hand erfahren, was Taucher die mit AP-Ger\u00e4t ins Wasser gehen wirklich \u00fcber unsere Ausr\u00fcstung denken? Hier finden Sie au\u00dferdem Meinungen und Erfahrungsberichte von Tauchern aus allen Bereichen, von Sport- wie Berufstauchern, ebenso wie Presse-\/Testberichte zu AP-Ausr\u00fcstung.<\/span><\/p><\/div><\/div><\/div><\/div><!--vgRowWrapper--><\/div><div id=\"pg-1079-1\"  class=\"panel-grid panel-has-style\" ><div class=\"vgfull  panel-row-style panel-row-style-for-1079-1\" ><div class=\"vgRowWrapper\"><div id=\"pgc-1079-1-0\"  class=\"panel-grid-cell\" ><div class=\"vgNews\"><a href=\"https:\/\/www.apdiving.eu\/de\/news-blog\/\"><h2>NEUHEITEN<\/h2><\/a><\/a><hr \/><h3><a href=\"https:\/\/www.apdiving.eu\/de\/produkt-update-vliesfilter-fur-kalkbehalter\/\">Produkt Update: Vliesfilter f\u00fcr Kalkbeh\u00e4lter<\/a><\/h3><a href=\"https:\/\/www.apdiving.eu\/de\/produkt-update-vliesfilter-fur-kalkbehalter\/\"><img decoding=\"async\" src=\"https:\/\/www.apdiving.eu\/de\/wp-content\/uploads\/scrim-news-150x150-copy-150x100.jpg\" style=\"display:inline; float:left; margin-bottom:10px; margin-right:10px;\"  \/><\/a><div style=\" margin-left:10px;\"><p>Die Vliesfilter welche am Boden und am oberen Ende des Kalkbeh\u00e4lters eingesetzt werden, wurden \u00fcberarbeitet und bestehen nun aus einem dickeren\/steiferen Material, welches an den R\u00e4ndern nicht mehr so leicht ausfranst.<\/p>\n<\/div><hr style=\"clear:both;\"\/><h3><a href=\"https:\/\/www.apdiving.eu\/de\/upcoming-shows-2025\/\">TAUCHMESSEN<\/a><\/h3><a href=\"https:\/\/www.apdiving.eu\/de\/upcoming-shows-2025\/\"><img decoding=\"async\" src=\"https:\/\/www.apdiving.eu\/de\/wp-content\/uploads\/dive-show-preview-de-150x100.jpg\" style=\"display:inline; float:left; margin-bottom:10px; margin-right:10px;\"  \/><\/a><div style=\" margin-left:10px;\"><p>Besuchen Sie uns auf folgenden Dive Shows.<\/p>\n<\/div><hr style=\"clear:both;\"\/><\/div><\/div><div id=\"pgc-1079-1-1\"  class=\"panel-grid-cell\" ><div class=\"vgNews\"><a href=\"https:\/\/www.apdiving.eu\/de\/news-blog\/\"><h2>EXPEDITIONSBERICHTE<\/h2><\/a><\/a><hr \/><h3><a href=\"https:\/\/www.apdiving.eu\/de\/tamataroa1\/\">TAMATAROA 1 \u2013 Die Untersuchung des Gro\u00dfen Hammerhais<\/a><\/h3><a href=\"https:\/\/www.apdiving.eu\/de\/tamataroa1\/\"><img decoding=\"async\" src=\"https:\/\/www.apdiving.eu\/de\/wp-content\/uploads\/laurent-1200-150x100.jpg\" style=\"display:inline; float:left; margin-bottom:10px; margin-right:10px;\"  \/><\/a><div style=\" margin-left:10px;\"><p>TAMATAROA 1 \u2013 Laurent Ballestas neueste Mission: den Gt-Hammerhai in Franz\u00f6sisch-Polynesien zu sch\u00fctzen \u2026<\/p>\n<\/div><hr style=\"clear:both;\"\/><h3><a href=\"https:\/\/www.apdiving.eu\/de\/the-gombessa-ii-expedition-2014\/\">24-Weltrekord-Tauchgang<\/a><\/h3><a href=\"https:\/\/www.apdiving.eu\/de\/the-gombessa-ii-expedition-2014\/\"><img decoding=\"async\" src=\"https:\/\/www.apdiving.eu\/de\/wp-content\/uploads\/rebreathers-bcds-scuba-trip-reports-24hour-featured-image-apdiving-150x150-150x100.jpg\" style=\"display:inline; float:left; margin-bottom:10px; margin-right:10px;\"  \/><\/a><div style=\" margin-left:10px;\"><p>\u201cGOMBESSA II\u201d Expedition 2014 - 24-Weltrekord-Tauchgang<\/p>\n<\/div><hr style=\"clear:both;\"\/><\/div><\/div><\/div><!--vgRowWrapper--><\/div><\/div><div id=\"pg-1079-2\"  class=\"panel-grid panel-has-style\" ><div class=\"vgfull  panel-row-style panel-row-style-for-1079-2\" ><div class=\"vgRowWrapper\"><div id=\"pgc-1079-2-0\"  class=\"panel-grid-cell\" ><div id=\"panel-1079-2-0-0\" class=\"so-panel widget widget_black-studio-tinymce widget_black_studio_tinymce panel-first-child panel-last-child\" data-index=\"3\" ><h3 class=\"widget-title\">Machen Sie mit\u2026<\/h3><div class=\"textwidget\"><p>Wir sind interessiert an Ihren Erlebnissen und Abenteuern mit unserer Ausr\u00fcstung, den faszinierenden Orten an denen Sie gewesen sind, was Sie Besonderes gesehen und erlebt haben. Daher m\u00f6chten wir Sie aufrufen, uns Ihre Geschichten, Fotos und Videos zu schicken, damit wir\u00a0 diese mit allen Tauchbegeisterten weltweit teilen k\u00f6nnen. Senden Sie uns eine E-Mail mit Ihrem Beitrag an <a href=\"mailto:gallery@apdiving.com\">gallery@apdiving.com<\/a> und vergessen Sie nicht die Namen der Urheber Ihrer Einsendung zu benennen (Autor, Fotograf). Sollte auf einzelne Inhalte (z.B. Bilder) ein Copyright bestehen, ben\u00f6tigen wir ebenso die schriftliche Autorisierung des jeweiligen Urhebers, damit wir diese auf unserer Website zeigen k\u00f6nnen.<\/p><\/div><\/div><\/div><\/div><!--vgRowWrapper--><\/div><\/div><div id=\"pg-1079-3\"  class=\"panel-grid panel-has-style\" ><div class=\"vgfull vg-spacing panel-row-style panel-row-style-for-1079-3\" ><div class=\"vgRowWrapper\"><div id=\"pgc-1079-3-0\"  class=\"panel-grid-cell panel-grid-cell-empty\" ><\/div><div id=\"pgc-1079-3-1\"  class=\"panel-grid-cell panel-grid-cell-mobile-last\" ><div id=\"panel-1079-3-1-0\" class=\"so-panel widget widget_black-studio-tinymce widget_black_studio_tinymce panel-first-child panel-last-child\" data-index=\"4\" ><h3 class=\"widget-title\">Facebook<\/h3><div class=\"textwidget\"><div class=\"fb-like-box\" data-href=\"https:\/\/www.facebook.com\/APDiving\" data-width=\"485\" data-height=\"500\" data-colorscheme=\"light\" data-show-faces=\"true\" data-header=\"true\" data-stream=\"true\" data-show-border=\"true\">\u00a0<\/div>\n<\/div><\/div><\/div><div id=\"pgc-1079-3-2\"  class=\"panel-grid-cell panel-grid-cell-empty\" ><\/div><\/div><!--vgRowWrapper--><\/div><\/div><\/div>","protected":false},"excerpt":{"rendered":"<p>Willkommen in der AP Diving Community\u2026Erfahren Sie alles zu unseren Neuheiten, neuen Produkten und Events auf denen wir vertreten sind. Lesen Sie spannende Berichte von Sporttauchern und solchen, die das Tauchen zum Beruf gemacht haben und wie sie neue und ungew\u00f6hnliche Orte mit AP-Tauchausr\u00fcstung erkundet haben. Wollen Sie aus erster Hand erfahren, was Taucher die <a href=\"https:\/\/www.apdiving.eu\/de\/community\/\">[Read More &hellip;]<\/a><\/p>\n","protected":false},"author":4,"featured_media":0,"parent":0,"menu_order":0,"comment_status":"open","ping_status":"open","template":"","meta":{"footnotes":""},"class_list":["post-1079","page","type-page","status-publish","hentry"],"_links":{"self":[{"href":"https:\/\/www.apdiving.eu\/de\/wp-json\/wp\/v2\/pages\/1079","targetHints":{"allow":["GET"]}}],"collection":[{"href":"https:\/\/www.apdiving.eu\/de\/wp-json\/wp\/v2\/pages"}],"about":[{"href":"https:\/\/www.apdiving.eu\/de\/wp-json\/wp\/v2\/types\/page"}],"author":[{"embeddable":true,"href":"https:\/\/www.apdiving.eu\/de\/wp-json\/wp\/v2\/users\/4"}],"replies":[{"embeddable":true,"href":"https:\/\/www.apdiving.eu\/de\/wp-json\/wp\/v2\/comments?post=1079"}],"version-history":[{"count":7,"href":"https:\/\/www.apdiving.eu\/de\/wp-json\/wp\/v2\/pages\/1079\/revisions"}],"predecessor-version":[{"id":8514,"href":"https:\/\/www.apdiving.eu\/de\/wp-json\/wp\/v2\/pages\/1079\/revisions\/8514"}],"wp:attachment":[{"href":"https:\/\/www.apdiving.eu\/de\/wp-json\/wp\/v2\/media?parent=1079"}],"curies":[{"name":"wp","href":"https:\/\/api.w.org\/{rel}","templated":true}]}}